{"id":148470,"date":"2026-01-24T00:00:00","date_gmt":"2026-01-24T05:00:00","guid":{"rendered":"https:\/\/gpl-love.com\/es\/producto\/spectra-pro\/"},"modified":"2026-03-09T08:42:12","modified_gmt":"2026-03-09T13:42:12","slug":"spectra-pro","status":"publish","type":"product","link":"https:\/\/gpl-love.com\/es\/producto\/spectra-pro\/","title":{"rendered":"Spectra Pro 1.2.9"},"content":{"rendered":"<h3>Spectra Pro Caracteristicas<\/h3>\n<p>Spectra Pro es un complemento de WordPress excepcionalmente robusto y vers\u00e1til dise\u00f1ado para aumentar sustancialmente las capacidades y la eficiencia de su sitio web. El complemento viene lleno de una amplia selecci\u00f3n de herramientas y caracter\u00edsticas meticulosamente dise\u00f1adas para proporcionar una experiencia simplificada e intuitiva para los administradores y administradores de contenido del sitio web. Ya sea que est\u00e9 buscando hacer mejoras t\u00e9cnicas o mejorar los elementos visuales, Spectra Pro est\u00e1 listo para ayudar.<\/p>\n<ul>\n<li>Rendimiento mejorado del sitio web con tiempos de carga m\u00e1s r\u00e1pidos<\/li>\n<li>Mecanismo de almacenamiento de almacenamiento sofisticado para aumentar la velocidad del sitio<\/li>\n<li>Compresi\u00f3n de imagen efectiva para minimizar el tama\u00f1o mientras mantiene la calidad<\/li>\n<li>La reducci\u00f3n y fusi\u00f3n automatizada de CSS y JavaScript para optimizar el manejo de archivos<\/li>\n<li>Carga progresiva de imagen y video para disminuir la duraci\u00f3n de la carga de la p\u00e1gina inicial<\/li>\n<li>Integraci\u00f3n nativa con redes de entrega de contenido para una distribuci\u00f3n de contenido m\u00e1s r\u00e1pida<\/li>\n<li>Estructura de codificaci\u00f3n refinada para aumentar la compatibilidad con diversos temas y complementos<\/li>\n<li>Compatibilidad extensa con Google Fonts e Integraci\u00f3n de Google Analytics perfectas<\/li>\n<li>Compresi\u00f3n GZIP activa para reducir los archivos HTML, CSS y JavaScript<\/li>\n<li>Compatibilidad perfecta con complementos de almacenamiento en cach\u00e9 l\u00edderes para actualizaciones de rendimiento adicionales<\/li>\n<\/ul>\n","protected":false},"excerpt":{"rendered":"<p>Spectra Pro se erige como un complemento robusto de WordPress dise\u00f1ado para transformar la forma en que construye sitios web. Atacando a las necesidades de expertos experimentados y novatos, permite a los usuarios crear sitios web visualmente cautivadores sin requerir ninguna destreza de codificaci\u00f3n o dise\u00f1o. Hecho a mano para una integraci\u00f3n impecable con el editor predeterminado de WordPress, Spectra Pro emerge como una herramienta de creaci\u00f3n de sitios web excepcionalmente f\u00e1cil de usar.<\/p>\n","protected":false},"featured_media":169008,"comment_status":"open","ping_status":"open","template":"","meta":[],"product_brand":[2366],"product_cat":[1214,1206,1211],"product_tag":[2296],"class_list":{"0":"post-148470","1":"product","2":"type-product","3":"status-publish","4":"has-post-thumbnail","6":"product_brand-brainstorm-force","7":"product_cat-personalizacion","8":"product_cat-plugins","9":"product_cat-wordpress-plugins","10":"product_tag-brainstorm-force","11":"member-discount","12":"discount-restricted","14":"first","15":"instock","16":"sale","17":"downloadable","18":"virtual","19":"sold-individually","20":"purchasable","21":"product-type-simple"},"_links":{"self":[{"href":"https:\/\/gpl-love.com\/es\/wp-json\/wp\/v2\/product\/148470","targetHints":{"allow":["GET"]}}],"collection":[{"href":"https:\/\/gpl-love.com\/es\/wp-json\/wp\/v2\/product"}],"about":[{"href":"https:\/\/gpl-love.com\/es\/wp-json\/wp\/v2\/types\/product"}],"replies":[{"embeddable":true,"href":"https:\/\/gpl-love.com\/es\/wp-json\/wp\/v2\/comments?post=148470"}],"wp:featuredmedia":[{"embeddable":true,"href":"https:\/\/gpl-love.com\/es\/wp-json\/wp\/v2\/media\/169008"}],"wp:attachment":[{"href":"https:\/\/gpl-love.com\/es\/wp-json\/wp\/v2\/media?parent=148470"}],"wp:term":[{"taxonomy":"product_brand","embeddable":true,"href":"https:\/\/gpl-love.com\/es\/wp-json\/wp\/v2\/product_brand?post=148470"},{"taxonomy":"product_cat","embeddable":true,"href":"https:\/\/gpl-love.com\/es\/wp-json\/wp\/v2\/product_cat?post=148470"},{"taxonomy":"product_tag","embeddable":true,"href":"https:\/\/gpl-love.com\/es\/wp-json\/wp\/v2\/product_tag?post=148470"}],"curies":[{"name":"wp","href":"https:\/\/api.w.org\/{rel}","templated":true}]}}