{"id":147662,"date":"2025-12-04T00:00:00","date_gmt":"2025-12-04T05:00:00","guid":{"rendered":"https:\/\/gpl-love.com\/es\/producto\/ultimate-member-groups-2-4-2\/"},"modified":"2026-03-09T08:42:11","modified_gmt":"2026-03-09T13:42:11","slug":"ultimate-member-groups-2-4-2","status":"publish","type":"product","link":"https:\/\/gpl-love.com\/es\/producto\/ultimate-member-groups-2-4-2\/","title":{"rendered":"Ultimate Member Groups 2.5.0"},"content":{"rendered":"<h3>Ultimate Member Groups Caracteristicas<\/h3>\n<p>Ultimate Member Groups es un producto innovador dise\u00f1ado para mejorar la funcionalidad y la experiencia del usuario de su sitio web. Este complemento de vanguardia le permite crear y administrar grupos de usuarios de manera eficiente y sin esfuerzo. Proporciona una plataforma donde los miembros pueden comunicarse, colaborar y compartir ideas de manera efectiva. Ultimate Member Groups tambi\u00e9n ofrece caracter\u00edsticas \u00fanicas como acceso privado de grupo, roles de usuario personalizados y contenido espec\u00edfico de grupo que le permite adaptar sus grupos de usuarios de acuerdo con sus necesidades espec\u00edficas. Es f\u00e1cil de usar, f\u00e1cil de instalar e integrar, lo que lo convierte en una herramienta esencial para cualquier sitio web. Mejore la sensaci\u00f3n de la comunidad de su sitio web y la participaci\u00f3n del usuario con los grupos miembros de Ultimate.<\/p>\n<ul>\n<li>Ultimate Member Groups es una plataforma en l\u00ednea premium dise\u00f1ada para administrar diferentes grupos de usuarios de manera efectiva.<\/li>\n<li>Proporciona una forma conveniente y eficiente para que los administradores organicen los miembros de su sitio en grupos espec\u00edficos.<\/li>\n<li>La plataforma ofrece una interfaz f\u00e1cil de usar, que permite a los miembros unirse o dejar grupos en funci\u00f3n de sus preferencias.<\/li>\n<li>Los grupos miembros de Ultimate permiten la creaci\u00f3n de grupos ilimitados, brindando oportunidades para diversas discusiones y conexiones.<\/li>\n<li>Tambi\u00e9n incluye una caracter\u00edstica para que los administradores del grupo aprueben o rechacen las solicitudes de membres\u00eda, asegurando la integridad de cada grupo.<\/li>\n<li>Con la configuraci\u00f3n de privacidad, los grupos pueden hacerse p\u00fablicos, privados o ocultos seg\u00fan el requisito, proporcionando un entorno seguro para los usuarios.<\/li>\n<li>La plataforma tambi\u00e9n permite a los l\u00edderes grupales enviar mensajes o notificaciones, fomentando una mejor comunicaci\u00f3n.<\/li>\n<li>Los grupos de miembros Ultimate admiten una integraci\u00f3n perfecta con otros complementos de miembros finales, proporcionando una soluci\u00f3n integral de administraci\u00f3n de usuarios.<\/li>\n<li>Es una excelente herramienta para sitios web de la comunidad, sitios de membres\u00eda y cualquier plataforma que requiera grupos de usuarios organizados y manejables.<\/li>\n<\/ul>\n","protected":false},"excerpt":{"rendered":"<p>El t\u00e9rmino &#8216;grupos de miembros finales&#8217; se refiere a una categor\u00eda o clasificaci\u00f3n espec\u00edfica dentro de un sistema u organizaci\u00f3n m\u00e1s grande que se centra principalmente en crear un sistema de gesti\u00f3n y interacci\u00f3n de grupo m\u00e1s mejorado y eficiente. Este sistema est\u00e1 dise\u00f1ado para promover un proceso de comunicaci\u00f3n y colaboraci\u00f3n m\u00e1s simplificado entre sus miembros. Adem\u00e1s, estos grupos se establecen con el objetivo final de garantizar que la funcionalidad general y la productividad del grupo u organizaci\u00f3n mejoren y mantengan constantemente a un alto nivel.<\/p>\n","protected":false},"featured_media":169007,"comment_status":"open","ping_status":"open","template":"","meta":[],"product_brand":[2583],"product_cat":[1325,1206,1211],"product_tag":[2245],"class_list":{"0":"post-147662","1":"product","2":"type-product","3":"status-publish","4":"has-post-thumbnail","6":"product_brand-ultimate-member","7":"product_cat-afiliacion","8":"product_cat-plugins","9":"product_cat-wordpress-plugins","10":"product_tag-ultimate-member","11":"member-discount","12":"discount-restricted","14":"first","15":"instock","16":"sale","17":"downloadable","18":"virtual","19":"sold-individually","20":"purchasable","21":"product-type-simple"},"_links":{"self":[{"href":"https:\/\/gpl-love.com\/es\/wp-json\/wp\/v2\/product\/147662","targetHints":{"allow":["GET"]}}],"collection":[{"href":"https:\/\/gpl-love.com\/es\/wp-json\/wp\/v2\/product"}],"about":[{"href":"https:\/\/gpl-love.com\/es\/wp-json\/wp\/v2\/types\/product"}],"replies":[{"embeddable":true,"href":"https:\/\/gpl-love.com\/es\/wp-json\/wp\/v2\/comments?post=147662"}],"wp:featuredmedia":[{"embeddable":true,"href":"https:\/\/gpl-love.com\/es\/wp-json\/wp\/v2\/media\/169007"}],"wp:attachment":[{"href":"https:\/\/gpl-love.com\/es\/wp-json\/wp\/v2\/media?parent=147662"}],"wp:term":[{"taxonomy":"product_brand","embeddable":true,"href":"https:\/\/gpl-love.com\/es\/wp-json\/wp\/v2\/product_brand?post=147662"},{"taxonomy":"product_cat","embeddable":true,"href":"https:\/\/gpl-love.com\/es\/wp-json\/wp\/v2\/product_cat?post=147662"},{"taxonomy":"product_tag","embeddable":true,"href":"https:\/\/gpl-love.com\/es\/wp-json\/wp\/v2\/product_tag?post=147662"}],"curies":[{"name":"wp","href":"https:\/\/api.w.org\/{rel}","templated":true}]}}