{"id":147661,"date":"2024-11-29T00:00:00","date_gmt":"2024-11-29T05:00:00","guid":{"rendered":"https:\/\/gpl-love.com\/es\/producto\/ultimate-member-user-photos-2-1-5\/"},"modified":"2026-03-09T08:42:10","modified_gmt":"2026-03-09T13:42:10","slug":"ultimate-member-user-photos-2-1-5","status":"publish","type":"product","link":"https:\/\/gpl-love.com\/es\/producto\/ultimate-member-user-photos-2-1-5\/","title":{"rendered":"Ultimate Member User Photos 2.2.0"},"content":{"rendered":"<h3>Ultimate Member User Photos Caracteristicas<\/h3>\n<p>Ultimate Member User Photos es un producto innovador dise\u00f1ado para mejorar la funcionalidad de su sitio web. Este complemento permite a los miembros cargar y administrar sus colecciones de fotos de manera efectiva en su sitio. Se integra a la perfecci\u00f3n con el complemento de miembro Ultimate, lo que permite a los usuarios crear, administrar y eliminar sus \u00e1lbumes de fotos con facilidad. Los usuarios tambi\u00e9n pueden etiquetar a sus amigos, agregar descripciones a las fotos y establecer opciones de privacidad para cada \u00e1lbum. Esta herramienta proporciona una plataforma para la interacci\u00f3n y el compromiso del usuario, lo que hace que su sitio web sea m\u00e1s din\u00e1mico y f\u00e1cil de usar. Ultimate Member User Photos es una excelente opci\u00f3n para los sitios web de la comunidad, que ofrece una forma simple y eficiente para que los miembros compartan fotos y creen conexiones con otros.<\/p>\n<ul>\n<li>Ultimate Member User Photos es una herramienta integral dise\u00f1ada para mejorar la experiencia del usuario en los sitios web de membres\u00eda.<\/li>\n<li>Permite a los usuarios cargar, administrar y compartir sus fotos en sus perfiles, promover la interacci\u00f3n y el compromiso en la plataforma.<\/li>\n<li>El producto proporciona una interfaz f\u00e1cil para cargar fotos y la capacidad de crear y administrar \u00e1lbumes de fotos.<\/li>\n<li>Los usuarios pueden ajustar la configuraci\u00f3n de privacidad para cada foto o \u00e1lbum, decidiendo qui\u00e9n puede ver o comentar sus im\u00e1genes.<\/li>\n<li>La herramienta est\u00e1 totalmente integrada con Ultimate Member, un complemento popular de WordPress para crear comunidades y sitios de membres\u00eda avanzados en l\u00ednea.<\/li>\n<li>Ultimate Member User Photos es receptivo y amigable con los dispositivos m\u00f3viles, lo que garantiza una experiencia sin problemas en todos los dispositivos.<\/li>\n<li>El producto est\u00e1 dise\u00f1ado para fomentar m\u00e1s contenido generado por el usuario y aumentar la participaci\u00f3n del usuario en su plataforma.<\/li>\n<\/ul>\n","protected":false},"excerpt":{"rendered":"<p>El producto final se refiere a una caracter\u00edstica dise\u00f1ada espec\u00edficamente para los miembros, que es la capacidad de cargar, mostrar y administrar im\u00e1genes personales. Esta caracter\u00edstica, en adelante, conocida como &#8216;fotos de los usuarios de miembros finales&#8217;, refuerza la experiencia personalizada del usuario al proporcionar una v\u00eda para que las personas se expresen visualmente dentro de la comunidad de la plataforma.<\/p>\n","protected":false},"featured_media":169006,"comment_status":"open","ping_status":"open","template":"","meta":[],"product_brand":[2583],"product_cat":[1325,1206,1211],"product_tag":[2245],"class_list":{"0":"post-147661","1":"product","2":"type-product","3":"status-publish","4":"has-post-thumbnail","6":"product_brand-ultimate-member","7":"product_cat-afiliacion","8":"product_cat-plugins","9":"product_cat-wordpress-plugins","10":"product_tag-ultimate-member","11":"member-discount","12":"discount-restricted","14":"first","15":"instock","16":"sale","17":"downloadable","18":"virtual","19":"sold-individually","20":"purchasable","21":"product-type-simple"},"_links":{"self":[{"href":"https:\/\/gpl-love.com\/es\/wp-json\/wp\/v2\/product\/147661","targetHints":{"allow":["GET"]}}],"collection":[{"href":"https:\/\/gpl-love.com\/es\/wp-json\/wp\/v2\/product"}],"about":[{"href":"https:\/\/gpl-love.com\/es\/wp-json\/wp\/v2\/types\/product"}],"replies":[{"embeddable":true,"href":"https:\/\/gpl-love.com\/es\/wp-json\/wp\/v2\/comments?post=147661"}],"wp:featuredmedia":[{"embeddable":true,"href":"https:\/\/gpl-love.com\/es\/wp-json\/wp\/v2\/media\/169006"}],"wp:attachment":[{"href":"https:\/\/gpl-love.com\/es\/wp-json\/wp\/v2\/media?parent=147661"}],"wp:term":[{"taxonomy":"product_brand","embeddable":true,"href":"https:\/\/gpl-love.com\/es\/wp-json\/wp\/v2\/product_brand?post=147661"},{"taxonomy":"product_cat","embeddable":true,"href":"https:\/\/gpl-love.com\/es\/wp-json\/wp\/v2\/product_cat?post=147661"},{"taxonomy":"product_tag","embeddable":true,"href":"https:\/\/gpl-love.com\/es\/wp-json\/wp\/v2\/product_tag?post=147661"}],"curies":[{"name":"wp","href":"https:\/\/api.w.org\/{rel}","templated":true}]}}