{"id":147577,"date":"2025-12-07T00:00:00","date_gmt":"2025-12-07T05:00:00","guid":{"rendered":"https:\/\/gpl-love.com\/es\/producto\/ultimate-member-followers\/"},"modified":"2026-03-09T08:42:09","modified_gmt":"2026-03-09T13:42:09","slug":"ultimate-member-followers","status":"publish","type":"product","link":"https:\/\/gpl-love.com\/es\/producto\/ultimate-member-followers\/","title":{"rendered":"Ultimate Member Followers 2.3.5"},"content":{"rendered":"<h3>Ultimate Member Followers Caracteristicas<\/h3>\n<p>The Ultimate Miember Searters es un complemento incre\u00edble dise\u00f1ado para mejorar la funcionalidad de su sitio web. Permite que sus usuarios se sigan entre s\u00ed, similar a las plataformas de redes sociales. Este complemento puede aumentar dr\u00e1sticamente la participaci\u00f3n e interacci\u00f3n del usuario en su sitio, creando un sentido de comunidad y conexi\u00f3n entre sus usuarios. Viene con una interfaz f\u00e1cil de usar, lo que hace que sea simple administrar seguidores y seguidores. Con Ultimate Member Sabors, tambi\u00e9n puede controlar qui\u00e9n puede seguir qui\u00e9n, agregando una capa adicional de privacidad y seguridad. Es altamente personalizable y compatible con la mayor\u00eda de los temas, lo que garantiza una integraci\u00f3n perfecta con su sitio web existente. Aumente la experiencia de usuario y la participaci\u00f3n de su sitio web con el mejor complemento de seguidores para miembros.<\/p>\n<ul>\n<li>Ultimate Member Sigeers es un complemento integral dise\u00f1ado para mejorar la interacci\u00f3n del usuario en su sitio web.<\/li>\n<li>Este producto permite a los usuarios seguir y dejar de seguir entre s\u00ed, mejorando la conectividad e interactividad.<\/li>\n<li>Cuenta con una integraci\u00f3n completa con el complemento de miembro Ultimate para proporcionar una experiencia de usuario perfecta.<\/li>\n<li>Con los seguidores miembros de Ultimate, los usuarios pueden ver f\u00e1cilmente el recuento de seguidores que tienen y a qui\u00e9n est\u00e1n siguiendo.<\/li>\n<li>El complemento tambi\u00e9n proporciona notificaciones por correo electr\u00f3nico para seguir y dejar de seguir las acciones, manteniendo a los usuarios actualizados sobre su actividad de seguidores.<\/li>\n<li>Ultimate Member Selecters tiene opciones para la configuraci\u00f3n de privacidad, lo que permite a los usuarios controlar qui\u00e9n puede seguirlos.<\/li>\n<li>Es una excelente herramienta para impulsar la participaci\u00f3n del usuario y promover conexiones entre los miembros de su comunidad en l\u00ednea o red social.<\/li>\n<li>El complemento es f\u00e1cil de instalar y configurar, que no requiere conocimientos t\u00e9cnicos avanzados de los usuarios.<\/li>\n<\/ul>\n","protected":false},"excerpt":{"rendered":"<p>La caracter\u00edstica que se conoce como \u00abseguidores de miembros finales\u00bb es esencialmente un mecanismo que permite a los usuarios cultivar un grupo de seguidores dentro de una determinada plataforma digital. Esta caracter\u00edstica en particular a menudo se emplea para fomentar un sentido de comunidad y compromiso, lo que permite a los usuarios interactuar e interactuar entre s\u00ed en un nivel m\u00e1s personal. Al establecer estas relaciones de seguidores, se alienta activamente a los usuarios a participar, compartir y contribuir de manera que pueda mejorar la experiencia general del usuario.<\/p>\n","protected":false},"featured_media":169005,"comment_status":"open","ping_status":"open","template":"","meta":[],"product_brand":[2583],"product_cat":[1325,1206,1211],"product_tag":[2245],"class_list":{"0":"post-147577","1":"product","2":"type-product","3":"status-publish","4":"has-post-thumbnail","6":"product_brand-ultimate-member","7":"product_cat-afiliacion","8":"product_cat-plugins","9":"product_cat-wordpress-plugins","10":"product_tag-ultimate-member","11":"member-discount","12":"discount-restricted","14":"first","15":"instock","16":"sale","17":"downloadable","18":"virtual","19":"sold-individually","20":"purchasable","21":"product-type-simple"},"_links":{"self":[{"href":"https:\/\/gpl-love.com\/es\/wp-json\/wp\/v2\/product\/147577","targetHints":{"allow":["GET"]}}],"collection":[{"href":"https:\/\/gpl-love.com\/es\/wp-json\/wp\/v2\/product"}],"about":[{"href":"https:\/\/gpl-love.com\/es\/wp-json\/wp\/v2\/types\/product"}],"replies":[{"embeddable":true,"href":"https:\/\/gpl-love.com\/es\/wp-json\/wp\/v2\/comments?post=147577"}],"wp:featuredmedia":[{"embeddable":true,"href":"https:\/\/gpl-love.com\/es\/wp-json\/wp\/v2\/media\/169005"}],"wp:attachment":[{"href":"https:\/\/gpl-love.com\/es\/wp-json\/wp\/v2\/media?parent=147577"}],"wp:term":[{"taxonomy":"product_brand","embeddable":true,"href":"https:\/\/gpl-love.com\/es\/wp-json\/wp\/v2\/product_brand?post=147577"},{"taxonomy":"product_cat","embeddable":true,"href":"https:\/\/gpl-love.com\/es\/wp-json\/wp\/v2\/product_cat?post=147577"},{"taxonomy":"product_tag","embeddable":true,"href":"https:\/\/gpl-love.com\/es\/wp-json\/wp\/v2\/product_tag?post=147577"}],"curies":[{"name":"wp","href":"https:\/\/api.w.org\/{rel}","templated":true}]}}