{"id":147576,"date":"2025-12-07T00:00:00","date_gmt":"2025-12-07T05:00:00","guid":{"rendered":"https:\/\/gpl-love.com\/es\/producto\/ultimate-member-friends\/"},"modified":"2026-03-09T08:42:07","modified_gmt":"2026-03-09T13:42:07","slug":"ultimate-member-friends","status":"publish","type":"product","link":"https:\/\/gpl-love.com\/es\/producto\/ultimate-member-friends\/","title":{"rendered":"Ultimate Member Friends 2.3.4"},"content":{"rendered":"<h3>Ultimate Member Friends Caracteristicas<\/h3>\n<p>Ultimate Miember Friends es un complemento din\u00e1mico dise\u00f1ado para mejorar las capacidades de interacci\u00f3n social de su sitio web. Esta poderosa herramienta permite a los usuarios conectarse, agregar y administrar sus relaciones de amigos al igual que en cualquier plataforma de redes sociales populares. Se integra perfectamente con el complemento de miembro Ultimate, que ofrece una capa adicional de funcionalidad de red. Con Ultimate Miember Friends, los usuarios pueden enviar y aceptar solicitudes de amistad, mostrar su lista de amigos y recibir notificaciones, haciendo que su experiencia en l\u00ednea sea m\u00e1s atractiva e interactiva. Perfecto para sitios basados \u200b\u200ben la comunidad, este complemento fomenta una base de usuarios m\u00e1s conectada y activa. Aumente la participaci\u00f3n social y la retenci\u00f3n de usuarios de su sitio con el complemento de Ultimate Miember Friends.<\/p>\n<ul>\n<li>Ultimate Miember Friends es un complemento de WordPress dise\u00f1ado para mejorar el aspecto de las redes sociales de su sitio web.<\/li>\n<li>El complemento permite a los usuarios agregar y aceptar solicitudes de amistad, similar a c\u00f3mo se realiza en las principales plataformas de redes sociales.<\/li>\n<li>Los miembros pueden administrar y ver su lista de amigos directamente desde su p\u00e1gina de perfil.<\/li>\n<li>Ofrece notificaciones para nuevas solicitudes de amistad y aceptaci\u00f3n, manteniendo a los usuarios informados y comprometidos.<\/li>\n<li>Se integra perfectamente con cualquier tema de WordPress, ofreciendo una experiencia de usuario perfecta.<\/li>\n<li>Una forma eficiente de aumentar la interacci\u00f3n y el compromiso entre los miembros en su sitio web.<\/li>\n<li>Permite a los usuarios bloquear o eliminar a los amigos, d\u00e1ndoles el control total sobre sus listas de amigos.<\/li>\n<li>Viene con una interfaz f\u00e1cil de usar que lo hace accesible incluso para usuarios no expertos en tecnolog\u00eda.<\/li>\n<li>Es totalmente compatible con el complemento de Ultimate Member, que proporciona una experiencia de usuario actualizada.<\/li>\n<li>Proporciona actualizaciones regulares y atenci\u00f3n al cliente de calidad.<\/li>\n<\/ul>\n","protected":false},"excerpt":{"rendered":"<p>La culminaci\u00f3n de la caracter\u00edstica de los amigos miembros en el complemento de Ultimate Member es uno de los aspectos m\u00e1s notables a tener en cuenta. Esta caracter\u00edstica es esencialmente el n\u00facleo de todo el sistema que permite a los miembros establecer conexiones y cultivar relaciones entre s\u00ed en la plataforma, fomentando as\u00ed un entorno orientado a la comunidad. Adem\u00e1s, proporciona una plataforma para que los usuarios administren eficientemente sus interacciones sociales, mejorando as\u00ed la experiencia general del usuario. Este es indiscutiblemente un componente indispensable del complemento miembro de Ultimate.<\/p>\n","protected":false},"featured_media":169004,"comment_status":"open","ping_status":"open","template":"","meta":[],"product_brand":[2583],"product_cat":[1325,1206,1211],"product_tag":[2245],"class_list":{"0":"post-147576","1":"product","2":"type-product","3":"status-publish","4":"has-post-thumbnail","6":"product_brand-ultimate-member","7":"product_cat-afiliacion","8":"product_cat-plugins","9":"product_cat-wordpress-plugins","10":"product_tag-ultimate-member","11":"member-discount","12":"discount-restricted","14":"first","15":"instock","16":"sale","17":"downloadable","18":"virtual","19":"sold-individually","20":"purchasable","21":"product-type-simple"},"_links":{"self":[{"href":"https:\/\/gpl-love.com\/es\/wp-json\/wp\/v2\/product\/147576","targetHints":{"allow":["GET"]}}],"collection":[{"href":"https:\/\/gpl-love.com\/es\/wp-json\/wp\/v2\/product"}],"about":[{"href":"https:\/\/gpl-love.com\/es\/wp-json\/wp\/v2\/types\/product"}],"replies":[{"embeddable":true,"href":"https:\/\/gpl-love.com\/es\/wp-json\/wp\/v2\/comments?post=147576"}],"wp:featuredmedia":[{"embeddable":true,"href":"https:\/\/gpl-love.com\/es\/wp-json\/wp\/v2\/media\/169004"}],"wp:attachment":[{"href":"https:\/\/gpl-love.com\/es\/wp-json\/wp\/v2\/media?parent=147576"}],"wp:term":[{"taxonomy":"product_brand","embeddable":true,"href":"https:\/\/gpl-love.com\/es\/wp-json\/wp\/v2\/product_brand?post=147576"},{"taxonomy":"product_cat","embeddable":true,"href":"https:\/\/gpl-love.com\/es\/wp-json\/wp\/v2\/product_cat?post=147576"},{"taxonomy":"product_tag","embeddable":true,"href":"https:\/\/gpl-love.com\/es\/wp-json\/wp\/v2\/product_tag?post=147576"}],"curies":[{"name":"wp","href":"https:\/\/api.w.org\/{rel}","templated":true}]}}