{"id":147575,"date":"2025-12-07T00:00:00","date_gmt":"2025-12-07T05:00:00","guid":{"rendered":"https:\/\/gpl-love.com\/es\/producto\/ultimate-member-mailchimp\/"},"modified":"2026-03-09T08:42:06","modified_gmt":"2026-03-09T13:42:06","slug":"ultimate-member-mailchimp","status":"publish","type":"product","link":"https:\/\/gpl-love.com\/es\/producto\/ultimate-member-mailchimp\/","title":{"rendered":"Ultimate Member MailChimp 2.6.2"},"content":{"rendered":"<h3>Ultimate Member MailChimp Caracteristicas<\/h3>\n<p>Ultimate Member MailChimp es un poderoso complemento dise\u00f1ado para integrar a la perfecci\u00f3n MailChimp con su sitio Ultimate Member con un sitio para miembros. Con esta herramienta, puede sincronizar f\u00e1cilmente todos sus datos de miembros finales, como correos electr\u00f3nicos de usuarios, roles de usuario y campos adicionales, a su lista de MailChimp. Tambi\u00e9n le permite agregar o eliminar a los miembros de sus listas de MailChimp en funci\u00f3n de los cambios de roles de su usuario. Ultimate Miembro MailChimp incluso le permite agregar m\u00faltiples opciones de suscripci\u00f3n de MailChimp a sus formularios de registro de miembros definitivos, proporcionando una forma eficiente para que sus miembros se suscriban a su bolet\u00edn directo durante el proceso de registro. Este complemento simplifica el proceso de administraci\u00f3n de su lista de correo, lo que lo hace imprescindible para cualquier propietario del sitio utilizando plataformas Ultimate Miembros y MailChimp.<\/p>\n<ul>\n<li>Ultimate Member MailChimp es un complemento de integraci\u00f3n que conecta f\u00e1cilmente su cuenta de MailChimp con el miembro Ultimate.<\/li>\n<li>Sincrita autom\u00e1ticamente los registros de usuarios en su sitio web con su cuenta de MailChimp, ahorrando tiempo y garantizar que su lista de suscriptores siempre est\u00e9 actualizado.<\/li>\n<li>El complemento le permite configurar m\u00faltiples listas de MailChimp para diferentes roles de usuario, personalizando la experiencia del usuario.<\/li>\n<li>Proporciona una opci\u00f3n para que los usuarios opten a boletines de correo electr\u00f3nico durante el registro, lo que facilita el crecimiento de su lista de marketing por correo electr\u00f3nico.<\/li>\n<li>El mejor complemento de Member MailChimp viene con una interfaz f\u00e1cil de usar que es f\u00e1cilmente navegable, que no requiere conocimientos de codificaci\u00f3n.<\/li>\n<li>Ofrece una integraci\u00f3n perfecta con el mejor complemento de miembros, que extiende la funcionalidad de su sitio de membres\u00eda.<\/li>\n<li>El producto admite caracter\u00edsticas avanzadas de MailChimp como automatizaciones y segmentaciones.<\/li>\n<li>Con Ultimate Member MailChimp, puede crear campa\u00f1as de correo electr\u00f3nico espec\u00edficas para involucrar a sus miembros de manera efectiva.<\/li>\n<\/ul>\n","protected":false},"excerpt":{"rendered":"<p>El mejor miembro de MailChimp representa una herramienta altamente eficiente y superior que est\u00e1 espec\u00edficamente dise\u00f1ada para ayudar a las empresas a optimizar sus estrategias generales de marketing por correo electr\u00f3nico. Es una utilidad sofisticada que proporciona una amplia gama de caracter\u00edsticas para garantizar que su negocio sea capaz de alcanzar su m\u00e1ximo potencial en t\u00e9rminos de marketing digital. El mejor miembro MailChimp es una imprescindible absoluta en la esfera en l\u00ednea altamente competitiva de hoy, donde es crucial mantenerse por delante de la curva aprovechando las herramientas m\u00e1s avanzadas e innovadoras disponibles en el mercado. Es una combinaci\u00f3n \u00fanica de usabilidad y funcionalidad que garantiza una experiencia perfecta tanto para el usuario como para la audiencia a la que se dirige.<\/p>\n","protected":false},"featured_media":169003,"comment_status":"open","ping_status":"open","template":"","meta":[],"product_brand":[2583],"product_cat":[1325,1206,1211],"product_tag":[2245],"class_list":{"0":"post-147575","1":"product","2":"type-product","3":"status-publish","4":"has-post-thumbnail","6":"product_brand-ultimate-member","7":"product_cat-afiliacion","8":"product_cat-plugins","9":"product_cat-wordpress-plugins","10":"product_tag-ultimate-member","11":"member-discount","12":"discount-restricted","14":"first","15":"instock","16":"sale","17":"downloadable","18":"virtual","19":"sold-individually","20":"purchasable","21":"product-type-simple"},"_links":{"self":[{"href":"https:\/\/gpl-love.com\/es\/wp-json\/wp\/v2\/product\/147575","targetHints":{"allow":["GET"]}}],"collection":[{"href":"https:\/\/gpl-love.com\/es\/wp-json\/wp\/v2\/product"}],"about":[{"href":"https:\/\/gpl-love.com\/es\/wp-json\/wp\/v2\/types\/product"}],"replies":[{"embeddable":true,"href":"https:\/\/gpl-love.com\/es\/wp-json\/wp\/v2\/comments?post=147575"}],"wp:featuredmedia":[{"embeddable":true,"href":"https:\/\/gpl-love.com\/es\/wp-json\/wp\/v2\/media\/169003"}],"wp:attachment":[{"href":"https:\/\/gpl-love.com\/es\/wp-json\/wp\/v2\/media?parent=147575"}],"wp:term":[{"taxonomy":"product_brand","embeddable":true,"href":"https:\/\/gpl-love.com\/es\/wp-json\/wp\/v2\/product_brand?post=147575"},{"taxonomy":"product_cat","embeddable":true,"href":"https:\/\/gpl-love.com\/es\/wp-json\/wp\/v2\/product_cat?post=147575"},{"taxonomy":"product_tag","embeddable":true,"href":"https:\/\/gpl-love.com\/es\/wp-json\/wp\/v2\/product_tag?post=147575"}],"curies":[{"name":"wp","href":"https:\/\/api.w.org\/{rel}","templated":true}]}}