{"id":147574,"date":"2024-10-03T00:00:00","date_gmt":"2024-10-03T05:00:00","guid":{"rendered":"https:\/\/gpl-love.com\/es\/producto\/ultimate-member-mycred-2\/"},"modified":"2026-03-09T08:42:04","modified_gmt":"2026-03-09T13:42:04","slug":"ultimate-member-mycred-2","status":"publish","type":"product","link":"https:\/\/gpl-love.com\/es\/producto\/ultimate-member-mycred-2\/","title":{"rendered":"Ultimate Member myCRED 2.2.8"},"content":{"rendered":"<h3>Ultimate Member myCRED Caracteristicas<\/h3>\n<p>Ultimate Miembro MyCred es una poderosa extensi\u00f3n dise\u00f1ada para mejorar la funcionalidad de su sitio web al brindarle la capacidad de crear un sistema de recompensas basado en puntos. Esta poderosa herramienta se integra a la perfecci\u00f3n con el complemento Ultimate Member, lo que le permite otorgar o deducir puntos a sus usuarios en funci\u00f3n de sus acciones, como registrarse, iniciar sesi\u00f3n, enviar contenido, comentarios o cualquier otra interacci\u00f3n. Con Ultimate Miembro MyCred, puede incentivar la participaci\u00f3n del usuario, fortalecer los lazos comunitarios e impulsar la lealtad del usuario. Tambi\u00e9n es flexible, ya que puede personalizar las condiciones y reglas para obtener puntos. Perfecto para cualquier sitio web social, comunitario o de membres\u00eda, Ultimate Miembro MyCred proporciona una experiencia de usuario atractiva y din\u00e1mica.<\/p>\n<ul>\n<li>Ultimate Miembro MyCred es un poderoso complemento de WordPress dise\u00f1ado para mejorar la experiencia del usuario en su sitio web.<\/li>\n<li>Esta herramienta le permite crear una comunidad interactiva recompensando a los usuarios con puntos digitales por su participaci\u00f3n y participaci\u00f3n.<\/li>\n<li>Se integra a la perfecci\u00f3n con Ultimate Miembro, lo que le permite asignar valores de puntos espec\u00edficos a diferentes acciones, como publicar, comentar o referir nuevos miembros.<\/li>\n<li>El complemento viene con una tabla de clasificaci\u00f3n personalizable que muestra a los usuarios con la mayor cantidad de puntos, fomentando la competencia saludable entre los miembros.<\/li>\n<li>Tambi\u00e9n ofrece una funci\u00f3n de billetera virtual, que permite a los usuarios realizar un seguimiento de sus puntos y usarlos para varias ventajas en su sitio web.<\/li>\n<li>Ultimate Miembro MyCred admite diferentes pasarelas de pago para comprar puntos de compra, agregando conveniencia y flexibilidad para sus usuarios.<\/li>\n<li>Es f\u00e1cil de instalar y configurar, con una interfaz f\u00e1cil de usar que no requiere habilidades de codificaci\u00f3n.<\/li>\n<li>Con Ultimate Miembro MyCred, puede gamificar su sitio web, impulsar la participaci\u00f3n del usuario y construir una comunidad en l\u00ednea vibrante.<\/li>\n<\/ul>\n","protected":false},"excerpt":{"rendered":"<p>El miembro Ultimate MyCred es un complemento de membres\u00eda altamente extensible, vers\u00e1til y f\u00e1cil de usar para sitios web de WordPress. Proporciona una plataforma s\u00f3lida para manejar perfiles de usuario, roles de usuario, restricci\u00f3n de contenido, directorios de miembros, comunidades en l\u00ednea y m\u00e1s, mejorando efectivamente la experiencia general del usuario. Por otro lado, MyCred es un sistema de gesti\u00f3n de puntos potente y adaptativo, que permite a los usuarios construir recompensas o programas de fidelizaci\u00f3n basados \u200b\u200ben puntos. Por lo tanto, el miembro Ultimate MyCred sirve como una herramienta integral que contribuye significativamente a la personalizaci\u00f3n y mejora de la interacci\u00f3n del usuario en los sitios web de WordPress.<\/p>\n","protected":false},"featured_media":169002,"comment_status":"open","ping_status":"open","template":"","meta":[],"product_brand":[2583],"product_cat":[1325,1206,1211],"product_tag":[2245],"class_list":{"0":"post-147574","1":"product","2":"type-product","3":"status-publish","4":"has-post-thumbnail","6":"product_brand-ultimate-member","7":"product_cat-afiliacion","8":"product_cat-plugins","9":"product_cat-wordpress-plugins","10":"product_tag-ultimate-member","11":"member-discount","12":"discount-restricted","14":"first","15":"instock","16":"sale","17":"downloadable","18":"virtual","19":"sold-individually","20":"purchasable","21":"product-type-simple"},"_links":{"self":[{"href":"https:\/\/gpl-love.com\/es\/wp-json\/wp\/v2\/product\/147574","targetHints":{"allow":["GET"]}}],"collection":[{"href":"https:\/\/gpl-love.com\/es\/wp-json\/wp\/v2\/product"}],"about":[{"href":"https:\/\/gpl-love.com\/es\/wp-json\/wp\/v2\/types\/product"}],"replies":[{"embeddable":true,"href":"https:\/\/gpl-love.com\/es\/wp-json\/wp\/v2\/comments?post=147574"}],"wp:featuredmedia":[{"embeddable":true,"href":"https:\/\/gpl-love.com\/es\/wp-json\/wp\/v2\/media\/169002"}],"wp:attachment":[{"href":"https:\/\/gpl-love.com\/es\/wp-json\/wp\/v2\/media?parent=147574"}],"wp:term":[{"taxonomy":"product_brand","embeddable":true,"href":"https:\/\/gpl-love.com\/es\/wp-json\/wp\/v2\/product_brand?post=147574"},{"taxonomy":"product_cat","embeddable":true,"href":"https:\/\/gpl-love.com\/es\/wp-json\/wp\/v2\/product_cat?post=147574"},{"taxonomy":"product_tag","embeddable":true,"href":"https:\/\/gpl-love.com\/es\/wp-json\/wp\/v2\/product_tag?post=147574"}],"curies":[{"name":"wp","href":"https:\/\/api.w.org\/{rel}","templated":true}]}}