{"id":147464,"date":"2025-06-19T00:00:00","date_gmt":"2025-06-19T05:00:00","guid":{"rendered":"https:\/\/gpl-love.com\/es\/producto\/mainwp-sucuri\/"},"modified":"2026-03-09T08:42:01","modified_gmt":"2026-03-09T13:42:01","slug":"mainwp-sucuri","status":"publish","type":"product","link":"https:\/\/gpl-love.com\/es\/producto\/mainwp-sucuri\/","title":{"rendered":"MainWP Sucuri 5.0.3"},"content":{"rendered":"<h3>MainWP Sucuri Caracteristicas<\/h3>\n<p>MainWP Sucuri es una poderosa herramienta de seguridad dise\u00f1ada para proteger su sitio web de posibles amenazas. Este producto es una extensi\u00f3n del complemento MainWP, lo que le permite escanear sus sitios web utilizando Sucuri Sitecheck directamente desde su tablero Mainwp. Verifica sus sitios para obtener varios tipos de malware, inyecciones de spam, errores del sitio web y software obsoleto. La extensi\u00f3n ofrece el estado de la lista negra con varias autoridades para garantizar que se mantengan la credibilidad y la confianza de su sitio web. Con MainWP Sucuri, puede programar escaneos autom\u00e1ticos y recibir notificaciones inmediatas si se detectan problemas, lo que le permite tomar medidas r\u00e1pidas y garantizar la seguridad de su sitio web. Es una herramienta esencial para cualquier persona en serio sobre mantener y proteger su presencia en l\u00ednea.<\/p>\n<ul>\n<li>Mainwp Sucuri es una extensi\u00f3n para el tablero de MainWP que le permite escanear los sitios de sus hijos para obtener varios tipos de problemas.<\/li>\n<li>Este complemento le permite monitorear sitios web para posibles violaciones de seguridad y vulnerabilidades.<\/li>\n<li>MainWP Sucuri ofrece un escaneo r\u00e1pido y de un solo clic de sus sitios web de WordPress, lo que aumenta la eficiencia de la gesti\u00f3n de sitios web.<\/li>\n<li>Proporciona informes detallados de los resultados del escaneo, lo que le permite tomar medidas inmediatas sobre cualquier problema detectado.<\/li>\n<li>Esta extensi\u00f3n se integra sin problemas con el servicio Sucuri.net, una reconocida plataforma de seguridad del sitio web.<\/li>\n<li>MainWP Sucuri incorpora una variedad de caracter\u00edsticas de seguridad que incluyen escaneo de malware, firewall de sitio web y detecci\u00f3n de intrusos.<\/li>\n<li>Es una herramienta valiosa para webmasters, agencias digitales y desarrolladores que administran m\u00faltiples sitios web.<\/li>\n<li>Esta extensi\u00f3n garantiza la seguridad de sus sitios web, protegiendo su presencia en l\u00ednea y salvaguardando la reputaci\u00f3n de su sitio web.<\/li>\n<li>Mainwp Sucuri es f\u00e1cil de instalar y f\u00e1cil de usar, y no requiere habilidades t\u00e9cnicas avanzadas para usar.<\/li>\n<li>Incluye verificaciones y notificaciones de seguridad autom\u00e1ticas, asegurando que siempre sepa sobre el estado de sus sitios web.<\/li>\n<\/ul>\n","protected":false},"excerpt":{"rendered":"<p>MainWP Sucuri es un complemento de renombre, espec\u00edficamente dise\u00f1ado para integrarse perfectamente con su tablero de MainWP existente. Su funci\u00f3n principal es facilitar la gesti\u00f3n y el monitoreo continuo de la seguridad de todos sus sitios de WordPress desde una ubicaci\u00f3n centralizada. Elimina efectivamente la necesidad de iniciar sesi\u00f3n en cada sitio individualmente, ahorrando as\u00ed el tiempo y el esfuerzo para garantizar la m\u00e1xima seguridad en todas las plataformas.<\/p>\n","protected":false},"featured_media":169000,"comment_status":"open","ping_status":"open","template":"","meta":[],"product_brand":[2491],"product_cat":[1212,1206,1211],"product_tag":[1324],"class_list":{"0":"post-147464","1":"product","2":"type-product","3":"status-publish","4":"has-post-thumbnail","6":"product_brand-main-wp","7":"product_cat-administracion-wordpress-plugins","8":"product_cat-plugins","9":"product_cat-wordpress-plugins","10":"product_tag-main-wp","11":"member-discount","12":"discount-restricted","14":"first","15":"instock","16":"sale","17":"downloadable","18":"virtual","19":"sold-individually","20":"purchasable","21":"product-type-simple"},"_links":{"self":[{"href":"https:\/\/gpl-love.com\/es\/wp-json\/wp\/v2\/product\/147464","targetHints":{"allow":["GET"]}}],"collection":[{"href":"https:\/\/gpl-love.com\/es\/wp-json\/wp\/v2\/product"}],"about":[{"href":"https:\/\/gpl-love.com\/es\/wp-json\/wp\/v2\/types\/product"}],"replies":[{"embeddable":true,"href":"https:\/\/gpl-love.com\/es\/wp-json\/wp\/v2\/comments?post=147464"}],"wp:featuredmedia":[{"embeddable":true,"href":"https:\/\/gpl-love.com\/es\/wp-json\/wp\/v2\/media\/169000"}],"wp:attachment":[{"href":"https:\/\/gpl-love.com\/es\/wp-json\/wp\/v2\/media?parent=147464"}],"wp:term":[{"taxonomy":"product_brand","embeddable":true,"href":"https:\/\/gpl-love.com\/es\/wp-json\/wp\/v2\/product_brand?post=147464"},{"taxonomy":"product_cat","embeddable":true,"href":"https:\/\/gpl-love.com\/es\/wp-json\/wp\/v2\/product_cat?post=147464"},{"taxonomy":"product_tag","embeddable":true,"href":"https:\/\/gpl-love.com\/es\/wp-json\/wp\/v2\/product_tag?post=147464"}],"curies":[{"name":"wp","href":"https:\/\/api.w.org\/{rel}","templated":true}]}}