{"id":147463,"date":"2023-10-09T00:00:00","date_gmt":"2023-10-09T05:00:00","guid":{"rendered":"https:\/\/gpl-love.com\/es\/producto\/amp-gravity-forms\/"},"modified":"2026-03-09T08:41:59","modified_gmt":"2026-03-09T13:41:59","slug":"amp-gravity-forms","status":"publish","type":"product","link":"https:\/\/gpl-love.com\/es\/producto\/amp-gravity-forms\/","title":{"rendered":"AMP Gravity Forms 2.9.36"},"content":{"rendered":"<h3>AMP Gravity Forms Caracteristicas<\/h3>\n<p>AMP Gravity Forms es un complemento de WordPress poderoso y vers\u00e1til dise\u00f1ado para ayudarlo a crear y administrar formularios en l\u00ednea con facilidad. Admite el proyecto de p\u00e1ginas m\u00f3viles aceleradas (AMP), asegurando que sus formularios se carguen de manera r\u00e1pida y perfecta en los dispositivos m\u00f3viles. Con su interfaz f\u00e1cil de usar y sus caracter\u00edsticas avanzadas, puede dise\u00f1ar formularios personalizados como formularios de contacto, formularios de encuestas, formularios de registro y mucho m\u00e1s. Adem\u00e1s, ofrece una variedad de opciones de personalizaci\u00f3n que le permiten cambiar el dise\u00f1o, los campos y la configuraci\u00f3n de sus formularios de acuerdo con sus requisitos. Los formularios de gravedad de AMP tambi\u00e9n aseguran que sus formularios sean amigables con SEO y cumplan con los \u00faltimos est\u00e1ndares web. Compatible con todos los navegadores modernos, este complemento promete una experiencia de creaci\u00f3n de forma efectiva y eficiente.<\/p>\n<ul>\n<li>AMP Gravity Forms es un poderoso complemento de WordPress dise\u00f1ado para optimizar y mejorar las capacidades de construcci\u00f3n de formularios de su sitio web.<\/li>\n<li>Este producto permite a los usuarios crear y administrar f\u00e1cilmente una variedad de formularios, desde formularios de contacto b\u00e1sicos hasta encuestas y cuestionarios complejos.<\/li>\n<li>AMP Gravity Forms es compatible con el marco AMP, que ofrece tiempos de carga m\u00e1s r\u00e1pidos y un rendimiento mejorado en los dispositivos m\u00f3viles.<\/li>\n<li>El complemento viene con una gama de opciones personalizables, lo que permite a los usuarios adaptar la apariencia y la funcionalidad de sus formularios para satisfacer sus necesidades espec\u00edficas.<\/li>\n<li>Admite l\u00f3gica condicional, formularios de varias p\u00e1ginas y cargas de archivos, proporcionando una soluci\u00f3n vers\u00e1til para la recopilaci\u00f3n de datos y la interacci\u00f3n del usuario.<\/li>\n<li>Con los formularios de gravedad AMP, los usuarios pueden rastrear los env\u00edos, enviar correos electr\u00f3nicos de confirmaci\u00f3n autom\u00e1tica e incluso integrarse con una variedad de servicios de terceros para una funcionalidad mejorada.<\/li>\n<li>Este producto est\u00e1 dise\u00f1ado con la facilidad de uso en mente, ofreciendo una interfaz simple de arrastrar y soltar que no requiere conocimientos de codificaci\u00f3n para usar.<\/li>\n<li>Los formularios de gravedad AMP tambi\u00e9n priorizan la seguridad, proporcionando herramientas para ayudar a proteger los datos confidenciales y garantizar que sus formularios est\u00e9n libres de spam.<\/li>\n<li>Se actualiza regularmente para garantizar que se mantenga compatible con las \u00faltimas versiones de WordPress y AMP, e incluye soporte profesional para cualquier problema t\u00e9cnico o consulta.<\/li>\n<\/ul>\n","protected":false},"excerpt":{"rendered":"<p>Las p\u00e1ginas m\u00f3viles aceleradas, a menudo denominadas AMP, es una herramienta poderosa que se utiliza para crear contenido optimizado m\u00f3vil que puede cargarse instant\u00e1neamente en cualquier dispositivo. Esta caracter\u00edstica particular es significativamente beneficiosa para mejorar la experiencia del usuario y mejorar el rendimiento general de una p\u00e1gina web. Por otro lado, Gravity Forms es una herramienta avanzada y robusta dise\u00f1ada espec\u00edficamente para WordPress. Permite a los usuarios crear y administrar formularios altamente personalizables y profesionales para su sitio web. Esta herramienta ofrece extensas funcionalidades que pueden satisfacer f\u00e1cilmente varios requisitos para formularios, como datos generados por el usuario, cargas de archivos e incluso l\u00f3gica de formulario condicional. Por lo tanto, cuando hablamos de los formularios de gravedad de AMP, nos referimos a la integraci\u00f3n de estas dos herramientas potentes, es decir, la utilizaci\u00f3n de la herramienta AMP para optimizar las formas creadas utilizando formas de gravedad, mejorando la velocidad de carga y el rendimiento general de las formas de las formas en dispositivos m\u00f3viles.<\/p>\n","protected":false},"featured_media":168999,"comment_status":"open","ping_status":"open","template":"","meta":[],"product_brand":[2351],"product_cat":[1206,1579,1211],"product_tag":[2229],"class_list":{"0":"post-147463","1":"product","2":"type-product","3":"status-publish","4":"has-post-thumbnail","6":"product_brand-amp-wp","7":"product_cat-plugins","8":"product_cat-rendimiento","9":"product_cat-wordpress-plugins","10":"product_tag-amp-wp","11":"member-discount","12":"discount-restricted","14":"first","15":"instock","16":"sale","17":"downloadable","18":"virtual","19":"sold-individually","20":"purchasable","21":"product-type-simple"},"_links":{"self":[{"href":"https:\/\/gpl-love.com\/es\/wp-json\/wp\/v2\/product\/147463","targetHints":{"allow":["GET"]}}],"collection":[{"href":"https:\/\/gpl-love.com\/es\/wp-json\/wp\/v2\/product"}],"about":[{"href":"https:\/\/gpl-love.com\/es\/wp-json\/wp\/v2\/types\/product"}],"replies":[{"embeddable":true,"href":"https:\/\/gpl-love.com\/es\/wp-json\/wp\/v2\/comments?post=147463"}],"wp:featuredmedia":[{"embeddable":true,"href":"https:\/\/gpl-love.com\/es\/wp-json\/wp\/v2\/media\/168999"}],"wp:attachment":[{"href":"https:\/\/gpl-love.com\/es\/wp-json\/wp\/v2\/media?parent=147463"}],"wp:term":[{"taxonomy":"product_brand","embeddable":true,"href":"https:\/\/gpl-love.com\/es\/wp-json\/wp\/v2\/product_brand?post=147463"},{"taxonomy":"product_cat","embeddable":true,"href":"https:\/\/gpl-love.com\/es\/wp-json\/wp\/v2\/product_cat?post=147463"},{"taxonomy":"product_tag","embeddable":true,"href":"https:\/\/gpl-love.com\/es\/wp-json\/wp\/v2\/product_tag?post=147463"}],"curies":[{"name":"wp","href":"https:\/\/api.w.org\/{rel}","templated":true}]}}