{"id":147462,"date":"2023-10-09T00:00:00","date_gmt":"2023-10-09T05:00:00","guid":{"rendered":"https:\/\/gpl-love.com\/es\/producto\/polls-for-amp\/"},"modified":"2026-03-09T08:41:57","modified_gmt":"2026-03-09T13:41:57","slug":"polls-for-amp","status":"publish","type":"product","link":"https:\/\/gpl-love.com\/es\/producto\/polls-for-amp\/","title":{"rendered":"Polls para AMP 1.1.5"},"content":{"rendered":"<h3>Polls para AMP Caracteristicas<\/h3>\n<p>Las encuestas para AMP son un producto innovador dise\u00f1ado para mejorar la participaci\u00f3n del usuario en su sitio web. Esta herramienta le permite crear y administrar f\u00e1cilmente encuestas interactivas en su sitio que est\u00e1n espec\u00edficamente dise\u00f1adas para p\u00e1ginas m\u00f3viles aceleradas (AMP). Es una herramienta perfecta para bloggers, sitios de noticias y cualquier plataforma que busque interactuar m\u00e1s con su audiencia. Con una integraci\u00f3n simple e interfaz f\u00e1cil de usar, las encuestas para AMP ofrecen una experiencia perfecta tanto para el propietario del sitio web como para los visitantes. Aumente su tr\u00e1fico web, mejore la participaci\u00f3n del usuario y aumente el SEO de su sitio con esta herramienta vers\u00e1til. Es una forma segura de hacer que su sitio web sea m\u00e1s interactivo y atractivo.<\/p>\n<ul>\n<li>Una herramienta innovadora dise\u00f1ada para impulsar la participaci\u00f3n del usuario en su sitio web.<\/li>\n<li>Permite la incorporaci\u00f3n de encuestas interactivas en sus p\u00e1ginas m\u00f3viles aceleradas (AMP).<\/li>\n<li>Mejora la experiencia del usuario a trav\u00e9s de la participaci\u00f3n interactiva y la retroalimentaci\u00f3n.<\/li>\n<li>Proporciona resultados en tiempo real de las encuestas, ayudando en procesos de toma de decisiones r\u00e1pidas.<\/li>\n<li>F\u00e1cilmente personalizable para adaptarse al dise\u00f1o y al tema de su sitio web.<\/li>\n<li>Admite m\u00faltiples tipos de preguntas para diversas necesidades de votaci\u00f3n.<\/li>\n<li>Ofrece an\u00e1lisis de datos robustos para comprender el comportamiento y las preferencias del usuario.<\/li>\n<li>Ligero y r\u00e1pido, asegurando que no hay impacto en la velocidad de carga de su sitio web.<\/li>\n<li>Altamente seguro y confiable con actualizaciones y mejoras regulares.<\/li>\n<li>Integraci\u00f3n perfecta con otras caracter\u00edsticas y funcionalidades de AMP.<\/li>\n<\/ul>\n","protected":false},"excerpt":{"rendered":"<p>El proceso de realizar encuestas para recopilar datos y ideas valiosas relacionadas con AMP, tambi\u00e9n conocido como p\u00e1ginas m\u00f3viles aceleradas, est\u00e1 actualmente en curso. Este proceso de recopilaci\u00f3n de datos es significativo, ya que ayuda a comprender la efectividad y el alcance general del AMP. Estas encuestas juegan un papel integral al proporcionar una representaci\u00f3n estad\u00edstica de la percepci\u00f3n, respuesta y utilizaci\u00f3n de los servicios de AMP del p\u00fablico en general. A trav\u00e9s de estas encuestas, uno puede obtener una comprensi\u00f3n profunda de varios aspectos asociados con las p\u00e1ginas m\u00f3viles aceleradas y refinar estrategias para una mayor mejora.<\/p>\n","protected":false},"featured_media":168998,"comment_status":"open","ping_status":"open","template":"","meta":[],"product_brand":[2351],"product_cat":[1206,1579,1211],"product_tag":[2229],"class_list":{"0":"post-147462","1":"product","2":"type-product","3":"status-publish","4":"has-post-thumbnail","6":"product_brand-amp-wp","7":"product_cat-plugins","8":"product_cat-rendimiento","9":"product_cat-wordpress-plugins","10":"product_tag-amp-wp","11":"member-discount","12":"discount-restricted","14":"first","15":"instock","16":"sale","17":"downloadable","18":"virtual","19":"sold-individually","20":"purchasable","21":"product-type-simple"},"_links":{"self":[{"href":"https:\/\/gpl-love.com\/es\/wp-json\/wp\/v2\/product\/147462","targetHints":{"allow":["GET"]}}],"collection":[{"href":"https:\/\/gpl-love.com\/es\/wp-json\/wp\/v2\/product"}],"about":[{"href":"https:\/\/gpl-love.com\/es\/wp-json\/wp\/v2\/types\/product"}],"replies":[{"embeddable":true,"href":"https:\/\/gpl-love.com\/es\/wp-json\/wp\/v2\/comments?post=147462"}],"wp:featuredmedia":[{"embeddable":true,"href":"https:\/\/gpl-love.com\/es\/wp-json\/wp\/v2\/media\/168998"}],"wp:attachment":[{"href":"https:\/\/gpl-love.com\/es\/wp-json\/wp\/v2\/media?parent=147462"}],"wp:term":[{"taxonomy":"product_brand","embeddable":true,"href":"https:\/\/gpl-love.com\/es\/wp-json\/wp\/v2\/product_brand?post=147462"},{"taxonomy":"product_cat","embeddable":true,"href":"https:\/\/gpl-love.com\/es\/wp-json\/wp\/v2\/product_cat?post=147462"},{"taxonomy":"product_tag","embeddable":true,"href":"https:\/\/gpl-love.com\/es\/wp-json\/wp\/v2\/product_tag?post=147462"}],"curies":[{"name":"wp","href":"https:\/\/api.w.org\/{rel}","templated":true}]}}