{"id":147418,"date":"2026-04-18T00:00:00","date_gmt":"2026-04-18T05:00:00","guid":{"rendered":"https:\/\/gpl-love.com\/es\/producto\/betterlinks-pro\/"},"modified":"2026-04-18T17:17:11","modified_gmt":"2026-04-18T22:17:11","slug":"betterlinks-pro","status":"publish","type":"product","link":"https:\/\/gpl-love.com\/es\/producto\/betterlinks-pro\/","title":{"rendered":"BetterLinks Pro 2.6.6"},"content":{"rendered":"<h3>BetterLinks Pro Caracteristicas<\/h3>\n<p>BetterLinks Pro es un complemento premium de WordPress dise\u00f1ado para ayudar a los usuarios a administrar, rastrear y analizar de manera eficiente los enlaces de su sitio web. Esta potente herramienta cuenta con una interfaz f\u00e1cil de usar que permite a los usuarios crear y controlar f\u00e1cilmente los enlaces desde un tablero central. Ofrece caracter\u00edsticas avanzadas como acortamiento de enlaces, geo-objetivo, pruebas A\/B y an\u00e1lisis detallados para optimizar las estrategias de rendimiento y marketing de su enlace. Con BetterLinks Pro, los usuarios tambi\u00e9n pueden configurar redireccionamientos, monitorear los clics de enlaces e incluso organizar enlaces en categor\u00edas para una mejor gesti\u00f3n. Este complemento es ideal para vendedores digitales, propietarios de sitios web y empresas que buscan obtener informaci\u00f3n y mejorar su rendimiento en l\u00ednea. Con su funcionalidad incomparable y sus caracter\u00edsticas robustas, BetterLinks Pro es su soluci\u00f3n definitiva para la gesti\u00f3n de enlaces superiores.<\/p>\n<ul>\n<li>BetterLinks Pro es una poderosa herramienta de gesti\u00f3n de enlaces dise\u00f1ada para empresas y especialistas en marketing en l\u00ednea.<\/li>\n<li>Le permite rastrear, administrar y optimizar sus enlaces internos y externos sin esfuerzo.<\/li>\n<li>Cuenta con capacidades avanzadas de seguimiento de enlaces, proporcionando informaci\u00f3n valiosa sobre el comportamiento de su audiencia.<\/li>\n<li>Le permite acortar sus enlaces y hacerlos m\u00e1s f\u00e1ciles de usar y visualmente atractivos.<\/li>\n<li>Ofrece un tablero f\u00e1cil de usar para administrar todos sus enlaces en un solo lugar.<\/li>\n<li>Admite la integraci\u00f3n con Google Analytics, proporcionando datos detallados de tr\u00e1fico y participaci\u00f3n.<\/li>\n<li>Le permite crear y administrar enlaces de afiliados de manera efectiva, maximizando sus oportunidades de ingresos.<\/li>\n<li>Le permite configurar redirecciones f\u00e1cilmente, asegurando que sus usuarios siempre aterricen en la p\u00e1gina correcta.<\/li>\n<li>Viene con un verificador de enlaces incorporado, ayudando a mantener su sitio web saludable y amigable con SEO.<\/li>\n<li>Proporciona la opci\u00f3n de clasificar y etiquetar enlaces, lo que facilita la organizaci\u00f3n y localizaci\u00f3n de enlaces espec\u00edficos.<\/li>\n<li>Ofrece caracter\u00edsticas de encubrimiento de enlace robustas para proteger sus enlaces de afiliados del robo o el secuestro.<\/li>\n<li>Viene con una potente funci\u00f3n de reticulaci\u00f3n autom\u00e1tica, que le permite vincular autom\u00e1ticamente las palabras clave en todo su sitio.<\/li>\n<\/ul>\n","protected":false},"excerpt":{"rendered":"<p>La salida a la que nos referimos aqu\u00ed se asocia con una versi\u00f3n profesional de un software conocido como BetterLinks. Esta versi\u00f3n espec\u00edfica generalmente est\u00e1 significada por el t\u00e9rmino \u00abPro\u00bb, que significa profesional, y es indicativo de las caracter\u00edsticas elevadas y avanzadas que esta versi\u00f3n en particular puede ofrecer a sus usuarios.<\/p>\n","protected":false},"featured_media":168995,"comment_status":"open","ping_status":"open","template":"","meta":[],"product_brand":[2375],"product_cat":[1232,1206,1211],"product_tag":[1785],"class_list":{"0":"post-147418","1":"product","2":"type-product","3":"status-publish","4":"has-post-thumbnail","6":"product_brand-wp-developer","7":"product_cat-marketing-wordpress-plugins","8":"product_cat-plugins","9":"product_cat-wordpress-plugins","10":"product_tag-wp-developer","11":"member-discount","12":"discount-restricted","14":"first","15":"instock","16":"sale","17":"downloadable","18":"virtual","19":"sold-individually","20":"purchasable","21":"product-type-simple"},"_links":{"self":[{"href":"https:\/\/gpl-love.com\/es\/wp-json\/wp\/v2\/product\/147418","targetHints":{"allow":["GET"]}}],"collection":[{"href":"https:\/\/gpl-love.com\/es\/wp-json\/wp\/v2\/product"}],"about":[{"href":"https:\/\/gpl-love.com\/es\/wp-json\/wp\/v2\/types\/product"}],"replies":[{"embeddable":true,"href":"https:\/\/gpl-love.com\/es\/wp-json\/wp\/v2\/comments?post=147418"}],"wp:featuredmedia":[{"embeddable":true,"href":"https:\/\/gpl-love.com\/es\/wp-json\/wp\/v2\/media\/168995"}],"wp:attachment":[{"href":"https:\/\/gpl-love.com\/es\/wp-json\/wp\/v2\/media?parent=147418"}],"wp:term":[{"taxonomy":"product_brand","embeddable":true,"href":"https:\/\/gpl-love.com\/es\/wp-json\/wp\/v2\/product_brand?post=147418"},{"taxonomy":"product_cat","embeddable":true,"href":"https:\/\/gpl-love.com\/es\/wp-json\/wp\/v2\/product_cat?post=147418"},{"taxonomy":"product_tag","embeddable":true,"href":"https:\/\/gpl-love.com\/es\/wp-json\/wp\/v2\/product_tag?post=147418"}],"curies":[{"name":"wp","href":"https:\/\/api.w.org\/{rel}","templated":true}]}}