{"id":147417,"date":"2026-02-05T00:00:00","date_gmt":"2026-02-05T05:00:00","guid":{"rendered":"https:\/\/gpl-love.com\/es\/producto\/woocommerce-cybersource-gateway\/"},"modified":"2026-04-03T23:16:29","modified_gmt":"2026-04-04T04:16:29","slug":"woocommerce-cybersource-gateway","status":"publish","type":"product","link":"https:\/\/gpl-love.com\/es\/producto\/woocommerce-cybersource-gateway\/","title":{"rendered":"WooCommerce CyberSource Gateway 2.10.2"},"content":{"rendered":"<h3>WooCommerce CyberSource Gateway Caracteristicas<\/h3>\n<p>La puerta de enlace de WooCommerce Cybsource es un complemento poderoso y din\u00e1mico dise\u00f1ado para integrar su tienda WooCommerce con la plataforma de pago de Cybermeurce sin problemas. Esto garantiza un procesamiento de pago seguro, confiable y eficiente para su tienda en l\u00ednea. La puerta de enlace admite todas las principales tarjetas de cr\u00e9dito y d\u00e9bito, lo que permite a las empresas aceptar pagos de los clientes en todo el mundo. Proporciona caracter\u00edsticas avanzadas como gesti\u00f3n eficiente de fraude, aceptaci\u00f3n segura de pagos e informes detallados de transacciones, todos dise\u00f1ados para mejorar su experiencia de comercio electr\u00f3nico. Compatible con las versiones de WooCommerce, la puerta de enlace Cybsource es perfecta para las empresas que buscan ofrecer una experiencia de compra en l\u00ednea fluida, segura y profesional a sus clientes.<\/p>\n<ul>\n<li>La puerta de enlace de WooCommerce Cybsource es una pasarela de pago segura y eficiente para las empresas en l\u00ednea.<\/li>\n<li>Este producto permite una integraci\u00f3n perfecta con WooCommerce, una popular plataforma de comercio electr\u00f3nico para WordPress.<\/li>\n<li>Permite un procesamiento r\u00e1pido y seguro de todas las principales tarjetas de cr\u00e9dito y d\u00e9bito.<\/li>\n<li>La puerta de enlace viene con herramientas avanzadas de detecci\u00f3n de fraude, que ayuda a proteger su negocio y sus clientes.<\/li>\n<li>Admite m\u00faltiples monedas y est\u00e1 disponible en m\u00e1s de 190 pa\u00edses, lo que lo hace ideal para el comercio electr\u00f3nico internacional.<\/li>\n<li>El complemento ofrece opciones de pago personalizables, incluidos pagos \u00fanicos, suscripciones y cuotas.<\/li>\n<li>Proporciona monitoreo e informes de transacciones en tiempo real, ayudando a las empresas a tomar decisiones basadas en datos.<\/li>\n<li>La puerta de enlace de WooCommerce Cybsource tambi\u00e9n garantiza el cumplimiento de PCI, manteniendo altos est\u00e1ndares para la seguridad de los datos.<\/li>\n<li>Facilitable y f\u00e1cil de instalar, f\u00e1cil de usar, no requiere habilidades t\u00e9cnicas avanzadas para configurar.<\/li>\n<li>Ofrece una experiencia de pago suave para sus clientes, mejorando su experiencia general de compra.<\/li>\n<\/ul>\n","protected":false},"excerpt":{"rendered":"<p>La plataforma WooCommerce est\u00e1 equipada con una caracter\u00edstica dise\u00f1ada espec\u00edficamente para el procesamiento de pagos, que se conoce como Cyberseurce Gateway. Esta sofisticada herramienta tecnol\u00f3gica sirve como un puente crucial entre WooCommerce y Cyberseurce, facilitando as\u00ed las transacciones y mejorando la experiencia general de compra para los clientes en sitios web compatibles con WooCommerce. Su papel en permitir m\u00e9todos de pago seguros y eficientes contribuye significativamente al funcionamiento sin problemas de las empresas de comercio electr\u00f3nico.<\/p>\n","protected":false},"featured_media":168994,"comment_status":"open","ping_status":"open","template":"","meta":[],"product_brand":[2344],"product_cat":[1207,1426,1206],"product_tag":[1423],"class_list":{"0":"post-147417","1":"product","2":"type-product","3":"status-publish","4":"has-post-thumbnail","6":"product_brand-woocommerce","7":"product_cat-comercio-electronico-plugins","8":"product_cat-pago-comercio-electronico-plugins","9":"product_cat-plugins","10":"product_tag-woocommerce","11":"member-discount","12":"discount-restricted","14":"first","15":"instock","16":"sale","17":"downloadable","18":"virtual","19":"sold-individually","20":"purchasable","21":"product-type-simple"},"_links":{"self":[{"href":"https:\/\/gpl-love.com\/es\/wp-json\/wp\/v2\/product\/147417","targetHints":{"allow":["GET"]}}],"collection":[{"href":"https:\/\/gpl-love.com\/es\/wp-json\/wp\/v2\/product"}],"about":[{"href":"https:\/\/gpl-love.com\/es\/wp-json\/wp\/v2\/types\/product"}],"replies":[{"embeddable":true,"href":"https:\/\/gpl-love.com\/es\/wp-json\/wp\/v2\/comments?post=147417"}],"wp:featuredmedia":[{"embeddable":true,"href":"https:\/\/gpl-love.com\/es\/wp-json\/wp\/v2\/media\/168994"}],"wp:attachment":[{"href":"https:\/\/gpl-love.com\/es\/wp-json\/wp\/v2\/media?parent=147417"}],"wp:term":[{"taxonomy":"product_brand","embeddable":true,"href":"https:\/\/gpl-love.com\/es\/wp-json\/wp\/v2\/product_brand?post=147417"},{"taxonomy":"product_cat","embeddable":true,"href":"https:\/\/gpl-love.com\/es\/wp-json\/wp\/v2\/product_cat?post=147417"},{"taxonomy":"product_tag","embeddable":true,"href":"https:\/\/gpl-love.com\/es\/wp-json\/wp\/v2\/product_tag?post=147417"}],"curies":[{"name":"wp","href":"https:\/\/api.w.org\/{rel}","templated":true}]}}