{"id":147392,"date":"2025-02-25T00:00:00","date_gmt":"2025-02-25T05:00:00","guid":{"rendered":"https:\/\/gpl-love.com\/es\/producto\/modern-events-calendar-advanced-reports\/"},"modified":"2026-03-09T08:41:51","modified_gmt":"2026-03-09T13:41:51","slug":"modern-events-calendar-advanced-reports","status":"publish","type":"product","link":"https:\/\/gpl-love.com\/es\/producto\/modern-events-calendar-advanced-reports\/","title":{"rendered":"Modern Events Calendar Advanced Reports 1.1.7"},"content":{"rendered":"<h3>Modern Events Calendar Advanced Reports Caracteristicas<\/h3>\n<p>Modern Events Calendar Advanced Reports es una herramienta integral e integral dise\u00f1ada para racionalizar la gesti\u00f3n de eventos. Este software avanzado ofrece caracter\u00edsticas de informes s\u00f3lidas que permiten a los organizadores del evento monitorear la demograf\u00eda de los asistentes, la venta de entradas, los ingresos y m\u00e1s en tiempo real. Se integra perfectamente con sus sistemas de calendario existentes y ofrece interfaces f\u00e1ciles de usar, lo que facilita la generaci\u00f3n y analiza informes detallados. Con su dise\u00f1o intuitivo y caracter\u00edsticas poderosas, los informes avanzados del calendario de eventos modernos son una herramienta esencial para empresas o personas que necesitan realizar un seguimiento de todos los aspectos de sus eventos meticulosamente. Este producto es capaz de manejar m\u00faltiples eventos simult\u00e1neamente, proporcionando un nivel incomparable de organizaci\u00f3n y eficiencia.<\/p>\n<ul>\n<li>Ofrece caracter\u00edsticas de informes avanzados para el calendario de eventos modernos, una herramienta de programaci\u00f3n.<\/li>\n<li>Permite a los usuarios rastrear, analizar y administrar f\u00e1cilmente los datos de eventos en informes completos.<\/li>\n<li>Proporciona herramientas para personalizar informes como filtros, opciones de clasificaci\u00f3n y varios modos de visualizaci\u00f3n.<\/li>\n<li>Incluye opciones para exportar informes a diferentes formatos de archivo como CSV y PDF.<\/li>\n<li>Permite a los organizadores del evento obtener informaci\u00f3n sobre el comportamiento de los asistentes y el rendimiento del evento.<\/li>\n<li>Compatible con varios constructores y plataformas de sitios web para una integraci\u00f3n perfecta.<\/li>\n<li>Proporciona actualizaciones y notificaciones en tiempo real para los cambios en los datos de eventos.<\/li>\n<li>Admite la funcionalidad de varios idiomas, lo que lo hace adecuado para el uso global.<\/li>\n<li>Equipado con una interfaz f\u00e1cil de usar dise\u00f1ada para una f\u00e1cil navegaci\u00f3n y uso.<\/li>\n<li>Permite el an\u00e1lisis en profundidad de los datos con sus opciones avanzadas de b\u00fasqueda y filtro.<\/li>\n<\/ul>\n","protected":false},"excerpt":{"rendered":"<p>La funci\u00f3n de informes avanzados en la herramienta de programaci\u00f3n contempor\u00e1nea conocida como calendario de eventos modernos es un componente incre\u00edblemente detallado e intrincado. Esta caracter\u00edstica proporciona a los usuarios una gran cantidad de datos e informaci\u00f3n, lo que les permite obtener una comprensi\u00f3n integral y profunda de sus eventos. Adem\u00e1s de esto, les permite analizar y administrar sus eventos de manera m\u00e1s efectiva y eficiente, ayudando as\u00ed en su planificaci\u00f3n y ejecuci\u00f3n general de eventos.<\/p>\n","protected":false},"featured_media":168993,"comment_status":"open","ping_status":"open","template":"","meta":[],"product_brand":[2408],"product_cat":[1212,1206,1211],"product_tag":[1419],"class_list":{"0":"post-147392","1":"product","2":"type-product","3":"status-publish","4":"has-post-thumbnail","6":"product_brand-webnus","7":"product_cat-administracion-wordpress-plugins","8":"product_cat-plugins","9":"product_cat-wordpress-plugins","10":"product_tag-webnus","11":"member-discount","12":"discount-restricted","14":"first","15":"instock","16":"sale","17":"downloadable","18":"virtual","19":"sold-individually","20":"purchasable","21":"product-type-simple"},"_links":{"self":[{"href":"https:\/\/gpl-love.com\/es\/wp-json\/wp\/v2\/product\/147392","targetHints":{"allow":["GET"]}}],"collection":[{"href":"https:\/\/gpl-love.com\/es\/wp-json\/wp\/v2\/product"}],"about":[{"href":"https:\/\/gpl-love.com\/es\/wp-json\/wp\/v2\/types\/product"}],"replies":[{"embeddable":true,"href":"https:\/\/gpl-love.com\/es\/wp-json\/wp\/v2\/comments?post=147392"}],"wp:featuredmedia":[{"embeddable":true,"href":"https:\/\/gpl-love.com\/es\/wp-json\/wp\/v2\/media\/168993"}],"wp:attachment":[{"href":"https:\/\/gpl-love.com\/es\/wp-json\/wp\/v2\/media?parent=147392"}],"wp:term":[{"taxonomy":"product_brand","embeddable":true,"href":"https:\/\/gpl-love.com\/es\/wp-json\/wp\/v2\/product_brand?post=147392"},{"taxonomy":"product_cat","embeddable":true,"href":"https:\/\/gpl-love.com\/es\/wp-json\/wp\/v2\/product_cat?post=147392"},{"taxonomy":"product_tag","embeddable":true,"href":"https:\/\/gpl-love.com\/es\/wp-json\/wp\/v2\/product_tag?post=147392"}],"curies":[{"name":"wp","href":"https:\/\/api.w.org\/{rel}","templated":true}]}}