{"id":147391,"date":"2026-04-07T00:00:00","date_gmt":"2026-04-07T05:00:00","guid":{"rendered":"https:\/\/gpl-love.com\/es\/producto\/bricksforge\/"},"modified":"2026-04-07T17:16:35","modified_gmt":"2026-04-07T22:16:35","slug":"bricksforge","status":"publish","type":"product","link":"https:\/\/gpl-love.com\/es\/producto\/bricksforge\/","title":{"rendered":"Bricksforge 3.1.8.5"},"content":{"rendered":"<h3>Bricksforge Caracteristicas<\/h3>\n<p>Bricksforge es un conjunto de herramientas integral meticulosamente elaborado para elevar la experiencia del constructor de ladrillos para los desarrolladores de WordPress. Con una amplia gama de caracter\u00edsticas integradas sin problemas en los ladrillos, agiliza el proceso de desarrollo, fomentando la eficiencia y la creatividad. Bricksforge desbloquea un potencial ilimitado, con una base de c\u00f3digo pr\u00edstina, una estructura de peso pluma y el cumplimiento de las mejores pr\u00e1cticas de la industria. Se destaca como un activo indispensable para los entusiastas de los ladrillos, lo que les permite elevar sus esfuerzos de desarrollo a nuevas alturas.<\/p>\n<ul>\n<li>Empodera a los usuarios con soluciones de creaci\u00f3n de sitios web personalizables<\/li>\n<li>Streamlines la creaci\u00f3n del sitio web a trav\u00e9s de una interfaz intuitiva de arrastrar y soltar<\/li>\n<li>Presenta una variedad diversa de plantillas cautivadoras y posibilidades de dise\u00f1o<\/li>\n<li>Facilita la integraci\u00f3n sin esfuerzo de complementos y extensiones de terceros<\/li>\n<li>Asegura la capacidad de respuesta y la amistad m\u00f3vil en el dise\u00f1o<\/li>\n<li>Incluye herramientas de SEO incorporadas para mejorar la visibilidad del motor de b\u00fasqueda<\/li>\n<li>Ofrece servicios de alojamiento seguros y confiables<\/li>\n<li>Promueve vistas previas de colaboraci\u00f3n en tiempo real y sitios web sobre la marcha<\/li>\n<li>Equipar a los usuarios con an\u00e1lisis de an\u00e1lisis y seguimiento para el monitoreo continuo del rendimiento del sitio web<\/li>\n<li>Ofrece planes de fijaci\u00f3n de precios amigables con el presupuesto adaptados a empresas de todas las escalas<\/li>\n<li>Respalda todo con atenci\u00f3n al cliente excepcional y asistencia t\u00e9cnica<\/li>\n<\/ul>\n","protected":false},"excerpt":{"rendered":"<p>Bricksforge es un conjunto de herramientas integral meticulosamente elaborado para elevar la experiencia de desarrollo de WordPress para los entusiastas de los constructores de ladrillos. Repleto de una amplia gama de caracter\u00edsticas, se integra sin problemas con los ladrillos, racionalizando el proceso de desarrollo y fomentando la creatividad. Bricksforge desbloquea un potencial ilimitado, gracias a su c\u00f3digo pr\u00edstino, marco \u00e1gil y adherencia a las mejores pr\u00e1cticas de la industria. Ya sea que sea un aficionado a los ladrillos experimentados o un reci\u00e9n llegado, Bricksforge es un compa\u00f1ero indispensable que impulsa sus esfuerzos de desarrollo a las nuevas alturas.<\/p>\n","protected":false},"featured_media":168992,"comment_status":"open","ping_status":"open","template":"","meta":[],"product_brand":[2672],"product_cat":[1214,1206,1211],"product_tag":[2305],"class_list":{"0":"post-147391","1":"product","2":"type-product","3":"status-publish","4":"has-post-thumbnail","6":"product_brand-bricksforge","7":"product_cat-personalizacion","8":"product_cat-plugins","9":"product_cat-wordpress-plugins","10":"product_tag-bricksforge","11":"member-discount","12":"discount-restricted","14":"first","15":"instock","16":"sale","17":"downloadable","18":"virtual","19":"sold-individually","20":"purchasable","21":"product-type-simple"},"_links":{"self":[{"href":"https:\/\/gpl-love.com\/es\/wp-json\/wp\/v2\/product\/147391","targetHints":{"allow":["GET"]}}],"collection":[{"href":"https:\/\/gpl-love.com\/es\/wp-json\/wp\/v2\/product"}],"about":[{"href":"https:\/\/gpl-love.com\/es\/wp-json\/wp\/v2\/types\/product"}],"replies":[{"embeddable":true,"href":"https:\/\/gpl-love.com\/es\/wp-json\/wp\/v2\/comments?post=147391"}],"wp:featuredmedia":[{"embeddable":true,"href":"https:\/\/gpl-love.com\/es\/wp-json\/wp\/v2\/media\/168992"}],"wp:attachment":[{"href":"https:\/\/gpl-love.com\/es\/wp-json\/wp\/v2\/media?parent=147391"}],"wp:term":[{"taxonomy":"product_brand","embeddable":true,"href":"https:\/\/gpl-love.com\/es\/wp-json\/wp\/v2\/product_brand?post=147391"},{"taxonomy":"product_cat","embeddable":true,"href":"https:\/\/gpl-love.com\/es\/wp-json\/wp\/v2\/product_cat?post=147391"},{"taxonomy":"product_tag","embeddable":true,"href":"https:\/\/gpl-love.com\/es\/wp-json\/wp\/v2\/product_tag?post=147391"}],"curies":[{"name":"wp","href":"https:\/\/api.w.org\/{rel}","templated":true}]}}