{"id":147387,"date":"2025-12-28T00:00:00","date_gmt":"2025-12-28T05:00:00","guid":{"rendered":"https:\/\/gpl-love.com\/es\/producto\/bricks-ultimate\/"},"modified":"2026-03-09T08:41:45","modified_gmt":"2026-03-09T13:41:45","slug":"bricks-ultimate","status":"publish","type":"product","link":"https:\/\/gpl-love.com\/es\/producto\/bricks-ultimate\/","title":{"rendered":"Bricks Ultimate 2.2.17"},"content":{"rendered":"<h3>Bricks Ultimate Caracteristicas<\/h3>\n<p>BrickSultimate representa un complemento de primer nivel dise\u00f1ado meticulosamente para el constructor de ladrillos. Esta extensi\u00f3n premium viene equipada con un extenso conjunto de funcionalidades que elevan la experiencia de desarrollo del sitio web. Aligue no solo elementos fundamentales como men\u00fas de navegaci\u00f3n animados, men\u00fas de acorde\u00f3n y constructores emergentes de Ajax, sino tambi\u00e9n elementos especializados adaptados para WooCommerce. El objetivo principal de este complemento es capacitar a los usuarios para crear plataformas en l\u00ednea visualmente impresionantes y f\u00e1ciles de usar.<\/p>\n<ul>\n<li>Empoderar a los usuarios a trav\u00e9s de soluciones de creaci\u00f3n de sitios web personalizables<\/li>\n<li>Agilizar la creaci\u00f3n del sitio web con una interfaz intuitiva de arrastrar y soltar<\/li>\n<li>Presentar una amplia gama de plantillas cautivadoras y opciones de dise\u00f1o<\/li>\n<li>Habilitar la integraci\u00f3n perfecta de complementos y extensiones de terceros<\/li>\n<li>Garantizar dise\u00f1os receptivos y amigables con los dispositivos m\u00f3viles<\/li>\n<li>Proporcionar herramientas de SEO incorporadas para una mejor visibilidad del motor de b\u00fasqueda<\/li>\n<li>Entrega de servicios de alojamiento seguros y confiables<\/li>\n<li>Fomentar avances de colaboraci\u00f3n en tiempo real y sitios web instant\u00e1neos<\/li>\n<li>Equipar a los usuarios con an\u00e1lisis de an\u00e1lisis y seguimiento para el monitoreo continuo del rendimiento del sitio web<\/li>\n<li>Ofreciendo planes de precios rentables adaptados a empresas de todos los tama\u00f1os<\/li>\n<li>Respaldado por una excepcional atenci\u00f3n al cliente y asistencia t\u00e9cnica<\/li>\n<\/ul>\n","protected":false},"excerpt":{"rendered":"<p>BrickSultimate se erige como un complemento de primer nivel meticulosamente elaborado para el Bricks Builder, proporcionando un extenso conjunto de funcionalidades para elevar la creaci\u00f3n del sitio web. Estas caracter\u00edsticas abarcan elementos fundamentales como men\u00fas animados de hamburguesas, navegaci\u00f3n al estilo de acorde\u00f3n, constructores emergentes con sede en AJAX y un conjunto especializado adaptado para la integraci\u00f3n de WooCommerce. Este complemento ha sido cuidadosamente dise\u00f1ado para capacitar a los usuarios para crear sitios web visualmente impresionantes y f\u00e1ciles de usar en la web.<\/p>\n","protected":false},"featured_media":168988,"comment_status":"open","ping_status":"open","template":"","meta":[],"product_brand":[2670],"product_cat":[1214,1206,1211],"product_tag":[2303],"class_list":{"0":"post-147387","1":"product","2":"type-product","3":"status-publish","4":"has-post-thumbnail","6":"product_brand-bricks-ultimate","7":"product_cat-personalizacion","8":"product_cat-plugins","9":"product_cat-wordpress-plugins","10":"product_tag-bricks-ultimate","11":"member-discount","12":"discount-restricted","14":"first","15":"instock","16":"sale","17":"downloadable","18":"virtual","19":"sold-individually","20":"purchasable","21":"product-type-simple"},"_links":{"self":[{"href":"https:\/\/gpl-love.com\/es\/wp-json\/wp\/v2\/product\/147387","targetHints":{"allow":["GET"]}}],"collection":[{"href":"https:\/\/gpl-love.com\/es\/wp-json\/wp\/v2\/product"}],"about":[{"href":"https:\/\/gpl-love.com\/es\/wp-json\/wp\/v2\/types\/product"}],"replies":[{"embeddable":true,"href":"https:\/\/gpl-love.com\/es\/wp-json\/wp\/v2\/comments?post=147387"}],"wp:featuredmedia":[{"embeddable":true,"href":"https:\/\/gpl-love.com\/es\/wp-json\/wp\/v2\/media\/168988"}],"wp:attachment":[{"href":"https:\/\/gpl-love.com\/es\/wp-json\/wp\/v2\/media?parent=147387"}],"wp:term":[{"taxonomy":"product_brand","embeddable":true,"href":"https:\/\/gpl-love.com\/es\/wp-json\/wp\/v2\/product_brand?post=147387"},{"taxonomy":"product_cat","embeddable":true,"href":"https:\/\/gpl-love.com\/es\/wp-json\/wp\/v2\/product_cat?post=147387"},{"taxonomy":"product_tag","embeddable":true,"href":"https:\/\/gpl-love.com\/es\/wp-json\/wp\/v2\/product_tag?post=147387"}],"curies":[{"name":"wp","href":"https:\/\/api.w.org\/{rel}","templated":true}]}}