{"id":147386,"date":"2025-09-10T00:00:00","date_gmt":"2025-09-10T05:00:00","guid":{"rendered":"https:\/\/gpl-love.com\/es\/producto\/elemailer-pro\/"},"modified":"2026-03-09T08:41:43","modified_gmt":"2026-03-09T13:41:43","slug":"elemailer-pro","status":"publish","type":"product","link":"https:\/\/gpl-love.com\/es\/producto\/elemailer-pro\/","title":{"rendered":"Elemailer Pro 4.1.9"},"content":{"rendered":"<h3>Elemailer Pro Caracteristicas<\/h3>\n<p>Elemailer Pro es un complemento de marketing por correo electr\u00f3nico de primer nivel dise\u00f1ado espec\u00edficamente para WordPress. Esta herramienta avanzada lo ayuda a crear campa\u00f1as de correo electr\u00f3nico impresionantes, atractivas y efectivas directamente desde su tablero de WordPress. Elemailer Pro ofrece una variedad de caracter\u00edsticas que incluyen creador de correo electr\u00f3nico de arrastrar y soltar, segmentaci\u00f3n avanzada, automatizaci\u00f3n y an\u00e1lisis para optimizar su estrategia de marketing por correo electr\u00f3nico. El software se integra a la perfecci\u00f3n con diferentes complementos de WordPress para ayudarlo a capturar clientes potenciales, hacer crecer su lista de suscriptores y convertirlos en clientes leales. Con Elemailer Pro, puede dise\u00f1ar correos electr\u00f3nicos profesionales y personalizados sin ninguna habilidad de codificaci\u00f3n, por lo que es ideal para que las empresas de todos los tama\u00f1os racionalicen su proceso de marketing por correo electr\u00f3nico.<\/p>\n<ul>\n<li>Elemailer Pro es un complemento avanzado de marketing por correo electr\u00f3nico dise\u00f1ado para usuarios de WordPress.<\/li>\n<li>Aproveche Elementor, el principal constructor de p\u00e1ginas de WordPress del mundo, para crear correos electr\u00f3nicos impresionantes.<\/li>\n<li>Permite una integraci\u00f3n perfecta con los proveedores de servicios de correo electr\u00f3nico m\u00e1s populares como MailChimp, SendInblue y otros.<\/li>\n<li>Ofrece un dise\u00f1o de correo electr\u00f3nico en tiempo real con vistas previas para garantizar una apariencia \u00f3ptima antes de enviar.<\/li>\n<li>Admite campa\u00f1as de correo electr\u00f3nico automatizadas, ayudando a ahorrar tiempo y aumentar la eficiencia.<\/li>\n<li>Asegura correos electr\u00f3nicos receptivos que se vean perfectos en todos los dispositivos y clientes de correo electr\u00f3nico.<\/li>\n<li>Proporciona an\u00e1lisis de an\u00e1lisis y seguimiento en profundidad para una mejor comprensi\u00f3n y monitoreo de la participaci\u00f3n de la audiencia.<\/li>\n<li>Incluye numerosas plantillas personalizables para satisfacer diversas necesidades y campa\u00f1as comerciales.<\/li>\n<li>Asegura altas tasas de entrega con su cumplimiento de las regulaciones de correo electr\u00f3nico y las mejores pr\u00e1cticas.<\/li>\n<li>Ofrece asistencia al cliente 24\/7 asistiendo con configuraci\u00f3n, soluci\u00f3n de problemas y otras consultas.<\/li>\n<li>Permite la importaci\u00f3n de contactos sin complicaciones y una f\u00e1cil gesti\u00f3n de listas de suscriptores.<\/li>\n<li>Ideal para due\u00f1os de negocios, vendedores digitales, bloggers y cualquier persona que busque optimizar su proceso de marketing por correo electr\u00f3nico.<\/li>\n<li>Viene con un modelo de precios flexible para adaptarse a las empresas de todos los tama\u00f1os.<\/li>\n<\/ul>\n","protected":false},"excerpt":{"rendered":"<p>Elemailer Pro, un programa sofisticado de software que mejora la eficiencia de las campa\u00f1as de marketing por correo electr\u00f3nico, es una herramienta innovadora que est\u00e1 dise\u00f1ada para empresas que buscan aprovechar el poder de la comunicaci\u00f3n digital. Este software avanzado no solo permite a los usuarios administrar y optimizar sus estrategias de marketing por correo electr\u00f3nico, sino que tambi\u00e9n les permite crear correos electr\u00f3nicos convincentes y personalizados que pueden involucrar efectivamente a su audiencia e impulsar m\u00e1s conversiones. Adem\u00e1s, est\u00e1 construido con caracter\u00edsticas \u00fanicas que lo hacen extremadamente eficiente y f\u00e1cil de usar, por lo que es una opci\u00f3n popular para las empresas con el objetivo de aumentar sus esfuerzos de marketing digital.<\/p>\n","protected":false},"featured_media":168987,"comment_status":"open","ping_status":"open","template":"","meta":[],"product_brand":[2669],"product_cat":[1232,1206,1211],"product_tag":[2302],"class_list":{"0":"post-147386","1":"product","2":"type-product","3":"status-publish","4":"has-post-thumbnail","6":"product_brand-elemailer","7":"product_cat-marketing-wordpress-plugins","8":"product_cat-plugins","9":"product_cat-wordpress-plugins","10":"product_tag-elemailer","11":"member-discount","12":"discount-restricted","14":"first","15":"instock","16":"sale","17":"downloadable","18":"virtual","19":"sold-individually","20":"purchasable","21":"product-type-simple"},"_links":{"self":[{"href":"https:\/\/gpl-love.com\/es\/wp-json\/wp\/v2\/product\/147386","targetHints":{"allow":["GET"]}}],"collection":[{"href":"https:\/\/gpl-love.com\/es\/wp-json\/wp\/v2\/product"}],"about":[{"href":"https:\/\/gpl-love.com\/es\/wp-json\/wp\/v2\/types\/product"}],"replies":[{"embeddable":true,"href":"https:\/\/gpl-love.com\/es\/wp-json\/wp\/v2\/comments?post=147386"}],"wp:featuredmedia":[{"embeddable":true,"href":"https:\/\/gpl-love.com\/es\/wp-json\/wp\/v2\/media\/168987"}],"wp:attachment":[{"href":"https:\/\/gpl-love.com\/es\/wp-json\/wp\/v2\/media?parent=147386"}],"wp:term":[{"taxonomy":"product_brand","embeddable":true,"href":"https:\/\/gpl-love.com\/es\/wp-json\/wp\/v2\/product_brand?post=147386"},{"taxonomy":"product_cat","embeddable":true,"href":"https:\/\/gpl-love.com\/es\/wp-json\/wp\/v2\/product_cat?post=147386"},{"taxonomy":"product_tag","embeddable":true,"href":"https:\/\/gpl-love.com\/es\/wp-json\/wp\/v2\/product_tag?post=147386"}],"curies":[{"name":"wp","href":"https:\/\/api.w.org\/{rel}","templated":true}]}}