{"id":147385,"date":"2026-01-10T00:00:00","date_gmt":"2026-01-10T05:00:00","guid":{"rendered":"https:\/\/gpl-love.com\/es\/producto\/modern-events-calendar-rsvp-events\/"},"modified":"2026-03-09T08:41:30","modified_gmt":"2026-03-09T13:41:30","slug":"modern-events-calendar-rsvp-events","status":"publish","type":"product","link":"https:\/\/gpl-love.com\/es\/producto\/modern-events-calendar-rsvp-events\/","title":{"rendered":"Modern Events Calendar RSVP Events 1.6.0"},"content":{"rendered":"<h3>Modern Events Calendar RSVP Events Caracteristicas<\/h3>\n<p>El calendario de eventos modernos RSVP Events es un producto din\u00e1mico e innovador dise\u00f1ado para optimizar su proceso de planificaci\u00f3n de eventos. Esta herramienta permite a los usuarios crear, administrar y personalizar eventos directamente desde su dispositivo. Con caracter\u00edsticas como el seguimiento de RSVP, las actualizaciones del calendario en tiempo real y las opciones de visi\u00f3n m\u00faltiples, la organizaci\u00f3n de eventos nunca ha sido m\u00e1s f\u00e1cil. Los usuarios pueden invitar a los asistentes, rastrear respuestas e incluso vender boletos en l\u00ednea. Su interfaz moderna e intuitiva ofrece una navegaci\u00f3n perfecta y un f\u00e1cil control sobre cada aspecto de su evento. Tambi\u00e9n es altamente compatible y puede integrarse con varias plataformas para una funcionalidad mejorada. El calendario de eventos modernos RSVP Events es una herramienta indispensable para individuos, empresas u organizaciones que regularmente planean eventos.<\/p>\n<ul>\n<li>El calendario de eventos modernos RSVP Events es una herramienta de gesti\u00f3n de eventos de vanguardia dise\u00f1ada para uso personal y profesional.<\/li>\n<li>Cuenta con una interfaz f\u00e1cil de usar que simplifica la planificaci\u00f3n y la organizaci\u00f3n de los eventos.<\/li>\n<li>Viene con un sistema RSVP \u00fanico, lo que le permite rastrear y administrar las respuestas de los invitados con facilidad.<\/li>\n<li>Ofrece dise\u00f1os de calendario modernos y est\u00e9ticamente agradables para integrarse perfectamente en su sitio web o plataformas de redes sociales existentes.<\/li>\n<li>Proporciona opciones para eventos recurrentes, lo que lo hace ideal para reuniones semanales o mensuales, clases o reuniones.<\/li>\n<li>Admite m\u00faltiples opciones de pago para eventos pagados, ofreciendo conveniencia tanto para el organizador como para los asistentes.<\/li>\n<li>Incluye alertas de notificaci\u00f3n y recordatorios para garantizar que no se pierda ning\u00fan evento.<\/li>\n<li>Permite una personalizaci\u00f3n f\u00e1cil, desde detalles del evento hasta dise\u00f1os de calendario, para que coincida con su marca o tema.<\/li>\n<li>La plataforma se actualiza constantemente para garantizar la compatibilidad con las \u00faltimas tecnolog\u00edas y tendencias web.<\/li>\n<li>Viene con una excelente atenci\u00f3n al cliente para ayudar con cualquier consulta o problema t\u00e9cnico.<\/li>\n<\/ul>\n","protected":false},"excerpt":{"rendered":"<p>El sistema de programaci\u00f3n contempor\u00e1neo conocido como el calendario de eventos modernos est\u00e1 meticulosamente dise\u00f1ado para registrar y administrar eventos de RSVP. Esta herramienta sofisticada ofrece una interfaz interactiva para que los usuarios simplifiquen el proceso de programaci\u00f3n, organizaci\u00f3n y gesti\u00f3n de eventos RSVP de manera efectiva y eficiente, asegurando que no se pasen por alto ning\u00fan detalle.<\/p>\n","protected":false},"featured_media":168977,"comment_status":"open","ping_status":"open","template":"","meta":[],"product_brand":[2408],"product_cat":[1214,1206,1211],"product_tag":[1419],"class_list":{"0":"post-147385","1":"product","2":"type-product","3":"status-publish","4":"has-post-thumbnail","6":"product_brand-webnus","7":"product_cat-personalizacion","8":"product_cat-plugins","9":"product_cat-wordpress-plugins","10":"product_tag-webnus","11":"member-discount","12":"discount-restricted","14":"first","15":"instock","16":"sale","17":"downloadable","18":"virtual","19":"sold-individually","20":"purchasable","21":"product-type-simple"},"_links":{"self":[{"href":"https:\/\/gpl-love.com\/es\/wp-json\/wp\/v2\/product\/147385","targetHints":{"allow":["GET"]}}],"collection":[{"href":"https:\/\/gpl-love.com\/es\/wp-json\/wp\/v2\/product"}],"about":[{"href":"https:\/\/gpl-love.com\/es\/wp-json\/wp\/v2\/types\/product"}],"replies":[{"embeddable":true,"href":"https:\/\/gpl-love.com\/es\/wp-json\/wp\/v2\/comments?post=147385"}],"wp:featuredmedia":[{"embeddable":true,"href":"https:\/\/gpl-love.com\/es\/wp-json\/wp\/v2\/media\/168977"}],"wp:attachment":[{"href":"https:\/\/gpl-love.com\/es\/wp-json\/wp\/v2\/media?parent=147385"}],"wp:term":[{"taxonomy":"product_brand","embeddable":true,"href":"https:\/\/gpl-love.com\/es\/wp-json\/wp\/v2\/product_brand?post=147385"},{"taxonomy":"product_cat","embeddable":true,"href":"https:\/\/gpl-love.com\/es\/wp-json\/wp\/v2\/product_cat?post=147385"},{"taxonomy":"product_tag","embeddable":true,"href":"https:\/\/gpl-love.com\/es\/wp-json\/wp\/v2\/product_tag?post=147385"}],"curies":[{"name":"wp","href":"https:\/\/api.w.org\/{rel}","templated":true}]}}