{"id":147384,"date":"2026-04-16T00:00:00","date_gmt":"2026-04-16T05:00:00","guid":{"rendered":"https:\/\/gpl-love.com\/es\/producto\/modern-events-calendar-zoom\/"},"modified":"2026-04-16T17:17:23","modified_gmt":"2026-04-16T22:17:23","slug":"modern-events-calendar-zoom","status":"publish","type":"product","link":"https:\/\/gpl-love.com\/es\/producto\/modern-events-calendar-zoom\/","title":{"rendered":"Modern Events Calendar Zoom 1.3.5"},"content":{"rendered":"<h3>Modern Events Calendar Zoom Caracteristicas<\/h3>\n<p>Modern Events Calendar Zoom es una innovadora herramienta digital dise\u00f1ada para optimizar el proceso de administraci\u00f3n y programaci\u00f3n de eventos. Este software avanzado se integra a la perfecci\u00f3n con Zoom, una plataforma de comunicaciones de video l\u00edder, para proporcionar una forma sin problemas de organizar reuniones virtuales, seminarios web y conferencias. El producto presenta una interfaz f\u00e1cil de usar, que permite a los usuarios crear y administrar eventos directamente desde el tablero. Las funcionalidades adicionales incluyen notificaciones autom\u00e1ticas, sincronizaci\u00f3n en tiempo real y soporte de varios idiomas. Con los eventos modernos, el zoom del calendario, los usuarios pueden convertir sin esfuerzo sus eventos f\u00edsicos en virtuales, asegurando el flujo de trabajo ininterrumpido y la productividad en el entorno de trabajo remoto actual. Este producto es ideal para empresas, sectores educativo y personas que buscan una soluci\u00f3n de gesti\u00f3n de eventos en l\u00ednea confiable y eficiente.<\/p>\n<ul>\n<li>Una soluci\u00f3n de integraci\u00f3n perfecta para programar y administrar eventos en l\u00ednea.<\/li>\n<li>Permite la creaci\u00f3n, promoci\u00f3n y alojamiento de eventos directamente desde su sitio web.<\/li>\n<li>Agiliza el proceso de configuraci\u00f3n de reuniones de zoom o seminarios web para los asistentes al evento.<\/li>\n<li>Compatible con el popular complemento de calendario de eventos modernos para WordPress.<\/li>\n<li>Proporciona acceso directo a las funciones de Zoom desde el tablero de administraci\u00f3n de eventos.<\/li>\n<li>Habilita actualizaciones en tiempo real para eventos y sincronizaci\u00f3n autom\u00e1tica con Zoom.<\/li>\n<li>Ofrece c\u00f3digos cortos para agregar f\u00e1cilmente reuniones de zoom a las descripciones de su evento.<\/li>\n<li>Admite m\u00faltiples cuentas de zoom para una mejor organizaci\u00f3n de diferentes eventos.<\/li>\n<li>Prioriza la conveniencia del usuario y mejora la experiencia general de gesti\u00f3n de eventos.<\/li>\n<li>Ideal para empresas, organizaciones sin fines de lucro, instituciones educativas o cualquier persona que regularmente organice eventos en l\u00ednea.<\/li>\n<li>No requiere habilidades t\u00e9cnicas para configurar, haci\u00e9ndolo accesible para todos los usuarios.<\/li>\n<li>Asegura una experiencia de evento virtual suave y profesional tanto para los anfitriones como para los asistentes.<\/li>\n<\/ul>\n","protected":false},"excerpt":{"rendered":"<p>La herramienta de programaci\u00f3n contempor\u00e1nea conocida como el calendario de eventos modernos ahora se ha integrado con el muy popular software de videoconferencia, Zoom. Esta integraci\u00f3n no solo le permite planificar, administrar y programar sus eventos de una manera m\u00e1s sofisticada, sino que tambi\u00e9n ayuda a fomentar una mejor conexi\u00f3n con su audiencia al proporcionar una experiencia de comunicaci\u00f3n de video perfecta. Esta innovadora amalgamaci\u00f3n de la tecnolog\u00eda garantiza la organizaci\u00f3n eficiente y efectiva de sus eventos y reuniones en la era digital moderna.<\/p>\n","protected":false},"featured_media":168976,"comment_status":"open","ping_status":"open","template":"","meta":[],"product_brand":[2408],"product_cat":[1214,1206,1211],"product_tag":[1419],"class_list":{"0":"post-147384","1":"product","2":"type-product","3":"status-publish","4":"has-post-thumbnail","6":"product_brand-webnus","7":"product_cat-personalizacion","8":"product_cat-plugins","9":"product_cat-wordpress-plugins","10":"product_tag-webnus","11":"member-discount","12":"discount-restricted","14":"first","15":"instock","16":"sale","17":"downloadable","18":"virtual","19":"sold-individually","20":"purchasable","21":"product-type-simple"},"_links":{"self":[{"href":"https:\/\/gpl-love.com\/es\/wp-json\/wp\/v2\/product\/147384","targetHints":{"allow":["GET"]}}],"collection":[{"href":"https:\/\/gpl-love.com\/es\/wp-json\/wp\/v2\/product"}],"about":[{"href":"https:\/\/gpl-love.com\/es\/wp-json\/wp\/v2\/types\/product"}],"replies":[{"embeddable":true,"href":"https:\/\/gpl-love.com\/es\/wp-json\/wp\/v2\/comments?post=147384"}],"wp:featuredmedia":[{"embeddable":true,"href":"https:\/\/gpl-love.com\/es\/wp-json\/wp\/v2\/media\/168976"}],"wp:attachment":[{"href":"https:\/\/gpl-love.com\/es\/wp-json\/wp\/v2\/media?parent=147384"}],"wp:term":[{"taxonomy":"product_brand","embeddable":true,"href":"https:\/\/gpl-love.com\/es\/wp-json\/wp\/v2\/product_brand?post=147384"},{"taxonomy":"product_cat","embeddable":true,"href":"https:\/\/gpl-love.com\/es\/wp-json\/wp\/v2\/product_cat?post=147384"},{"taxonomy":"product_tag","embeddable":true,"href":"https:\/\/gpl-love.com\/es\/wp-json\/wp\/v2\/product_tag?post=147384"}],"curies":[{"name":"wp","href":"https:\/\/api.w.org\/{rel}","templated":true}]}}