{"id":147363,"date":"2024-02-22T00:00:00","date_gmt":"2024-02-22T05:00:00","guid":{"rendered":"https:\/\/gpl-love.com\/es\/producto\/buddypress-friendship-restrictions\/"},"modified":"2026-03-09T08:41:39","modified_gmt":"2026-03-09T13:41:39","slug":"buddypress-friendship-restrictions","status":"publish","type":"product","link":"https:\/\/gpl-love.com\/es\/producto\/buddypress-friendship-restrictions\/","title":{"rendered":"BuddyPress Friendship Restrictions 1.1.6"},"content":{"rendered":"<h3>BuddyPress Friendship Restrictions Caracteristicas<\/h3>\n<p>Las restricciones de amistad de BuddyPress es un complemento muy efectivo dise\u00f1ado para agregar una capa adicional de control y personalizaci\u00f3n a su comunidad de BuddyPress. Esta herramienta innovadora permite a los administradores del sitio establecer reglas y restricciones de amistad espec\u00edficas para diferentes niveles de miembros. Es una soluci\u00f3n ideal para administrar el compromiso y la interacci\u00f3n de su comunidad en l\u00ednea, alentar conexiones significativas y evitar el spam o el contacto no deseado. Ya sea que desee limitar qui\u00e9n puede enviar solicitudes de amistad o establecer diferentes capacidades de amistad basadas en roles de usuario, BuddyPress Friendship Restricciones lo ha cubierto. Es f\u00e1cil de usar, f\u00e1cil de integrar y una valiosa adici\u00f3n a cualquier sitio web alimentado por BuddyPress.<\/p>\n<ul>\n<li>Las restricciones de amistad de BuddyPress son un complemento din\u00e1mico de WordPress.<\/li>\n<li>Permite la personalizaci\u00f3n y el control de las conexiones de amistad en los sitios habilitados para BuddyPress.<\/li>\n<li>Proporciona caracter\u00edsticas para establecer restricciones sobre qui\u00e9n puede enviar solicitudes de amistad a qui\u00e9n se basa en los roles de los usuarios.<\/li>\n<li>Mejora la gesti\u00f3n del usuario al permitir que los administradores limiten las conexiones de amistad entre diferentes grupos de usuarios.<\/li>\n<li>Empodera al administrador la capacidad de establecer reglas para las solicitudes de amistad, ayudando a crear un entorno social m\u00e1s seguro y m\u00e1s curado.<\/li>\n<li>Compatible con las \u00faltimas versiones de WordPress y BuddyPress.<\/li>\n<li>F\u00e1cil de instalar, configurar e implementar para una experiencia de usuario m\u00e1s optimizada.<\/li>\n<li>Viene con documentaci\u00f3n detallada para ayudar a los usuarios a navegar a trav\u00e9s del complemento.<\/li>\n<li>Ideal para sitios web comunitarios, sitios de membres\u00eda o cualquier plataforma habilitada para BuddyPress donde se requieren restricciones espec\u00edficas de amistad.<\/li>\n<li>Actualizado regularmente, asegurando la seguridad y la compatibilidad con las \u00faltimas actualizaciones de WordPress y BuddyPress.<\/li>\n<\/ul>\n","protected":false},"excerpt":{"rendered":"<p>Las restricciones aplicadas en el m\u00f3dulo de interacci\u00f3n popularmente conocido como BuddyPress, que se centran espec\u00edficamente en la subcategor\u00eda de la amistad, est\u00e1n bajo escrutinio. Estas limitaciones regulan y controlan la forma en que los usuarios pueden formar, mantener o terminar lazos de amistad dentro de la comunidad din\u00e1mica de BuddyPress. Esto garantiza una plataforma segura y segura para todos los usuarios, mejorando la experiencia general del usuario. Por lo tanto, es de suma importancia comprender adecuadamente las complejidades de las restricciones de amistad de BuddyPress.<\/p>\n","protected":false},"featured_media":168984,"comment_status":"open","ping_status":"open","template":"","meta":[],"product_brand":[2387],"product_cat":[1325,1206,1211],"product_tag":[1818],"class_list":{"0":"post-147363","1":"product","2":"type-product","3":"status-publish","4":"has-post-thumbnail","6":"product_brand-buddydev","7":"product_cat-afiliacion","8":"product_cat-plugins","9":"product_cat-wordpress-plugins","10":"product_tag-buddydev","11":"member-discount","12":"discount-restricted","14":"first","15":"instock","16":"sale","17":"downloadable","18":"virtual","19":"sold-individually","20":"purchasable","21":"product-type-simple"},"_links":{"self":[{"href":"https:\/\/gpl-love.com\/es\/wp-json\/wp\/v2\/product\/147363","targetHints":{"allow":["GET"]}}],"collection":[{"href":"https:\/\/gpl-love.com\/es\/wp-json\/wp\/v2\/product"}],"about":[{"href":"https:\/\/gpl-love.com\/es\/wp-json\/wp\/v2\/types\/product"}],"replies":[{"embeddable":true,"href":"https:\/\/gpl-love.com\/es\/wp-json\/wp\/v2\/comments?post=147363"}],"wp:featuredmedia":[{"embeddable":true,"href":"https:\/\/gpl-love.com\/es\/wp-json\/wp\/v2\/media\/168984"}],"wp:attachment":[{"href":"https:\/\/gpl-love.com\/es\/wp-json\/wp\/v2\/media?parent=147363"}],"wp:term":[{"taxonomy":"product_brand","embeddable":true,"href":"https:\/\/gpl-love.com\/es\/wp-json\/wp\/v2\/product_brand?post=147363"},{"taxonomy":"product_cat","embeddable":true,"href":"https:\/\/gpl-love.com\/es\/wp-json\/wp\/v2\/product_cat?post=147363"},{"taxonomy":"product_tag","embeddable":true,"href":"https:\/\/gpl-love.com\/es\/wp-json\/wp\/v2\/product_tag?post=147363"}],"curies":[{"name":"wp","href":"https:\/\/api.w.org\/{rel}","templated":true}]}}