{"id":147358,"date":"2026-03-04T00:00:00","date_gmt":"2026-03-04T05:00:00","guid":{"rendered":"https:\/\/gpl-love.com\/es\/producto\/gravity-forms-google-analytics\/"},"modified":"2026-03-09T08:41:33","modified_gmt":"2026-03-09T13:41:33","slug":"gravity-forms-google-analytics","status":"publish","type":"product","link":"https:\/\/gpl-love.com\/es\/producto\/gravity-forms-google-analytics\/","title":{"rendered":"Gravity Forms Google Analytics 2.4.1"},"content":{"rendered":"<h3>Gravity Forms Google Analytics Caracteristicas<\/h3>\n<p>Gravity Forms Google Analytics es una poderosa herramienta digital dise\u00f1ada para mejorar la funcionalidad de su sitio web. Este producto le permite integrar a la perfecci\u00f3n Google Analytics con formularios de gravedad en su sitio web, proporcion\u00e1ndole ideas valiosas y an\u00e1lisis sobre los env\u00edos de formularios. Al rastrear el rendimiento del formulario, puede monitorear f\u00e1cilmente qu\u00e9 formularios est\u00e1n funcionando bien y cu\u00e1les no, lo que le permite optimizar su sitio web para obtener la m\u00e1xima participaci\u00f3n del usuario y tasas de conversi\u00f3n. Con los formularios de gravedad de Google Analytics, tambi\u00e9n puede rastrear la interacci\u00f3n del usuario, identificar tendencias y tomar decisiones basadas en datos para su sitio web comercial o personal. Esta herramienta es f\u00e1cil de usar y no requiere habilidades de codificaci\u00f3n, por lo que es ideal tanto para principiantes como para propietarios de sitios web experimentados.<\/p>\n<ul>\n<li>Gravity Forms Google Analytics es una herramienta poderosa que se integra con su sitio web de WordPress, lo que le permite realizar un seguimiento de los env\u00edos de formulario.<\/li>\n<li>Le permite comprender el comportamiento del usuario, proporcionando datos perspicaces sobre interacciones, env\u00edos y conversiones.<\/li>\n<li>F\u00e1cil de instalar y configurar, no requiere experiencia en codificaci\u00f3n; Simplemente con\u00e9ctese a su cuenta de Google Analytics.<\/li>\n<li>Permite la creaci\u00f3n de eventos y objetivos personalizados en Google Analytics, lo que permite un seguimiento preciso de acciones de forma espec\u00edficas.<\/li>\n<li>Compatible con todos los tipos de formas creadas utilizando formularios de gravedad, incluidos formularios de contacto, encuestas, cuestionarios y m\u00e1s.<\/li>\n<li>Le permite tomar decisiones basadas en datos, mejorar la experiencia del usuario de su sitio web y aumentar las tasas de conversi\u00f3n.<\/li>\n<li>Proporciona un seguimiento en tiempo real para monitorear el rendimiento del formulario y la participaci\u00f3n del usuario al instante.<\/li>\n<li>Mantiene sus datos seguros con la plataforma confiable y confiable de Google Analytics.<\/li>\n<li>Admite tanto Analytics Universal y Google Analytics 4.<\/li>\n<\/ul>\n","protected":false},"excerpt":{"rendered":"<p>Gravity Forms es una herramienta inmensamente popular utilizada para crear formularios avanzados en su sitio web de WordPress. Esta herramienta incorpora una amplia variedad de caracter\u00edsticas y funcionalidades que simplifican significativamente el proceso de crear formularios, realizar encuestas y recopilar datos de usuarios. Una caracter\u00edstica potente de las formas de gravedad es su compatibilidad e integraci\u00f3n con Google Analytics. Esta integraci\u00f3n le permite rastrear el rendimiento de sus formularios, comprender mejor su audiencia y obtener ideas estrat\u00e9gicas de informes detallados. Esta poderosa combinaci\u00f3n de formularios de gravedad y Google Analytics puede contribuir en \u00faltima instancia a una mayor toma de decisiones, una mejor experiencia del usuario y una mayor conversi\u00f3n.<\/p>\n","protected":false},"featured_media":168979,"comment_status":"open","ping_status":"open","template":"","meta":[],"product_brand":[2469],"product_cat":[1232,1206,1211],"product_tag":[1300],"class_list":{"0":"post-147358","1":"product","2":"type-product","3":"status-publish","4":"has-post-thumbnail","6":"product_brand-gravityforms","7":"product_cat-marketing-wordpress-plugins","8":"product_cat-plugins","9":"product_cat-wordpress-plugins","10":"product_tag-gravityforms","11":"member-discount","12":"discount-restricted","14":"first","15":"instock","16":"sale","17":"downloadable","18":"virtual","19":"sold-individually","20":"purchasable","21":"product-type-simple"},"_links":{"self":[{"href":"https:\/\/gpl-love.com\/es\/wp-json\/wp\/v2\/product\/147358","targetHints":{"allow":["GET"]}}],"collection":[{"href":"https:\/\/gpl-love.com\/es\/wp-json\/wp\/v2\/product"}],"about":[{"href":"https:\/\/gpl-love.com\/es\/wp-json\/wp\/v2\/types\/product"}],"replies":[{"embeddable":true,"href":"https:\/\/gpl-love.com\/es\/wp-json\/wp\/v2\/comments?post=147358"}],"wp:featuredmedia":[{"embeddable":true,"href":"https:\/\/gpl-love.com\/es\/wp-json\/wp\/v2\/media\/168979"}],"wp:attachment":[{"href":"https:\/\/gpl-love.com\/es\/wp-json\/wp\/v2\/media?parent=147358"}],"wp:term":[{"taxonomy":"product_brand","embeddable":true,"href":"https:\/\/gpl-love.com\/es\/wp-json\/wp\/v2\/product_brand?post=147358"},{"taxonomy":"product_cat","embeddable":true,"href":"https:\/\/gpl-love.com\/es\/wp-json\/wp\/v2\/product_cat?post=147358"},{"taxonomy":"product_tag","embeddable":true,"href":"https:\/\/gpl-love.com\/es\/wp-json\/wp\/v2\/product_tag?post=147358"}],"curies":[{"name":"wp","href":"https:\/\/api.w.org\/{rel}","templated":true}]}}