{"id":147357,"date":"2026-03-28T00:00:00","date_gmt":"2026-03-28T05:00:00","guid":{"rendered":"https:\/\/gpl-love.com\/es\/producto\/paid-memberships-pro-pay-by-check\/"},"modified":"2026-03-28T05:16:17","modified_gmt":"2026-03-28T10:16:17","slug":"paid-memberships-pro-pay-by-check","status":"publish","type":"product","link":"https:\/\/gpl-love.com\/es\/producto\/paid-memberships-pro-pay-by-check\/","title":{"rendered":"Paid Memberships Pro Pay por Check 1.1.6"},"content":{"rendered":"<h3>Paid Memberships Pro Pay por Check Caracteristicas<\/h3>\n<p>Memberships Pro Pay Pay by Check es un complemento innovador y seguro para la plataforma Pro Page Memberships Pro, dise\u00f1ada para proporcionar un m\u00e9todo de pago adicional para su plataforma de membres\u00eda en l\u00ednea. Este complemento permite a los miembros realizar sus pagos utilizando cheques, ampliando las opciones de pago y la comodidad para sus usuarios. No solo es f\u00e1cil de implementar, sino que tambi\u00e9n garantiza un procesamiento de transacciones seguro y eficiente. Esta herramienta es ideal para empresas que atienden a un grupo demogr\u00e1fico que prefiere los m\u00e9todos de pago tradicionales o aquellos que desean una capa adicional de seguridad. Con membres\u00edas pagas pro pago por cheque, mejore sus ofertas de servicio y garantice una experiencia de pago perfecta e inclusiva para todos sus miembros.<\/p>\n<ul>\n<li>Membreships Pro Pay Pay by Check es un complemento exclusivo dise\u00f1ado para plataformas en l\u00ednea.<\/li>\n<li>Permite a sus miembros optar por los pagos de cheques por sus suscripciones.<\/li>\n<li>Totalmente compatible con el sistema PRO PRO PROME PROMOS, lo que hace que el proceso de integraci\u00f3n sea sin problemas.<\/li>\n<li>Proporciona una capa adicional de flexibilidad de pago, ampliando su base de clientes a aquellos que prefieren los m\u00e9todos de pago tradicionales.<\/li>\n<li>Viene con configuraciones f\u00e1ciles de usar que le permiten personalizar las instrucciones de pago de cheque de acuerdo con las necesidades de su negocio.<\/li>\n<li>Incluye caracter\u00edsticas que cambian autom\u00e1ticamente el estado del miembro despu\u00e9s de que el pago del cheque borra.<\/li>\n<li>Ayuda a las empresas a administrar eficientemente los pagos fuera de l\u00ednea mientras mantienen sus operaciones digitales.<\/li>\n<li>Ofrece una forma segura y directa para que los miembros completen sus transacciones.<\/li>\n<li>Ideal para empresas que buscan ofrecer m\u00e1s opciones de pago y mejorar la satisfacci\u00f3n general del cliente.<\/li>\n<\/ul>\n","protected":false},"excerpt":{"rendered":"<p>La plataforma avanzada conocida como MemberShips Pro ofrece una caracter\u00edstica \u00fanica que permite a sus miembros la conveniencia de facilitar sus pagos a trav\u00e9s del m\u00e9todo tradicional pero confiable para escribir cheques. Este modo de pago es un testimonio del compromiso de la plataforma de atender a una amplia gama de preferencias del cliente, lo que demuestra su versatilidad en el acomodaci\u00f3n de varias opciones de pago.<\/p>\n","protected":false},"featured_media":168978,"comment_status":"open","ping_status":"open","template":"","meta":[],"product_brand":[2524],"product_cat":[1325,1206,1211],"product_tag":[2255],"class_list":{"0":"post-147357","1":"product","2":"type-product","3":"status-publish","4":"has-post-thumbnail","6":"product_brand-paid-memberships-pro","7":"product_cat-afiliacion","8":"product_cat-plugins","9":"product_cat-wordpress-plugins","10":"product_tag-paid-memberships-pro","11":"member-discount","12":"discount-restricted","14":"first","15":"instock","16":"sale","17":"downloadable","18":"virtual","19":"sold-individually","20":"purchasable","21":"product-type-simple"},"_links":{"self":[{"href":"https:\/\/gpl-love.com\/es\/wp-json\/wp\/v2\/product\/147357","targetHints":{"allow":["GET"]}}],"collection":[{"href":"https:\/\/gpl-love.com\/es\/wp-json\/wp\/v2\/product"}],"about":[{"href":"https:\/\/gpl-love.com\/es\/wp-json\/wp\/v2\/types\/product"}],"replies":[{"embeddable":true,"href":"https:\/\/gpl-love.com\/es\/wp-json\/wp\/v2\/comments?post=147357"}],"wp:featuredmedia":[{"embeddable":true,"href":"https:\/\/gpl-love.com\/es\/wp-json\/wp\/v2\/media\/168978"}],"wp:attachment":[{"href":"https:\/\/gpl-love.com\/es\/wp-json\/wp\/v2\/media?parent=147357"}],"wp:term":[{"taxonomy":"product_brand","embeddable":true,"href":"https:\/\/gpl-love.com\/es\/wp-json\/wp\/v2\/product_brand?post=147357"},{"taxonomy":"product_cat","embeddable":true,"href":"https:\/\/gpl-love.com\/es\/wp-json\/wp\/v2\/product_cat?post=147357"},{"taxonomy":"product_tag","embeddable":true,"href":"https:\/\/gpl-love.com\/es\/wp-json\/wp\/v2\/product_tag?post=147357"}],"curies":[{"name":"wp","href":"https:\/\/api.w.org\/{rel}","templated":true}]}}