{"id":147356,"date":"2025-04-14T00:00:00","date_gmt":"2025-04-14T05:00:00","guid":{"rendered":"https:\/\/gpl-love.com\/es\/producto\/thrive-automator\/"},"modified":"2026-04-10T11:30:42","modified_gmt":"2026-04-10T16:30:42","slug":"thrive-automator","status":"publish","type":"product","link":"https:\/\/gpl-love.com\/es\/producto\/thrive-automator\/","title":{"rendered":"Thrive Automator 10.6.1.1"},"content":{"rendered":"<h3>Thrive Automator Caracteristicas<\/h3>\n<p>Divi BodyCommerce surge como una soluci\u00f3n inmensamente potente y din\u00e1mica para las empresas que anhelan establecer un sitio web superlativo de comercio electr\u00f3nico que realmente entrega. Este complemento excepcional se combina armoniosamente con el tema Divi, otorgando a los usuarios la capacidad inigualable de construir una tienda en l\u00ednea visualmente cautivadora que atiende perfectamente a sus caprichos y fantas\u00edas \u00fanicas. Divi BodyCommerce no solo facilita sin esfuerzo la personalizaci\u00f3n sin esfuerzo de los productos, sino que tambi\u00e9n faculta a los usuarios administrar h\u00e1bilmente el inventario y rastrear meticulosamente las ventas con una facilidad y destreza incomparables. Adem\u00e1s, el extenso repertorio del complemento abarca una variedad ecl\u00e9ctica de opciones de pasarela de pago y m\u00e9todos de env\u00edo, asegurando as\u00ed una compatibilidad perfecta con innumerables modelos comerciales. A la luz de su interfaz de usuario sin esfuerzo navegable y exquisitamente dise\u00f1ada, junto con sus innumerables funcionalidades robustas, el comercio de carrocer\u00eda Divi emerge inequ\u00edvocamente como la soluci\u00f3n de comercio electr\u00f3nico por excelencia para empresas que abarcan un espectro diverso de tama\u00f1os y contornos.<\/p>\n<ul>\n<li>La \u00faltima soluci\u00f3n de comercio electr\u00f3nico para el tema Divi WordPress<\/li>\n<li>Intuitivamente dise\u00f1ado para funcionar sin problemas con el constructor visual de arrastrar y soltar de Divi<\/li>\n<li>Viene con una gama de dise\u00f1os de tiendas predise\u00f1ados y plantillas de productos<\/li>\n<li>Le permite personalizar el dise\u00f1o y la funcionalidad de su tienda con facilidad<\/li>\n<li>Ofrece caracter\u00edsticas avanzadas como precios din\u00e1micos, variaciones de productos y soporte multisitio<\/li>\n<li>Admite una variedad de pasarelas de pago, que incluyen PayPal, Stripe y Authorize.net<\/li>\n<li>Incluye documentaci\u00f3n detallada y atenci\u00f3n al cliente receptiva<\/li>\n<li>Perfecto para empresas de todos los tama\u00f1os o desarrolladores de WordPress Builting Sitios de clientes<\/li>\n<li>Ofrece compatibilidad con WooCommerce, el complemento de comercio electr\u00f3nico l\u00edder para WordPress<\/li>\n<li>Le permite administrar f\u00e1cilmente pedidos, seguimiento de env\u00edos e informaci\u00f3n del cliente.<\/li>\n<\/ul>\n","protected":false},"excerpt":{"rendered":"<p>Divi BodyCommerce, un complemento incre\u00edblemente robusto desarrollado espec\u00edficamente para el tema Divi, sirve para reforzar y amplificar las capacidades del complemento WooCommerce. Al integrar Divi BodyCommerce, a los usuarios se les otorga la capacidad de adaptar y ajustar personalmente el dise\u00f1o y la estructura de su tienda en l\u00ednea utilizando el altamente vers\u00e1til Divi Builder. Adem\u00e1s, este complemento excepcional capacita a las personas para crear p\u00e1ginas de productos visualmente cautivadoras, refinar y optimizar su proceso de pago, y profundizar en una variedad de otras caracter\u00edsticas atractivas. En esencia, Divi BodyCommerce trasciende los l\u00edmites del comercio electr\u00f3nico tradicional, presentando en \u00faltima instancia una plataforma meticulosamente elaborada que amalgama a la perfecci\u00f3n la profesionalidad con conveniencia, proporcionando as\u00ed a los usuarios una experiencia de compra en l\u00ednea incomparable.<\/p>\n","protected":false},"featured_media":167987,"comment_status":"open","ping_status":"open","template":"","meta":[],"product_brand":[2579],"product_cat":[1232,1206,1211],"product_tag":[1407],"class_list":{"0":"post-147356","1":"product","2":"type-product","3":"status-publish","4":"has-post-thumbnail","6":"product_brand-thrive-themes","7":"product_cat-marketing-wordpress-plugins","8":"product_cat-plugins","9":"product_cat-wordpress-plugins","10":"product_tag-thrive-themes","11":"member-discount","12":"discount-restricted","14":"first","15":"instock","16":"sale","17":"downloadable","18":"virtual","19":"sold-individually","20":"purchasable","21":"product-type-simple"},"_links":{"self":[{"href":"https:\/\/gpl-love.com\/es\/wp-json\/wp\/v2\/product\/147356","targetHints":{"allow":["GET"]}}],"collection":[{"href":"https:\/\/gpl-love.com\/es\/wp-json\/wp\/v2\/product"}],"about":[{"href":"https:\/\/gpl-love.com\/es\/wp-json\/wp\/v2\/types\/product"}],"replies":[{"embeddable":true,"href":"https:\/\/gpl-love.com\/es\/wp-json\/wp\/v2\/comments?post=147356"}],"wp:featuredmedia":[{"embeddable":true,"href":"https:\/\/gpl-love.com\/es\/wp-json\/wp\/v2\/media\/167987"}],"wp:attachment":[{"href":"https:\/\/gpl-love.com\/es\/wp-json\/wp\/v2\/media?parent=147356"}],"wp:term":[{"taxonomy":"product_brand","embeddable":true,"href":"https:\/\/gpl-love.com\/es\/wp-json\/wp\/v2\/product_brand?post=147356"},{"taxonomy":"product_cat","embeddable":true,"href":"https:\/\/gpl-love.com\/es\/wp-json\/wp\/v2\/product_cat?post=147356"},{"taxonomy":"product_tag","embeddable":true,"href":"https:\/\/gpl-love.com\/es\/wp-json\/wp\/v2\/product_tag?post=147356"}],"curies":[{"name":"wp","href":"https:\/\/api.w.org\/{rel}","templated":true}]}}