{"id":147317,"date":"2026-04-16T00:00:00","date_gmt":"2026-04-16T05:00:00","guid":{"rendered":"https:\/\/gpl-love.com\/es\/producto\/modern-events-calendar-ticket-and-invoice\/"},"modified":"2026-04-16T17:17:22","modified_gmt":"2026-04-16T22:17:22","slug":"modern-events-calendar-ticket-and-invoice","status":"publish","type":"product","link":"https:\/\/gpl-love.com\/es\/producto\/modern-events-calendar-ticket-and-invoice\/","title":{"rendered":"Modern Events Calendar Ticket y Invoice 3.6.0"},"content":{"rendered":"<h3>Modern Events Calendar Ticket y Invoice Caracteristicas<\/h3>\n<p>El boleto de calendario de eventos modernos y la factura es una herramienta integral dise\u00f1ada para optimizar la planificaci\u00f3n y ejecuci\u00f3n de eventos. Este sistema de software permite a los usuarios crear, personalizar y administrar boletos y facturas de eventos de manera eficiente. Ofrece una amplia gama de caracter\u00edsticas que incluyen generaci\u00f3n autom\u00e1tica de entradas, creaci\u00f3n de facturas y opciones para agregar campos personalizados para obtener informaci\u00f3n detallada de los asistentes. El sistema admite m\u00faltiples m\u00e9todos de pago, asegurando un proceso de transacci\u00f3n sin problemas tanto para los organizadores del evento como para los asistentes. Con su interfaz f\u00e1cil de usar y su funcionalidad robusta, el sistema de facturas y el sistema de facturas de eventos modernos es una herramienta imprescindible para cualquier persona en el negocio de gesti\u00f3n de eventos, ahorrar tiempo y recursos, y garantizar un proceso de organizaci\u00f3n de eventos sin problemas y profesionales.<\/p>\n<ul>\n<li>El boleto y la factura del calendario de eventos modernos es una soluci\u00f3n de software avanzada para la gesti\u00f3n de eventos.<\/li>\n<li>Permite una f\u00e1cil creaci\u00f3n, distribuci\u00f3n y seguimiento de boletos de eventos y facturas relacionadas.<\/li>\n<li>El producto presenta una interfaz f\u00e1cil de usar que se puede personalizar para que coincida con la identidad de su marca.<\/li>\n<li>Ofrece una variedad de opciones de boletos que incluyen admisi\u00f3n general, VIP, bird temprano y boletos grupales.<\/li>\n<li>El software admite m\u00faltiples pasarelas de pago para transacciones sin problemas.<\/li>\n<li>El boleto y la factura del calendario de eventos modernos tambi\u00e9n proporcionan un generador de facturas para facturaci\u00f3n sencilla y profesional.<\/li>\n<li>Incluye extensas funciones de informes, que le permiten monitorear la venta de boletos, los ingresos y los datos de los asistentes.<\/li>\n<li>Este producto est\u00e1 equipado con un sistema de notificaci\u00f3n confiable que env\u00eda actualizaciones sobre el estado del evento, la venta de boletos y las confirmaciones de pago.<\/li>\n<li>El software tambi\u00e9n facilita una f\u00e1cil integraci\u00f3n con aplicaciones de calendario populares para una programaci\u00f3n y recordatorios convenientes.<\/li>\n<li>Est\u00e1 construido con un dise\u00f1o receptivo, asegurando un funcionamiento sin problemas en todos los dispositivos, como tel\u00e9fonos inteligentes, tabletas y computadoras de escritorio.<\/li>\n<li>Con el boleto de calendario de eventos modernos y la factura, puede administrar todos los aspectos de la venta y facturaci\u00f3n de su evento en un solo sistema, ahorrando tiempo y mejorando la eficiencia.<\/li>\n<\/ul>\n","protected":false},"excerpt":{"rendered":"<p>El sistema de programaci\u00f3n de ocurrencia contempor\u00e1neo, conocido como el calendario de eventos modernos, incorpora funcionalidades de venta de boletos y facturaci\u00f3n. Esta caracter\u00edstica avanzada permite a los usuarios administrar sin problemas eventos, emitir boletos para los participantes y generar facturas con facilidad, simplificando as\u00ed el proceso y garantizando la eficiencia.<\/p>\n","protected":false},"featured_media":168975,"comment_status":"open","ping_status":"open","template":"","meta":[],"product_brand":[2408],"product_cat":[1214,1206,1211],"product_tag":[1419],"class_list":{"0":"post-147317","1":"product","2":"type-product","3":"status-publish","4":"has-post-thumbnail","6":"product_brand-webnus","7":"product_cat-personalizacion","8":"product_cat-plugins","9":"product_cat-wordpress-plugins","10":"product_tag-webnus","11":"member-discount","12":"discount-restricted","14":"first","15":"instock","16":"sale","17":"downloadable","18":"virtual","19":"sold-individually","20":"purchasable","21":"product-type-simple"},"_links":{"self":[{"href":"https:\/\/gpl-love.com\/es\/wp-json\/wp\/v2\/product\/147317","targetHints":{"allow":["GET"]}}],"collection":[{"href":"https:\/\/gpl-love.com\/es\/wp-json\/wp\/v2\/product"}],"about":[{"href":"https:\/\/gpl-love.com\/es\/wp-json\/wp\/v2\/types\/product"}],"replies":[{"embeddable":true,"href":"https:\/\/gpl-love.com\/es\/wp-json\/wp\/v2\/comments?post=147317"}],"wp:featuredmedia":[{"embeddable":true,"href":"https:\/\/gpl-love.com\/es\/wp-json\/wp\/v2\/media\/168975"}],"wp:attachment":[{"href":"https:\/\/gpl-love.com\/es\/wp-json\/wp\/v2\/media?parent=147317"}],"wp:term":[{"taxonomy":"product_brand","embeddable":true,"href":"https:\/\/gpl-love.com\/es\/wp-json\/wp\/v2\/product_brand?post=147317"},{"taxonomy":"product_cat","embeddable":true,"href":"https:\/\/gpl-love.com\/es\/wp-json\/wp\/v2\/product_cat?post=147317"},{"taxonomy":"product_tag","embeddable":true,"href":"https:\/\/gpl-love.com\/es\/wp-json\/wp\/v2\/product_tag?post=147317"}],"curies":[{"name":"wp","href":"https:\/\/api.w.org\/{rel}","templated":true}]}}