{"id":147315,"date":"2026-02-14T00:00:00","date_gmt":"2026-02-14T05:00:00","guid":{"rendered":"https:\/\/gpl-love.com\/es\/producto\/gravity-perks-unique-id\/"},"modified":"2026-03-09T08:41:25","modified_gmt":"2026-03-09T13:41:25","slug":"gravity-perks-unique-id","status":"publish","type":"product","link":"https:\/\/gpl-love.com\/es\/producto\/gravity-perks-unique-id\/","title":{"rendered":"Gravity Perks Unique ID 1.5.21"},"content":{"rendered":"<h3>Gravity Perks Unique ID Caracteristicas<\/h3>\n<p>Gravity Perks Unique ID es un complemento potente y vers\u00e1til dise\u00f1ado para sitios web de WordPress que usan formularios de gravedad. Este complemento le permite generar y asignar identificadores \u00fanicos a sus entradas de forma sin problemas. Los ID \u00fanicos pueden ser alfanum\u00e9ricos, num\u00e9ricos o incluso secuenciales. Puede personalizar el formato de identificaci\u00f3n de acuerdo con sus necesidades y preferencias espec\u00edficas. Con la identificaci\u00f3n \u00fanica de Gravity Perks, puede realizar un seguimiento de todos sus env\u00edos de formulario de manera eficiente, lo que facilita la gesti\u00f3n y organizaci\u00f3n de sus datos. Adem\u00e1s, tambi\u00e9n mejora la seguridad de sus datos al evitar entradas duplicadas. F\u00e1cil de instalar y usar, la identificaci\u00f3n \u00fanica de Gravity Perks es una herramienta esencial para cualquier persona que busque optimizar su gesti\u00f3n de datos en l\u00ednea.<\/p>\n<ul>\n<li>Gravity Perks Unique ID es un complemento \u00fatil para las formas de gravedad de renombre.<\/li>\n<li>Le permite generar identificadores \u00fanicos para cada env\u00edo de formulario autom\u00e1ticamente.<\/li>\n<li>El complemento es capaz de generar ID alfanum\u00e9ricas, num\u00e9ricas o secuenciales.<\/li>\n<li>Es perfecto para generar n\u00fameros de confirmaci\u00f3n \u00fanicos, n\u00fameros de boletos o cualquier identificador \u00fanico para sus formularios.<\/li>\n<li>Gravity Perks ID \u00fanico se integra a la perfecci\u00f3n con las formas de gravedad, y es incre\u00edblemente f\u00e1cil de configurar y usar.<\/li>\n<li>Con este complemento, puede personalizar el prefijo, el sufijo y la longitud de cada identificaci\u00f3n de acuerdo con sus necesidades.<\/li>\n<li>Las ID generadas se pueden utilizar para rastrear env\u00edos, organizar datos y mejorar la funcionalidad de sus formularios.<\/li>\n<li>Apoya la poblaci\u00f3n din\u00e1mica y garantiza la singularidad de cada identificaci\u00f3n, eliminando la posibilidad de duplicados.<\/li>\n<li>El complemento est\u00e1 bien mantenido y se actualiza regularmente para un rendimiento y compatibilidad \u00f3ptimos.<\/li>\n<li>Viene con atenci\u00f3n al cliente de primer nivel para ayudarlo a solucionar problemas de cualquier problema que pueda encontrar.<\/li>\n<\/ul>\n","protected":false},"excerpt":{"rendered":"<p>El identificador \u00fanico que se asocia espec\u00edficamente con las ventajas de gravedad, un complemento notable que mejora la funcionalidad de las formas de gravedad en WordPress, se conoce como la \u00abID de gravedad \u00fanica\u00bb.<\/p>\n","protected":false},"featured_media":168973,"comment_status":"open","ping_status":"open","template":"","meta":[],"product_brand":[2471],"product_cat":[1214,1206,1211],"product_tag":[2114],"class_list":{"0":"post-147315","1":"product","2":"type-product","3":"status-publish","4":"has-post-thumbnail","6":"product_brand-gravity-wiz","7":"product_cat-personalizacion","8":"product_cat-plugins","9":"product_cat-wordpress-plugins","10":"product_tag-gravity-wiz","11":"member-discount","12":"discount-restricted","14":"first","15":"instock","16":"sale","17":"downloadable","18":"virtual","19":"sold-individually","20":"purchasable","21":"product-type-simple"},"_links":{"self":[{"href":"https:\/\/gpl-love.com\/es\/wp-json\/wp\/v2\/product\/147315","targetHints":{"allow":["GET"]}}],"collection":[{"href":"https:\/\/gpl-love.com\/es\/wp-json\/wp\/v2\/product"}],"about":[{"href":"https:\/\/gpl-love.com\/es\/wp-json\/wp\/v2\/types\/product"}],"replies":[{"embeddable":true,"href":"https:\/\/gpl-love.com\/es\/wp-json\/wp\/v2\/comments?post=147315"}],"wp:featuredmedia":[{"embeddable":true,"href":"https:\/\/gpl-love.com\/es\/wp-json\/wp\/v2\/media\/168973"}],"wp:attachment":[{"href":"https:\/\/gpl-love.com\/es\/wp-json\/wp\/v2\/media?parent=147315"}],"wp:term":[{"taxonomy":"product_brand","embeddable":true,"href":"https:\/\/gpl-love.com\/es\/wp-json\/wp\/v2\/product_brand?post=147315"},{"taxonomy":"product_cat","embeddable":true,"href":"https:\/\/gpl-love.com\/es\/wp-json\/wp\/v2\/product_cat?post=147315"},{"taxonomy":"product_tag","embeddable":true,"href":"https:\/\/gpl-love.com\/es\/wp-json\/wp\/v2\/product_tag?post=147315"}],"curies":[{"name":"wp","href":"https:\/\/api.w.org\/{rel}","templated":true}]}}