{"id":147313,"date":"2025-10-03T00:00:00","date_gmt":"2025-10-03T05:00:00","guid":{"rendered":"https:\/\/gpl-love.com\/es\/producto\/woocommerce-thank-you-page-customizer-premium\/"},"modified":"2026-03-30T11:16:30","modified_gmt":"2026-03-30T16:16:30","slug":"woocommerce-thank-you-page-customizer-premium","status":"publish","type":"product","link":"https:\/\/gpl-love.com\/es\/producto\/woocommerce-thank-you-page-customizer-premium\/","title":{"rendered":"WooCommerce Thank You Page Customizer Premium 1.3.0"},"content":{"rendered":"<h3>WooCommerce Thank You Page Customizer Premium Caracteristicas<\/h3>\n<p>WooCommerce Thank You Page Customizer Premium es un complemento de primer nivel dise\u00f1ado para mejorar y personalizar la experiencia posterior a la compra de sus clientes en l\u00ednea. Ofreciendo una gama de opciones de personalizaci\u00f3n, este complemento le permite modificar el dise\u00f1o y el contenido de la p\u00e1gina de &#8216;agradecimiento&#8217; para adaptarse al estilo y los objetivos de marketing de su marca. Con esta versi\u00f3n premium, los usuarios pueden agregar botones de intercambio de redes sociales, productos sugeridos y mensajes de agradecimiento personalizados. Adem\u00e1s, permite la integraci\u00f3n de Google Analytics para el seguimiento de las conversiones y el comportamiento del cliente. Este complemento es totalmente receptivo, asegurando una experiencia de compra perfecta en todos los tipos de dispositivos. El WooCommerce Thank You Page Customizer Premium proporciona todas las herramientas necesarias para convertir una p\u00e1gina de finalizaci\u00f3n de transacciones mundanas en una poderosa herramienta de retenci\u00f3n y compromiso de clientes.<\/p>\n<ul>\n<li>Mejore la experiencia de su cliente con WooCommerce agradecidas a la p\u00e1gina de personalizadores.<\/li>\n<li>Permite a los propietarios de tiendas personalizar la p\u00e1gina de &#8216;agradecimiento&#8217; en su sitio web de WooCommerce, brindando a los clientes una experiencia de pago \u00fanica y memorable.<\/li>\n<li>Viene con un conjunto premium de caracter\u00edsticas para personalizar el contenido, el dise\u00f1o y el estilo de la p\u00e1gina &#8216;GRACIAS&#8217;.<\/li>\n<li>Ofrece plantillas predise\u00f1adas que se pueden aplicar r\u00e1pidamente para una apariencia profesional y est\u00e9ticamente agradable.<\/li>\n<li>Proporciona flexibilidad con la opci\u00f3n de agregar mensajes personalizados, gr\u00e1ficos, anuncios promocionales o c\u00f3digos de descuento a la p\u00e1gina &#8216;agradecimiento&#8217;.<\/li>\n<li>Capaz de rastrear el an\u00e1lisis de comportamiento del cliente y generar informes detallados para una mayor optimizaci\u00f3n.<\/li>\n<li>La versi\u00f3n premium incluye soporte prioritario y actualizaciones regulares.<\/li>\n<li>Funciona sin problemas con todos los temas y complementos de WooCommerce, asegurando una integraci\u00f3n suave y sin problemas.<\/li>\n<li>Ideal para propietarios de tiendas de comercio electr\u00f3nico que desean aumentar la participaci\u00f3n del cliente, fomentar las compras repetidas y mejorar la satisfacci\u00f3n general del cliente.<\/li>\n<\/ul>\n","protected":false},"excerpt":{"rendered":"<p>La versi\u00f3n premium del personalizador de p\u00e1gina de agradecimiento de WooCommerce ofrece una experiencia mejorada e integral para sus usuarios. Presenta una gran cantidad de caracter\u00edsticas avanzadas que est\u00e1n dise\u00f1adas con el objetivo de maximizar la satisfacci\u00f3n del usuario. Las capacidades robustas de esta versi\u00f3n premium permiten a los usuarios personalizar su p\u00e1gina de \u00abagradecimiento\u00bb, lo que la est\u00e1 apartando de las versiones est\u00e1ndar y gen\u00e9ricas que se ven com\u00fanmente. Por lo tanto, esta herramienta de personalizaci\u00f3n sirve como una actualizaci\u00f3n significativa que proporciona a los usuarios una forma \u00fanica de expresar su gratitud hacia sus clientes, mejorando as\u00ed la experiencia general de compra para el cliente.<\/p>\n","protected":false},"featured_media":168971,"comment_status":"open","ping_status":"open","template":"","meta":[],"product_brand":[2339],"product_cat":[1207,1248,1206],"product_tag":[1256],"class_list":{"0":"post-147313","1":"product","2":"type-product","3":"status-publish","4":"has-post-thumbnail","6":"product_brand-codecanyon","7":"product_cat-comercio-electronico-plugins","8":"product_cat-personalizacion-comercio-electronico-plugins","9":"product_cat-plugins","10":"product_tag-codecanyon","11":"member-discount","12":"discount-restricted","14":"first","15":"instock","16":"sale","17":"downloadable","18":"virtual","19":"sold-individually","20":"purchasable","21":"product-type-simple"},"_links":{"self":[{"href":"https:\/\/gpl-love.com\/es\/wp-json\/wp\/v2\/product\/147313","targetHints":{"allow":["GET"]}}],"collection":[{"href":"https:\/\/gpl-love.com\/es\/wp-json\/wp\/v2\/product"}],"about":[{"href":"https:\/\/gpl-love.com\/es\/wp-json\/wp\/v2\/types\/product"}],"replies":[{"embeddable":true,"href":"https:\/\/gpl-love.com\/es\/wp-json\/wp\/v2\/comments?post=147313"}],"wp:featuredmedia":[{"embeddable":true,"href":"https:\/\/gpl-love.com\/es\/wp-json\/wp\/v2\/media\/168971"}],"wp:attachment":[{"href":"https:\/\/gpl-love.com\/es\/wp-json\/wp\/v2\/media?parent=147313"}],"wp:term":[{"taxonomy":"product_brand","embeddable":true,"href":"https:\/\/gpl-love.com\/es\/wp-json\/wp\/v2\/product_brand?post=147313"},{"taxonomy":"product_cat","embeddable":true,"href":"https:\/\/gpl-love.com\/es\/wp-json\/wp\/v2\/product_cat?post=147313"},{"taxonomy":"product_tag","embeddable":true,"href":"https:\/\/gpl-love.com\/es\/wp-json\/wp\/v2\/product_tag?post=147313"}],"curies":[{"name":"wp","href":"https:\/\/api.w.org\/{rel}","templated":true}]}}