{"id":147312,"date":"2025-10-23T00:00:00","date_gmt":"2025-10-23T05:00:00","guid":{"rendered":"https:\/\/gpl-love.com\/es\/producto\/woocommerce-bookings-availability\/"},"modified":"2026-03-09T08:41:21","modified_gmt":"2026-03-09T13:41:21","slug":"woocommerce-bookings-availability","status":"publish","type":"product","link":"https:\/\/gpl-love.com\/es\/producto\/woocommerce-bookings-availability\/","title":{"rendered":"WooCommerce Bookings Availability 1.3.4"},"content":{"rendered":"<h3>WooCommerce Bookings Availability Caracteristicas<\/h3>\n<p>La disponibilidad de reservas de WooCommerce es una extensi\u00f3n poderosa y vers\u00e1til para su tienda WooCommerce. Este complemento le permite administrar convenientemente la disponibilidad de sus productos reservables, ya sea un servicio, alquiler o cita. Con esta herramienta, puede establecer f\u00e1cilmente reglas de disponibilidad personalizadas, bloquear las ranuras de tiempo espec\u00edficas e incluso mostrar la disponibilidad en tiempo real a sus clientes. Proporciona una experiencia de reserva perfecta, asegurando que sus clientes puedan reservar sus productos y servicios a su conveniencia, reduciendo las posibilidades de reservas dobles o conflictos de programaci\u00f3n. La disponibilidad de reservas de WooCommerce es un complemento imprescindible para las empresas que buscan optimizar su sistema de reserva en l\u00ednea y mejorar la experiencia general del cliente.<\/p>\n<ul>\n<li>La disponibilidad de reservas de WooCommerce es un complemento poderoso y confiable dise\u00f1ado para empresas que dependen de los sistemas de citas y reservas.<\/li>\n<li>Permite a los propietarios de tiendas administrar y personalizar sus horarios de disponibilidad, asegurando un proceso de reserva sin problemas para sus clientes.<\/li>\n<li>Con esta herramienta, los usuarios pueden mostrar de manera eficiente su disponibilidad en tiempo real, evitando las propuestas dobles y la gesti\u00f3n de las expectativas de los clientes.<\/li>\n<li>Est\u00e1 completamente integrado con WooCommerce, lo que permite transacciones sin problemas y seguras directamente en el sitio web.<\/li>\n<li>El complemento presenta una interfaz f\u00e1cil de usar, lo que facilita tanto los propietarios de negocios como los clientes navegar y usar.<\/li>\n<li>La disponibilidad de reservas de WooCommerce admite m\u00faltiples zonas horarias, proporcionando flexibilidad a las empresas con clientes de diferentes ubicaciones geogr\u00e1ficas.<\/li>\n<li>Proporciona a las empresas la capacidad de establecer precios variables para las horas m\u00e1ximas y fuera de pico, maximizando las ganancias.<\/li>\n<li>Tambi\u00e9n permite una f\u00e1cil personalizaci\u00f3n de la duraci\u00f3n de la reserva, el tiempo de amortiguaci\u00f3n entre las reservas y las fechas de reserva permitidas.<\/li>\n<li>El complemento tambi\u00e9n admite notificaciones, asegurando que tanto el proveedor de servicios como el cliente se actualicen sobre el estado de la reserva.<\/li>\n<li>La disponibilidad de reservas de WooCommerce es amigable para los dispositivos m\u00f3viles, proporcionando a los clientes la conveniencia de hacer reservas sobre la marcha.<\/li>\n<li>Es una soluci\u00f3n rentable que elimina la necesidad de servicios de reserva de terceros, lo que reduce los costos operativos.<\/li>\n<li>El complemento tambi\u00e9n incluye caracter\u00edsticas anal\u00edticas, proporcionando informaci\u00f3n valiosa sobre el rendimiento del negocio.<\/li>\n<\/ul>\n","protected":false},"excerpt":{"rendered":"<p>La funcionalidad de disponibilidad proporcionada por el complemento de WooCommerce Bookings es un aspecto integral de cualquier negocio de comercio electr\u00f3nico que utiliza esta plataforma. Permite a los clientes potenciales ver e identificar las ranuras de reserva disponibles para productos o servicios, mejorando la experiencia general del usuario. Esta informaci\u00f3n puede ser crucial para los clientes al tomar decisiones de compra y ayudar a optimizar el proceso de reserva. Por lo tanto, es imperativo que los propietarios de negocios en l\u00ednea utilicen y mantengan esta caracter\u00edstica de manera efectiva, asegurando que la disponibilidad presentada refleje con precisi\u00f3n su capacidad operativa actual.<\/p>\n","protected":false},"featured_media":168970,"comment_status":"open","ping_status":"open","template":"","meta":[],"product_brand":[2344],"product_cat":[1207,1248,1206],"product_tag":[1423],"class_list":{"0":"post-147312","1":"product","2":"type-product","3":"status-publish","4":"has-post-thumbnail","6":"product_brand-woocommerce","7":"product_cat-comercio-electronico-plugins","8":"product_cat-personalizacion-comercio-electronico-plugins","9":"product_cat-plugins","10":"product_tag-woocommerce","11":"member-discount","12":"discount-restricted","14":"first","15":"instock","16":"sale","17":"downloadable","18":"virtual","19":"sold-individually","20":"purchasable","21":"product-type-simple"},"_links":{"self":[{"href":"https:\/\/gpl-love.com\/es\/wp-json\/wp\/v2\/product\/147312","targetHints":{"allow":["GET"]}}],"collection":[{"href":"https:\/\/gpl-love.com\/es\/wp-json\/wp\/v2\/product"}],"about":[{"href":"https:\/\/gpl-love.com\/es\/wp-json\/wp\/v2\/types\/product"}],"replies":[{"embeddable":true,"href":"https:\/\/gpl-love.com\/es\/wp-json\/wp\/v2\/comments?post=147312"}],"wp:featuredmedia":[{"embeddable":true,"href":"https:\/\/gpl-love.com\/es\/wp-json\/wp\/v2\/media\/168970"}],"wp:attachment":[{"href":"https:\/\/gpl-love.com\/es\/wp-json\/wp\/v2\/media?parent=147312"}],"wp:term":[{"taxonomy":"product_brand","embeddable":true,"href":"https:\/\/gpl-love.com\/es\/wp-json\/wp\/v2\/product_brand?post=147312"},{"taxonomy":"product_cat","embeddable":true,"href":"https:\/\/gpl-love.com\/es\/wp-json\/wp\/v2\/product_cat?post=147312"},{"taxonomy":"product_tag","embeddable":true,"href":"https:\/\/gpl-love.com\/es\/wp-json\/wp\/v2\/product_tag?post=147312"}],"curies":[{"name":"wp","href":"https:\/\/api.w.org\/{rel}","templated":true}]}}