{"id":147246,"date":"2025-12-25T00:00:00","date_gmt":"2025-12-25T05:00:00","guid":{"rendered":"https:\/\/gpl-love.com\/es\/producto\/modern-events-calendar-elementor-shortcode-builder\/"},"modified":"2026-03-09T08:41:20","modified_gmt":"2026-03-09T13:41:20","slug":"modern-events-calendar-elementor-shortcode-builder","status":"publish","type":"product","link":"https:\/\/gpl-love.com\/es\/producto\/modern-events-calendar-elementor-shortcode-builder\/","title":{"rendered":"Modern Events Calendar Elementor Shortcode Builder 2.0.0"},"content":{"rendered":"<h3>Modern Events Calendar Elementor Shortcode Builder Caracteristicas<\/h3>\n<p>Modern Events Calendar El Elementor Shortcode Builder es una herramienta poderosa dise\u00f1ada para simplificar y optimizar su proceso de gesti\u00f3n de eventos. Esta herramienta se integra a la perfecci\u00f3n con Elementor, el popular constructor de sitios web de WordPress, lo que le permite crear y personalizar sin esfuerzo sus calendarios de eventos. Con el brevecode Builder, puede adaptar f\u00e1cilmente sus eventos a sus necesidades y preferencias espec\u00edficas, incluida la fecha, la hora, la ubicaci\u00f3n y m\u00e1s, todo en una interfaz f\u00e1cil de usar. Adem\u00e1s, esta herramienta admite m\u00faltiples opciones de visualizaci\u00f3n de eventos, incluidas vistas diarias, mensuales y anuales, as\u00ed como opciones de filtrado de eventos. El calendario de eventos modernos El Elementor Shortcode Builder es realmente un cambio de juego para la gesti\u00f3n de eventos, proporcion\u00e1ndole el control final y la flexibilidad para administrar sus eventos de manera efectiva y eficiente.<\/p>\n<ul>\n<li>Modern Events Calendar Elementor Shortcode Builder es una herramienta poderosa dise\u00f1ada para crear y administrar eventos en su sitio web.<\/li>\n<li>Este producto permite a los usuarios integrar f\u00e1cilmente sus eventos preferidos en Elementor, un popular constructor de p\u00e1ginas de WordPress.<\/li>\n<li>Utiliza el poder de los c\u00f3digos cortos, que son peque\u00f1as piezas de c\u00f3digo que le permiten incrustar archivos o crear elementos de dise\u00f1o espec\u00edficos r\u00e1pidamente.<\/li>\n<li>Ofrece una interfaz f\u00e1cil de usar que facilita la creaci\u00f3n y personalizaci\u00f3n de eventos sin la necesidad de ninguna habilidad de codificaci\u00f3n.<\/li>\n<li>El producto es compatible con todos los navegadores modernos y totalmente receptivo, asegurando una experiencia de visualizaci\u00f3n perfecta en cualquier dispositivo.<\/li>\n<li>Los usuarios pueden utilizar el constructor para administrar todos los aspectos de sus eventos, desde el registro y la venta de boletos hasta los horarios y ubicaciones.<\/li>\n<li>El constructor est\u00e1 integrado con Google Calendar e Icical para permitir un f\u00e1cil intercambio y sincronizaci\u00f3n de eventos.<\/li>\n<li>Admite eventos recurrentes y eventos de varios d\u00edas, lo que lo hace perfecto para conferencias, talleres y otros eventos extendidos.<\/li>\n<li>El constructor tambi\u00e9n viene con funciones de traducci\u00f3n, lo que le permite llegar a una audiencia global al proporcionar detalles del evento en varios idiomas.<\/li>\n<li>Con los eventos modernos Calendar Elementor Shortcode Builder, puede optimizar su proceso de gesti\u00f3n de eventos y mejorar la funcionalidad de su sitio web con facilidad.<\/li>\n<\/ul>\n","protected":false},"excerpt":{"rendered":"<p>El marco altamente avanzado e intrincado conocido como el calendario de eventos modernos, contiene una caracter\u00edstica integral identificada como El Elementor Shortcode Builder. Esta funci\u00f3n incre\u00edblemente din\u00e1mica ofrece una riqueza de versatilidad cuando se trata de establecer y administrar calendarios de eventos de manera contempor\u00e1nea y eficiente. Se ha dise\u00f1ado e integrado meticulosamente en el marco para ofrecer a los usuarios la m\u00e1xima flexibilidad y conveniencia en sus tareas de construcci\u00f3n de calendario.<\/p>\n","protected":false},"featured_media":168969,"comment_status":"open","ping_status":"open","template":"","meta":[],"product_brand":[2408],"product_cat":[1214,1206,1211],"product_tag":[1419],"class_list":{"0":"post-147246","1":"product","2":"type-product","3":"status-publish","4":"has-post-thumbnail","6":"product_brand-webnus","7":"product_cat-personalizacion","8":"product_cat-plugins","9":"product_cat-wordpress-plugins","10":"product_tag-webnus","11":"member-discount","12":"discount-restricted","14":"first","15":"instock","16":"sale","17":"downloadable","18":"virtual","19":"sold-individually","20":"purchasable","21":"product-type-simple"},"_links":{"self":[{"href":"https:\/\/gpl-love.com\/es\/wp-json\/wp\/v2\/product\/147246","targetHints":{"allow":["GET"]}}],"collection":[{"href":"https:\/\/gpl-love.com\/es\/wp-json\/wp\/v2\/product"}],"about":[{"href":"https:\/\/gpl-love.com\/es\/wp-json\/wp\/v2\/types\/product"}],"replies":[{"embeddable":true,"href":"https:\/\/gpl-love.com\/es\/wp-json\/wp\/v2\/comments?post=147246"}],"wp:featuredmedia":[{"embeddable":true,"href":"https:\/\/gpl-love.com\/es\/wp-json\/wp\/v2\/media\/168969"}],"wp:attachment":[{"href":"https:\/\/gpl-love.com\/es\/wp-json\/wp\/v2\/media?parent=147246"}],"wp:term":[{"taxonomy":"product_brand","embeddable":true,"href":"https:\/\/gpl-love.com\/es\/wp-json\/wp\/v2\/product_brand?post=147246"},{"taxonomy":"product_cat","embeddable":true,"href":"https:\/\/gpl-love.com\/es\/wp-json\/wp\/v2\/product_cat?post=147246"},{"taxonomy":"product_tag","embeddable":true,"href":"https:\/\/gpl-love.com\/es\/wp-json\/wp\/v2\/product_tag?post=147246"}],"curies":[{"name":"wp","href":"https:\/\/api.w.org\/{rel}","templated":true}]}}