{"id":146973,"date":"2026-03-20T00:00:00","date_gmt":"2026-03-20T05:00:00","guid":{"rendered":"https:\/\/gpl-love.com\/es\/producto\/optin-cat-elite\/"},"modified":"2026-03-20T17:16:50","modified_gmt":"2026-03-20T22:16:50","slug":"optin-cat-elite","status":"publish","type":"product","link":"https:\/\/gpl-love.com\/es\/producto\/optin-cat-elite\/","title":{"rendered":"Optin Cat Elite 2.5.7"},"content":{"rendered":"<h3>Optin Cat Elite Caracteristicas<\/h3>\n<p>Optin Cat Elite es un complemento avanzado de construcci\u00f3n de la lista de correo electr\u00f3nico dise\u00f1ado para usuarios de WordPress. Le permite crear y personalizar una variedad de formularios de opci\u00f3n, como ventanas emergentes, widgets y deslizamientos, para hacer crecer su lista de suscriptores de correo electr\u00f3nico. La versi\u00f3n Elite viene con caracter\u00edsticas adicionales como pruebas divididas, an\u00e1lisis e informes, y soporte prioritario. Es f\u00e1cil de usar, lo que facilita el dise\u00f1o de formularios de opci\u00f3n atractivos sin ning\u00fan conocimiento de codificaci\u00f3n. Perfecto para los especialistas en marketing y bloggers, Optin Cat Elite ayuda a aumentar sus tasas de conversi\u00f3n, aumentar su estrategia de marketing por correo electr\u00f3nico y, en \u00faltima instancia, hacer crecer su negocio.<\/p>\n<ul>\n<li>Optin Cat Elite es un complemento premium de WordPress dise\u00f1ado para aumentar las suscripciones de correo electr\u00f3nico y optimizar las tasas de conversi\u00f3n.<\/li>\n<li>Ofrece una amplia gama de formas optinas de alta conversi\u00f3n, como ventanas emergentes, deslizamientos, widgets laterales y m\u00e1s.<\/li>\n<li>Este software permite a los usuarios dirigir p\u00e1ginas, publicaciones, categor\u00edas e incluso comportamientos espec\u00edficos de los usuarios para mostrar los formularios Optin.<\/li>\n<li>Viene con un constructor de formulario f\u00e1cil de usar que le permite dise\u00f1ar y personalizar sus formularios de opci\u00f3n sin necesidad de ninguna habilidad de codificaci\u00f3n.<\/li>\n<li>Optin Cat Elite ofrece caracter\u00edsticas de prueba A\/B para ayudarlo a identificar qu\u00e9 dise\u00f1os y estrategias de forma funcionan mejor para su audiencia.<\/li>\n<li>Se integra a la perfecci\u00f3n con todos los principales servicios de marketing por correo electr\u00f3nico, lo que le permite administrar y hacer crecer su lista de correo electr\u00f3nico sin esfuerzo.<\/li>\n<li>El complemento ofrece tecnolog\u00eda de intenci\u00f3n de salida, que detecta cu\u00e1ndo un visitante est\u00e1 a punto de abandonar su sitio web y muestra un formulario Optin dirigido para capturar su correo electr\u00f3nico.<\/li>\n<li>Con su an\u00e1lisis detallado e ideas, Optin Cat Elite le permite rastrear el rendimiento de su forma Optin y mejorar sus tasas de conversi\u00f3n.<\/li>\n<li>Proporciona funciones avanzadas de generaci\u00f3n de leads como actualizaciones de contenido y optinas de dos pasos, para ayudarlo a atraer a m\u00e1s suscriptores.<\/li>\n<li>Optin Cat Elite cumple con GDPR, asegurando que sus pr\u00e1cticas de marketing por correo electr\u00f3nico se adhieran a las regulaciones globales de protecci\u00f3n de datos.<\/li>\n<\/ul>\n","protected":false},"excerpt":{"rendered":"<p>El producto al que nos referimos aqu\u00ed se llama Optin Cat Elite. Este art\u00edculo en particular no es cualquier producto ordinario sino uno \u00fanico que conlleva varias caracter\u00edsticas notables. Por lo tanto, su rendimiento y su utilidad son muy elogiados entre una amplia gama de usuarios. Esta es una forma m\u00e1s complicada de hacer referencia al t\u00e9rmino simple &#8216;Optin Cat Elite&#8217;.<\/p>\n","protected":false},"featured_media":168967,"comment_status":"open","ping_status":"open","template":"","meta":[],"product_brand":[2530],"product_cat":[1232,1206,1211],"product_tag":[1783],"class_list":{"0":"post-146973","1":"product","2":"type-product","3":"status-publish","4":"has-post-thumbnail","6":"product_brand-fatcat","7":"product_cat-marketing-wordpress-plugins","8":"product_cat-plugins","9":"product_cat-wordpress-plugins","10":"product_tag-fatcat","11":"member-discount","12":"discount-restricted","14":"first","15":"instock","16":"sale","17":"downloadable","18":"virtual","19":"sold-individually","20":"purchasable","21":"product-type-simple"},"_links":{"self":[{"href":"https:\/\/gpl-love.com\/es\/wp-json\/wp\/v2\/product\/146973","targetHints":{"allow":["GET"]}}],"collection":[{"href":"https:\/\/gpl-love.com\/es\/wp-json\/wp\/v2\/product"}],"about":[{"href":"https:\/\/gpl-love.com\/es\/wp-json\/wp\/v2\/types\/product"}],"replies":[{"embeddable":true,"href":"https:\/\/gpl-love.com\/es\/wp-json\/wp\/v2\/comments?post=146973"}],"wp:featuredmedia":[{"embeddable":true,"href":"https:\/\/gpl-love.com\/es\/wp-json\/wp\/v2\/media\/168967"}],"wp:attachment":[{"href":"https:\/\/gpl-love.com\/es\/wp-json\/wp\/v2\/media?parent=146973"}],"wp:term":[{"taxonomy":"product_brand","embeddable":true,"href":"https:\/\/gpl-love.com\/es\/wp-json\/wp\/v2\/product_brand?post=146973"},{"taxonomy":"product_cat","embeddable":true,"href":"https:\/\/gpl-love.com\/es\/wp-json\/wp\/v2\/product_cat?post=146973"},{"taxonomy":"product_tag","embeddable":true,"href":"https:\/\/gpl-love.com\/es\/wp-json\/wp\/v2\/product_tag?post=146973"}],"curies":[{"name":"wp","href":"https:\/\/api.w.org\/{rel}","templated":true}]}}