{"id":146972,"date":"2026-03-20T00:00:00","date_gmt":"2026-03-20T05:00:00","guid":{"rendered":"https:\/\/gpl-love.com\/es\/producto\/ai-power\/"},"modified":"2026-04-05T05:16:18","modified_gmt":"2026-04-05T10:16:18","slug":"ai-power","status":"publish","type":"product","link":"https:\/\/gpl-love.com\/es\/producto\/ai-power\/","title":{"rendered":"AI Power 2.3.93"},"content":{"rendered":"<h3>AI Power Caracteristicas<\/h3>\n<p>AI Power es un producto tecnol\u00f3gico de vanguardia que aprovecha el poder de la inteligencia artificial para optimizar y racionalizar diversas operaciones. Esta herramienta avanzada ofrece una gama de caracter\u00edsticas como aprendizaje autom\u00e1tico, an\u00e1lisis predictivo y modelado de datos para proporcionar informaci\u00f3n inteligente y automatizar tareas complejas. Con el poder de IA, las empresas pueden aumentar en gran medida su eficiencia, productividad y proceso de toma de decisiones. Ya sea para una peque\u00f1a empresa o una gran corporaci\u00f3n, AI Power ofrece soluciones escalables para satisfacer diversas necesidades. Es m\u00e1s que un producto, es una herramienta transformadora para su negocio.<\/p>\n<ul>\n<li>AI Power es un m\u00f3dulo de inteligencia artificial avanzado dise\u00f1ado para mejorar varios dispositivos y sistemas tecnol\u00f3gicos.<\/li>\n<li>Este producto aprovecha las \u00faltimas tecnolog\u00edas de IA para ofrecer un rendimiento optimizado y resultados eficientes.<\/li>\n<li>AI Power puede integrarse con varios sistemas para tareas como an\u00e1lisis de datos, automatizaci\u00f3n, aprendizaje autom\u00e1tico y modelado predictivo.<\/li>\n<li>Es f\u00e1cil de usar y requiere conocimientos t\u00e9cnicos m\u00ednimos para la configuraci\u00f3n y uso.<\/li>\n<li>Con AI Power, los usuarios pueden optimizar las tareas complejas, mejorar la precisi\u00f3n y reducir significativamente los errores humanos.<\/li>\n<li>Tambi\u00e9n proporciona informaci\u00f3n en tiempo real para tomar decisiones inteligentes y mantenerse a la vanguardia de la competencia.<\/li>\n<li>AI Power actualiza constantemente y mejora sus algoritmos, asegurando las mejores soluciones posibles para los usuarios.<\/li>\n<li>Es altamente confiable y seguro, asegurando que sus datos est\u00e9n protegidos en todo momento.<\/li>\n<li>El producto ofrece soluciones escalables, lo que significa que puede adaptarse a las necesidades de las peque\u00f1as empresas y las grandes empresas.<\/li>\n<li>Promete un impulso en la productividad, la eficiencia y el rendimiento general de su sistema o dispositivo.<\/li>\n<\/ul>\n","protected":false},"excerpt":{"rendered":"<p>La asombrosa fuerza y \u200b\u200blas capacidades que se encuentran dentro del \u00e1mbito de la inteligencia artificial a menudo se conocen como su \u00abpoder\u00bb. Este t\u00e9rmino particular encapsula las habilidades de gran alcance y el potencial ilimitado que posee AI, proporcionando as\u00ed un resumen sucinto pero completo de su profundo impacto en numerosos campos y facetas de la vida humana.<\/p>\n","protected":false},"featured_media":168966,"comment_status":"open","ping_status":"open","template":"","meta":[],"product_brand":[2668],"product_cat":[1232,1206,1211],"product_tag":[2291],"class_list":{"0":"post-146972","1":"product","2":"type-product","3":"status-publish","4":"has-post-thumbnail","6":"product_brand-ai-power","7":"product_cat-marketing-wordpress-plugins","8":"product_cat-plugins","9":"product_cat-wordpress-plugins","10":"product_tag-ai-power","11":"member-discount","12":"discount-restricted","14":"first","15":"instock","16":"sale","17":"downloadable","18":"virtual","19":"sold-individually","20":"purchasable","21":"product-type-simple"},"_links":{"self":[{"href":"https:\/\/gpl-love.com\/es\/wp-json\/wp\/v2\/product\/146972","targetHints":{"allow":["GET"]}}],"collection":[{"href":"https:\/\/gpl-love.com\/es\/wp-json\/wp\/v2\/product"}],"about":[{"href":"https:\/\/gpl-love.com\/es\/wp-json\/wp\/v2\/types\/product"}],"replies":[{"embeddable":true,"href":"https:\/\/gpl-love.com\/es\/wp-json\/wp\/v2\/comments?post=146972"}],"wp:featuredmedia":[{"embeddable":true,"href":"https:\/\/gpl-love.com\/es\/wp-json\/wp\/v2\/media\/168966"}],"wp:attachment":[{"href":"https:\/\/gpl-love.com\/es\/wp-json\/wp\/v2\/media?parent=146972"}],"wp:term":[{"taxonomy":"product_brand","embeddable":true,"href":"https:\/\/gpl-love.com\/es\/wp-json\/wp\/v2\/product_brand?post=146972"},{"taxonomy":"product_cat","embeddable":true,"href":"https:\/\/gpl-love.com\/es\/wp-json\/wp\/v2\/product_cat?post=146972"},{"taxonomy":"product_tag","embeddable":true,"href":"https:\/\/gpl-love.com\/es\/wp-json\/wp\/v2\/product_tag?post=146972"}],"curies":[{"name":"wp","href":"https:\/\/api.w.org\/{rel}","templated":true}]}}