{"id":146971,"date":"2026-01-24T00:00:00","date_gmt":"2026-01-24T05:00:00","guid":{"rendered":"https:\/\/gpl-love.com\/es\/producto\/numerique-seo-digital-marketing-theme\/"},"modified":"2026-03-13T17:36:29","modified_gmt":"2026-03-13T22:36:29","slug":"numerique-seo-digital-marketing-theme","status":"publish","type":"product","link":"https:\/\/gpl-love.com\/es\/producto\/numerique-seo-digital-marketing-theme\/","title":{"rendered":"Num\u00e9rique SEO Digital Marketing Theme 22"},"content":{"rendered":"<h3>Num\u00e9rique SEO Digital Marketing Theme Caracteristicas<\/h3>\n<p>El tema de marketing digital de Num\u00e9rique SEO es un tema altamente profesional, moderno y vers\u00e1til dise\u00f1ado para elevar sus esfuerzos de marketing digital. Este tema es perfecto para agencias de SEO, compa\u00f1\u00edas de marketing digital, gerentes de redes sociales y cualquier empresa que opere en la esfera en l\u00ednea. Con su dise\u00f1o limpio y su dise\u00f1o intuitivo, ofrece una experiencia de usuario f\u00e1cil de navegar. Este tema es totalmente receptivo, asegurando que su sitio web se vea genial en cualquier dispositivo. Est\u00e1 repleto de caracter\u00edsticas potentes, que incluyen c\u00f3digo amigable con SEO, dise\u00f1os personalizables y opciones de tipograf\u00eda avanzada. El tema de marketing digital de Num\u00e9rique SEO tambi\u00e9n viene con una multitud de p\u00e1ginas y dise\u00f1os predise\u00f1ados, lo que le permite crear f\u00e1cilmente un sitio web impresionante y de alta convertidores. Tambi\u00e9n es compatible con complementos populares para una funcionalidad mejorada, ofreci\u00e9ndole infinitas posibilidades para optimizar sus estrategias de marketing digital.<\/p>\n<ul>\n<li>El tema de marketing digital de Num\u00e9rique SEO es un tema de WordPress dise\u00f1ado espec\u00edficamente para las agencias de marketing digital, SEO y redes sociales.<\/li>\n<li>El tema presenta numerosos dise\u00f1os y dise\u00f1os personalizables que son ideales para mostrar los servicios y habilidades de las empresas de marketing digital.<\/li>\n<li>Viene con caracter\u00edsticas de optimizaci\u00f3n de SEO incorporadas que son esenciales para cualquier negocio de marketing en l\u00ednea.<\/li>\n<li>El tema de marketing digital de Num\u00e9rique SEO es totalmente receptivo, asegurando que su sitio web se vea genial en todos los dispositivos, desde escritorios hasta tel\u00e9fonos inteligentes.<\/li>\n<li>El tema incluye varios complementos para extender la funcionalidad, como formularios de contacto, ventanas emergentes y herramientas de intercambio social.<\/li>\n<li>Su dise\u00f1o limpio y moderno es visualmente atractivo y atractivo, lo que ayuda a atraer y retener a los visitantes.<\/li>\n<li>El tema ofrece una integraci\u00f3n perfecta con herramientas y plataformas populares utilizadas por vendedores digitales como Google Analytics, MailChimp y m\u00e1s.<\/li>\n<li>El tema de marketing digital de Num\u00e9rique SEO ofrece una interfaz f\u00e1cil de usar, lo que facilita la configuraci\u00f3n y la administraci\u00f3n, incluso para principiantes.<\/li>\n<\/ul>\n","protected":false},"excerpt":{"rendered":"<p>El tema en discusi\u00f3n se refiere al \u00e1mbito del marketing digital, enfatizando espec\u00edficamente la subcategor\u00eda de SEO, que se presenta a trav\u00e9s de una plataforma digital conocida como Num\u00e9rique. Este intrincado tema encapsula las complejidades y matices de las estrategias de marketing digital, mientras que subrayan el papel fundamental de las t\u00e9cnicas de optimizaci\u00f3n de motores de b\u00fasqueda (SEO), que est\u00e1n integradas sin problemas dentro de la plataforma Numerique innovadora y tecnol\u00f3gicamente avanzada.<\/p>\n","protected":false},"featured_media":168965,"comment_status":"open","ping_status":"open","template":"","meta":[],"product_brand":[2337],"product_cat":[1307,1237,1238],"product_tag":[1391],"class_list":{"0":"post-146971","1":"product","2":"type-product","3":"status-publish","4":"has-post-thumbnail","6":"product_brand-themeforest","7":"product_cat-negocio-wordpress-temas","8":"product_cat-temas","9":"product_cat-wordpress-temas","10":"product_tag-themeforest","11":"member-discount","12":"discount-restricted","14":"first","15":"instock","16":"sale","17":"downloadable","18":"virtual","19":"sold-individually","20":"purchasable","21":"product-type-simple"},"_links":{"self":[{"href":"https:\/\/gpl-love.com\/es\/wp-json\/wp\/v2\/product\/146971","targetHints":{"allow":["GET"]}}],"collection":[{"href":"https:\/\/gpl-love.com\/es\/wp-json\/wp\/v2\/product"}],"about":[{"href":"https:\/\/gpl-love.com\/es\/wp-json\/wp\/v2\/types\/product"}],"replies":[{"embeddable":true,"href":"https:\/\/gpl-love.com\/es\/wp-json\/wp\/v2\/comments?post=146971"}],"wp:featuredmedia":[{"embeddable":true,"href":"https:\/\/gpl-love.com\/es\/wp-json\/wp\/v2\/media\/168965"}],"wp:attachment":[{"href":"https:\/\/gpl-love.com\/es\/wp-json\/wp\/v2\/media?parent=146971"}],"wp:term":[{"taxonomy":"product_brand","embeddable":true,"href":"https:\/\/gpl-love.com\/es\/wp-json\/wp\/v2\/product_brand?post=146971"},{"taxonomy":"product_cat","embeddable":true,"href":"https:\/\/gpl-love.com\/es\/wp-json\/wp\/v2\/product_cat?post=146971"},{"taxonomy":"product_tag","embeddable":true,"href":"https:\/\/gpl-love.com\/es\/wp-json\/wp\/v2\/product_tag?post=146971"}],"curies":[{"name":"wp","href":"https:\/\/api.w.org\/{rel}","templated":true}]}}