{"id":146940,"date":"2023-09-24T00:00:00","date_gmt":"2023-09-24T05:00:00","guid":{"rendered":"https:\/\/gpl-love.com\/es\/producto\/dhwc-page-woocommerce-single-page-builder\/"},"modified":"2026-03-09T08:41:13","modified_gmt":"2026-03-09T13:41:13","slug":"dhwc-page-woocommerce-single-page-builder","status":"publish","type":"product","link":"https:\/\/gpl-love.com\/es\/producto\/dhwc-page-woocommerce-single-page-builder\/","title":{"rendered":"DHWC Page WooCommerce Single Page Builder 5.3.5"},"content":{"rendered":"<h3>DHWC Page WooCommerce Single Page Builder Caracteristicas<\/h3>\n<p>DHWC Page WooCommerce Single Page Builder es un complemento excepcionalmente potente y f\u00e1cil de usar que le permite crear y personalizar sus p\u00e1ginas de comercio electr\u00f3nico con facilidad. Esta invaluable herramienta permite a los usuarios construir sus propios dise\u00f1os de p\u00e1gina de productos \u00fanicos, configurando el aspecto, el estilo y la funcionalidad de su tienda WooCommerce. Funciona sin problemas con cualquier tema de WordPress, lo que le permite crear p\u00e1ginas de productos individuales con dise\u00f1os \u00fanicos que pueden ayudar a convertir los navegadores en compradores. El constructor est\u00e1 lleno de una variedad de caracter\u00edsticas y opciones de personalizaci\u00f3n, proporcionando un control completo y la m\u00e1xima flexibilidad. Es perfecto para los propietarios de tiendas de comercio electr\u00f3nico que desean destacarse de la competencia y proporcionar a sus clientes una experiencia de compra \u00fanica y personalizada.<\/p>\n<ul>\n<li>El Builder de una sola p\u00e1gina de DHWC Page es un complemento vers\u00e1til de WordPress dise\u00f1ado para mejorar la funcionalidad de su plataforma de comercio electr\u00f3nico.<\/li>\n<li>Esta herramienta le permite personalizar su p\u00e1gina de producto \u00fanico de WooCommerce sin esfuerzo sin ning\u00fan conocimiento de codificaci\u00f3n.<\/li>\n<li>Ofrece varios widgets y complementos para que su sitio web de comercio electr\u00f3nico sea m\u00e1s f\u00e1cil de usar y visualmente atractivo.<\/li>\n<li>El constructor es compatible con todos los temas de WordPress y se puede utilizar para incorporar detalles del producto, revisiones y productos relacionados en su sitio.<\/li>\n<li>Este complemento proporciona opciones de dise\u00f1o flexibles, lo que le permite crear p\u00e1ginas de productos \u00fanicas y personalizadas para su sitio de WooCommerce.<\/li>\n<li>Viene con una interfaz f\u00e1cil de usar que garantiza una f\u00e1cil navegaci\u00f3n y operaci\u00f3n incluso para usuarios no t\u00e9cnicos.<\/li>\n<li>Con la p\u00e1gina DHWC WooCommerce Single Page Builder, puede optimizar sus p\u00e1ginas de productos para obtener el m\u00e1ximo compromiso y conversiones.<\/li>\n<li>Este complemento admite lenguajes multiling\u00fces y RTL, lo que lo hace ideal para plataformas de comercio electr\u00f3nico dirigido a mercados internacionales.<\/li>\n<li>Se actualiza regularmente para un rendimiento \u00f3ptimo, lo que garantiza la compatibilidad con las \u00faltimas versiones de WordPress y WooCommerce.<\/li>\n<li>La p\u00e1gina DHWC WooCommerce \u00fanica Builder proporciona una excelente atenci\u00f3n al cliente para ayudar a resolver cualquier problema que los usuarios puedan encontrar mientras usan el complemento.<\/li>\n<\/ul>\n","protected":false},"excerpt":{"rendered":"<p>La p\u00e1gina DHWC es una herramienta especializada que sirve como un constructor de p\u00e1gina \u00fanica de WooCommerce. Su papel es ayudar a los usuarios a crear p\u00e1ginas \u00fanicas y personalizadas espec\u00edficamente adaptadas para WooCommerce, un complemento de comercio electr\u00f3nico de c\u00f3digo abierto dise\u00f1ado para WordPress. Esta herramienta ofrece una variedad de caracter\u00edsticas que facilitan a las personas construir y personalizar sus p\u00e1ginas web de WooCommerce, estableciendo as\u00ed una experiencia de compra en l\u00ednea m\u00e1s din\u00e1mica y atractiva para sus clientes.<\/p>\n","protected":false},"featured_media":168963,"comment_status":"open","ping_status":"open","template":"","meta":[],"product_brand":[2339],"product_cat":[1207,1248,1206],"product_tag":[1256],"class_list":{"0":"post-146940","1":"product","2":"type-product","3":"status-publish","4":"has-post-thumbnail","6":"product_brand-codecanyon","7":"product_cat-comercio-electronico-plugins","8":"product_cat-personalizacion-comercio-electronico-plugins","9":"product_cat-plugins","10":"product_tag-codecanyon","11":"member-discount","12":"discount-restricted","14":"first","15":"instock","16":"sale","17":"downloadable","18":"virtual","19":"sold-individually","20":"purchasable","21":"product-type-simple"},"_links":{"self":[{"href":"https:\/\/gpl-love.com\/es\/wp-json\/wp\/v2\/product\/146940","targetHints":{"allow":["GET"]}}],"collection":[{"href":"https:\/\/gpl-love.com\/es\/wp-json\/wp\/v2\/product"}],"about":[{"href":"https:\/\/gpl-love.com\/es\/wp-json\/wp\/v2\/types\/product"}],"replies":[{"embeddable":true,"href":"https:\/\/gpl-love.com\/es\/wp-json\/wp\/v2\/comments?post=146940"}],"wp:featuredmedia":[{"embeddable":true,"href":"https:\/\/gpl-love.com\/es\/wp-json\/wp\/v2\/media\/168963"}],"wp:attachment":[{"href":"https:\/\/gpl-love.com\/es\/wp-json\/wp\/v2\/media?parent=146940"}],"wp:term":[{"taxonomy":"product_brand","embeddable":true,"href":"https:\/\/gpl-love.com\/es\/wp-json\/wp\/v2\/product_brand?post=146940"},{"taxonomy":"product_cat","embeddable":true,"href":"https:\/\/gpl-love.com\/es\/wp-json\/wp\/v2\/product_cat?post=146940"},{"taxonomy":"product_tag","embeddable":true,"href":"https:\/\/gpl-love.com\/es\/wp-json\/wp\/v2\/product_tag?post=146940"}],"curies":[{"name":"wp","href":"https:\/\/api.w.org\/{rel}","templated":true}]}}