{"id":146939,"date":"2023-09-24T00:00:00","date_gmt":"2023-09-24T05:00:00","guid":{"rendered":"https:\/\/gpl-love.com\/es\/producto\/woobought-pro\/"},"modified":"2026-03-09T08:41:12","modified_gmt":"2026-03-09T13:41:12","slug":"woobought-pro","status":"publish","type":"product","link":"https:\/\/gpl-love.com\/es\/producto\/woobought-pro\/","title":{"rendered":"Woobought Pro 2.0"},"content":{"rendered":"<h3>Woobought Pro Caracteristicas<\/h3>\n<p>WOOBOUNT Pro es una soluci\u00f3n premium de comercio electr\u00f3nico dise\u00f1ada para mejorar sus operaciones comerciales en l\u00ednea. Esta herramienta avanzada le permite administrar pedidos, rastrear el inventario y supervisar todas sus actividades de comercio electr\u00f3nico sin problemas. Con sus poderosas capacidades, Woobought Pro lo ayuda a optimizar sus procesos, garantizar un servicio al cliente eficiente y maximizar las ganancias. Su interfaz intuitiva y sus caracter\u00edsticas \u00fanicas hacen que sea f\u00e1cil de usar, ya sea que sea propietario de una peque\u00f1a empresa o una gran empresa. Optimice su tienda en l\u00ednea con WOOBought Pro e impulse su negocio a nuevas alturas.<\/p>\n<ul>\n<li>WOOBOUNT PRO es una herramienta avanzada de comercio electr\u00f3nico dise\u00f1ada para usuarios de WooCommerce.<\/li>\n<li>Dise\u00f1ado para aumentar las ventas mostrando compras recientes en tiempo real, creando un sentido de urgencia y prueba social.<\/li>\n<li>Cuenta con opciones de personalizaci\u00f3n personalizadas para que coincidan con el aspecto de su tienda en l\u00ednea, incluidos los tama\u00f1os emergentes ajustables, los colores y la frecuencia de la pantalla.<\/li>\n<li>Ofrece un tablero f\u00e1cil de usar para administrar, rastrear y analizar pedidos recientes.<\/li>\n<li>Compatible con todos los temas de WordPress y f\u00e1cilmente integrado con sitios de WooCommerce.<\/li>\n<li>Incluye configuraciones avanzadas para limitar las notificaciones de compra por tipo de producto o per\u00edodo de tiempo.<\/li>\n<li>Ayuda a mejorar las tasas de participaci\u00f3n y retenci\u00f3n del cliente al mostrar un comportamiento de compra positivo.<\/li>\n<li>WOOBOUNTH PRO trabaja en todos los dispositivos y tama\u00f1os de pantalla, ofreciendo una experiencia de usuario consistente.<\/li>\n<li>Viene con atenci\u00f3n al cliente premium 24\/7 para manejar cualquier consulta o problema de inmediato.<\/li>\n<li>Ofrece un per\u00edodo de prueba gratuito para probar el producto y explorar sus caracter\u00edsticas antes de la compra.<\/li>\n<\/ul>\n","protected":false},"excerpt":{"rendered":"<p>El producto que se adquiri\u00f3 se reconoce con el nombre de Woobought Pro. Este art\u00edculo en particular, distinguido como Woobought Pro por sus creadores, fue la opci\u00f3n final hecha para la compra. Despu\u00e9s de considerar varias opciones y alternativas en el mercado, se tom\u00f3 la decisi\u00f3n de adquirir el Pro. Esto significa que el art\u00edculo que se compr\u00f3 y ahora est\u00e1 en posesi\u00f3n del Comprador no es otro que el estimado Woobought Pro.<\/p>\n","protected":false},"featured_media":168962,"comment_status":"open","ping_status":"open","template":"","meta":[],"product_brand":[2667],"product_cat":[1207,1225,1206],"product_tag":[2290],"class_list":{"0":"post-146939","1":"product","2":"type-product","3":"status-publish","4":"has-post-thumbnail","6":"product_brand-studiowombat","7":"product_cat-comercio-electronico-plugins","8":"product_cat-marketing","9":"product_cat-plugins","10":"product_tag-studiowombat","11":"member-discount","12":"discount-restricted","14":"first","15":"instock","16":"sale","17":"downloadable","18":"virtual","19":"sold-individually","20":"purchasable","21":"product-type-simple"},"_links":{"self":[{"href":"https:\/\/gpl-love.com\/es\/wp-json\/wp\/v2\/product\/146939","targetHints":{"allow":["GET"]}}],"collection":[{"href":"https:\/\/gpl-love.com\/es\/wp-json\/wp\/v2\/product"}],"about":[{"href":"https:\/\/gpl-love.com\/es\/wp-json\/wp\/v2\/types\/product"}],"replies":[{"embeddable":true,"href":"https:\/\/gpl-love.com\/es\/wp-json\/wp\/v2\/comments?post=146939"}],"wp:featuredmedia":[{"embeddable":true,"href":"https:\/\/gpl-love.com\/es\/wp-json\/wp\/v2\/media\/168962"}],"wp:attachment":[{"href":"https:\/\/gpl-love.com\/es\/wp-json\/wp\/v2\/media?parent=146939"}],"wp:term":[{"taxonomy":"product_brand","embeddable":true,"href":"https:\/\/gpl-love.com\/es\/wp-json\/wp\/v2\/product_brand?post=146939"},{"taxonomy":"product_cat","embeddable":true,"href":"https:\/\/gpl-love.com\/es\/wp-json\/wp\/v2\/product_cat?post=146939"},{"taxonomy":"product_tag","embeddable":true,"href":"https:\/\/gpl-love.com\/es\/wp-json\/wp\/v2\/product_tag?post=146939"}],"curies":[{"name":"wp","href":"https:\/\/api.w.org\/{rel}","templated":true}]}}