{"id":146938,"date":"2024-02-24T00:00:00","date_gmt":"2024-02-24T05:00:00","guid":{"rendered":"https:\/\/gpl-love.com\/es\/producto\/woocommerce-partial-cod\/"},"modified":"2026-03-09T08:41:11","modified_gmt":"2026-03-09T13:41:11","slug":"woocommerce-partial-cod","status":"publish","type":"product","link":"https:\/\/gpl-love.com\/es\/producto\/woocommerce-partial-cod\/","title":{"rendered":"WooCommerce Partial COD 1.3.1"},"content":{"rendered":"<h3>WooCommerce Partial COD Caracteristicas<\/h3>\n<p>WooCommerce parcial COD es un complemento invaluable dise\u00f1ado espec\u00edficamente para las tiendas en l\u00ednea de WooCommerce. Con este complemento, los clientes pueden realizar compras utilizando efectivo en la entrega (COD) para una parte de su total, mientras que el resto se puede pagar a trav\u00e9s de un m\u00e9todo diferente. Esto es particularmente \u00fatil para art\u00edculos de alto precio o pedidos a granel donde los clientes pueden no sentirse c\u00f3modos pagando el monto total por adelantado. WooCommerce parcial COD ofrece una soluci\u00f3n flexible y personalizable para el procesamiento de pagos, lo que permite al propietario de la tienda establecer condiciones espec\u00edficas para el bacalao parcial, como cantidades m\u00ednimas y m\u00e1ximas. Una herramienta ideal para aumentar la confianza del cliente y mejorar la experiencia general de compra.<\/p>\n<ul>\n<li>WooCommerce Parcial COD es un poderoso complemento dise\u00f1ado para mejorar el efectivo en los servicios de entrega en su plataforma WooCommerce.<\/li>\n<li>Permite a los clientes pagar una parte del monto total como un pago por adelantado durante el pago mientras se resuelve el resto tras la entrega.<\/li>\n<li>Permite a los propietarios de sitios web establecer un l\u00edmite m\u00ednimo y m\u00e1ximo para el pago parcial, d\u00e1ndoles un mejor control sobre sus transacciones financieras.<\/li>\n<li>Facilita la creaci\u00f3n de mensajes personalizados que aparecer\u00e1n durante el proceso de pago para informar a los clientes sobre la pol\u00edtica de COD parcial.<\/li>\n<li>Compatible con todos los tipos de sitios web de WooCommerce y totalmente personalizables para satisfacer las necesidades espec\u00edficas de su negocio en l\u00ednea.<\/li>\n<li>Mejora la satisfacci\u00f3n del cliente al proporcionar opciones de pago flexibles, mejorando as\u00ed la experiencia general de compra.<\/li>\n<li>F\u00e1cil de instalar y configurar, que no requiere ning\u00fan conocimiento t\u00e9cnico avanzado para usar de manera efectiva.<\/li>\n<li>Proporciona una forma segura y confiable de manejar efectivo en las transacciones de entrega, asegurando operaciones sin problemas y sin problemas.<\/li>\n<li>Viene con actualizaciones regulares y atenci\u00f3n al cliente dedicada para ayudarlo en caso de cualquier problema o consulta.<\/li>\n<\/ul>\n","protected":false},"excerpt":{"rendered":"<p>La caracter\u00edstica de WooCommerce, conocida como efectivo parcial de entrega (COD), es un elemento \u00fanico que se ha incorporado a su plataforma de comercio electr\u00f3nico m\u00e1s amplia. Esta funci\u00f3n innovadora sirve como una herramienta fundamental para las empresas en l\u00ednea, lo que les permite proporcionar a sus clientes flexibilidad y conveniencia muy necesarias en sus transacciones en l\u00ednea.<\/p>\n","protected":false},"featured_media":168961,"comment_status":"open","ping_status":"open","template":"","meta":[],"product_brand":[2339],"product_cat":[1207,1248,1206],"product_tag":[1256],"class_list":{"0":"post-146938","1":"product","2":"type-product","3":"status-publish","4":"has-post-thumbnail","6":"product_brand-codecanyon","7":"product_cat-comercio-electronico-plugins","8":"product_cat-personalizacion-comercio-electronico-plugins","9":"product_cat-plugins","10":"product_tag-codecanyon","11":"member-discount","12":"discount-restricted","14":"first","15":"instock","16":"sale","17":"downloadable","18":"virtual","19":"sold-individually","20":"purchasable","21":"product-type-simple"},"_links":{"self":[{"href":"https:\/\/gpl-love.com\/es\/wp-json\/wp\/v2\/product\/146938","targetHints":{"allow":["GET"]}}],"collection":[{"href":"https:\/\/gpl-love.com\/es\/wp-json\/wp\/v2\/product"}],"about":[{"href":"https:\/\/gpl-love.com\/es\/wp-json\/wp\/v2\/types\/product"}],"replies":[{"embeddable":true,"href":"https:\/\/gpl-love.com\/es\/wp-json\/wp\/v2\/comments?post=146938"}],"wp:featuredmedia":[{"embeddable":true,"href":"https:\/\/gpl-love.com\/es\/wp-json\/wp\/v2\/media\/168961"}],"wp:attachment":[{"href":"https:\/\/gpl-love.com\/es\/wp-json\/wp\/v2\/media?parent=146938"}],"wp:term":[{"taxonomy":"product_brand","embeddable":true,"href":"https:\/\/gpl-love.com\/es\/wp-json\/wp\/v2\/product_brand?post=146938"},{"taxonomy":"product_cat","embeddable":true,"href":"https:\/\/gpl-love.com\/es\/wp-json\/wp\/v2\/product_cat?post=146938"},{"taxonomy":"product_tag","embeddable":true,"href":"https:\/\/gpl-love.com\/es\/wp-json\/wp\/v2\/product_tag?post=146938"}],"curies":[{"name":"wp","href":"https:\/\/api.w.org\/{rel}","templated":true}]}}