{"id":146937,"date":"2026-03-13T00:00:00","date_gmt":"2026-03-13T05:00:00","guid":{"rendered":"https:\/\/gpl-love.com\/es\/producto\/feeds-for-youtube-pro\/"},"modified":"2026-03-13T11:17:06","modified_gmt":"2026-03-13T16:17:06","slug":"feeds-for-youtube-pro","status":"publish","type":"product","link":"https:\/\/gpl-love.com\/es\/producto\/feeds-for-youtube-pro\/","title":{"rendered":"Feeds para YouTube Pro 2.6.3"},"content":{"rendered":"<h3>Feeds para YouTube Pro Caracteristicas<\/h3>\n<p>Feeds for YouTube Pro es un software premium dise\u00f1ado para mejorar su experiencia mientras se transmite videos en YouTube. Esta herramienta eficiente le permite personalizar y administrar sus feeds de YouTube de acuerdo con sus preferencias. Con caracter\u00edsticas avanzadas como transmisi\u00f3n de video de alta resoluci\u00f3n, observaci\u00f3n sin publicidad, acceso exclusivo de contenido e integraci\u00f3n perfecta con varias plataformas de redes sociales, tiene como objetivo ofrecer una experiencia de visualizaci\u00f3n superior. Feeds for YouTube Pro tambi\u00e9n viene con una interfaz intuitiva que permite una f\u00e1cil navegaci\u00f3n y un rendimiento excepcional. Optimice su experiencia en YouTube con este software de grado profesional y disfrute de su contenido favorito como nunca antes.<\/p>\n<ul>\n<li>Feeds for YouTube Pro es un complemento premium que le permite integrar sin problemas su contenido de YouTube en su sitio web.<\/li>\n<li>Ofrece caracter\u00edsticas avanzadas como transmisi\u00f3n en vivo, clasificaci\u00f3n de video por vistas o me gusta, y soporte prioritario.<\/li>\n<li>Permite a los usuarios actualizar autom\u00e1ticamente su sitio con su \u00faltimo contenido de YouTube, mejorando la participaci\u00f3n de los visitantes.<\/li>\n<li>Proporciona alimentos en video de alta calidad y receptivos, asegurando una experiencia de visualizaci\u00f3n \u00f3ptima en varios dispositivos.<\/li>\n<li>Viene con configuraciones personalizables que incluyen dise\u00f1o de alimentaci\u00f3n, tama\u00f1o del reproductor de video y CSS\/JS personalizado.<\/li>\n<li>Permite a los usuarios filtrar contenido en funci\u00f3n de criterios espec\u00edficos, d\u00e1ndoles control sobre qu\u00e9 videos se muestran.<\/li>\n<li>Asegura que la velocidad y el rendimiento del sitio web no se vean comprometidos cargando videos solo cuando sea necesario.<\/li>\n<li>Facilita una f\u00e1cil integraci\u00f3n sin necesidad de habilidades de codificaci\u00f3n, lo que lo hace adecuado para principiantes.<\/li>\n<li>Viene con un widget de alimentaci\u00f3n de YouTube, que permite una f\u00e1cil ubicaci\u00f3n en cualquier parte del sitio.<\/li>\n<li>La versi\u00f3n PRO incluye actualizaciones premium y atenci\u00f3n al cliente dedicada para garantizar una experiencia de usuario sin problemas.<\/li>\n<li>Ayuda a impulsar el SEO aumentando el tiempo de permanencia de los visitantes en el sitio.<\/li>\n<li>Ha sido dise\u00f1ado para ser compatible con los principales navegadores web y dispositivos m\u00f3viles.<\/li>\n<li>Proporciona la capacidad de importar y mostrar m\u00faltiples alimentos en YouTube de diferentes fuentes.<\/li>\n<li>Permite la inclusi\u00f3n de subt\u00edtulos de video, comentarios y recuentos de reacci\u00f3n para una experiencia de usuario m\u00e1s interactiva.<\/li>\n<\/ul>\n","protected":false},"excerpt":{"rendered":"<p>La entrada se refiere a los alimentos que est\u00e1n dise\u00f1ados y adaptados espec\u00edficamente para la versi\u00f3n mejorada de YouTube, con raz\u00f3n como YouTube Pro.<\/p>\n","protected":false},"featured_media":168960,"comment_status":"open","ping_status":"open","template":"","meta":[],"product_brand":[2404],"product_cat":[1232,1206,1211],"product_tag":[1374],"class_list":{"0":"post-146937","1":"product","2":"type-product","3":"status-publish","4":"has-post-thumbnail","6":"product_brand-smashballoon","7":"product_cat-marketing-wordpress-plugins","8":"product_cat-plugins","9":"product_cat-wordpress-plugins","10":"product_tag-smashballoon","11":"member-discount","12":"discount-restricted","14":"first","15":"instock","16":"sale","17":"downloadable","18":"virtual","19":"sold-individually","20":"purchasable","21":"product-type-simple"},"_links":{"self":[{"href":"https:\/\/gpl-love.com\/es\/wp-json\/wp\/v2\/product\/146937","targetHints":{"allow":["GET"]}}],"collection":[{"href":"https:\/\/gpl-love.com\/es\/wp-json\/wp\/v2\/product"}],"about":[{"href":"https:\/\/gpl-love.com\/es\/wp-json\/wp\/v2\/types\/product"}],"replies":[{"embeddable":true,"href":"https:\/\/gpl-love.com\/es\/wp-json\/wp\/v2\/comments?post=146937"}],"wp:featuredmedia":[{"embeddable":true,"href":"https:\/\/gpl-love.com\/es\/wp-json\/wp\/v2\/media\/168960"}],"wp:attachment":[{"href":"https:\/\/gpl-love.com\/es\/wp-json\/wp\/v2\/media?parent=146937"}],"wp:term":[{"taxonomy":"product_brand","embeddable":true,"href":"https:\/\/gpl-love.com\/es\/wp-json\/wp\/v2\/product_brand?post=146937"},{"taxonomy":"product_cat","embeddable":true,"href":"https:\/\/gpl-love.com\/es\/wp-json\/wp\/v2\/product_cat?post=146937"},{"taxonomy":"product_tag","embeddable":true,"href":"https:\/\/gpl-love.com\/es\/wp-json\/wp\/v2\/product_tag?post=146937"}],"curies":[{"name":"wp","href":"https:\/\/api.w.org\/{rel}","templated":true}]}}