{"id":146936,"date":"2026-02-14T00:00:00","date_gmt":"2026-02-14T05:00:00","guid":{"rendered":"https:\/\/gpl-love.com\/es\/producto\/alone-charity-wordpress-theme\/"},"modified":"2026-03-13T17:36:27","modified_gmt":"2026-03-13T22:36:27","slug":"alone-charity-wordpress-theme","status":"publish","type":"product","link":"https:\/\/gpl-love.com\/es\/producto\/alone-charity-wordpress-theme\/","title":{"rendered":"Alone Charity WordPress Theme 7.9.1.2"},"content":{"rendered":"<h3>Alone Charity WordPress Theme Caracteristicas<\/h3>\n<p>Alone Charity WordPress Temo es un tema poderoso y vers\u00e1til dise\u00f1ado espec\u00edficamente para organizaciones ben\u00e9ficas, grupos sin fines de lucro e iniciativas sociales. Este tema viene con un conjunto robusto de caracter\u00edsticas que le permiten crear un sitio web profesional y efectivo para promover su causa. El tema de la caridad Algo admite varios tipos de publicaciones, incluidos eventos, noticias, historias y proyectos, lo que le permite mostrar las actividades de su organizaci\u00f3n de una manera atractiva.<\/p>\n<p>El tema es totalmente receptivo, asegurando que su sitio se vea genial en todos los dispositivos, y es totalmente personalizable, lo que le permite crear un aspecto \u00fanico que se adapte a su marca. Tambi\u00e9n viene con un sistema de donaci\u00f3n, lo que le permite recaudar fondos directamente de su sitio web. El tema de la caridad de WordPress solo es amigable con SEO, lo que ayuda a su sitio a clasificar m\u00e1s alto en los resultados de b\u00fasqueda y atraer a m\u00e1s visitantes.<\/p>\n<p>Con su interfaz intuitiva y f\u00e1cil de usar, no necesita ning\u00fan conocimiento de codificaci\u00f3n para usar este tema. Adem\u00e1s, viene con una amplia gama de p\u00e1ginas predise\u00f1adas, lo que le ahorra tiempo y esfuerzo en el dise\u00f1o de su sitio. Entonces, ya sea que sea una organizaci\u00f3n de caridad que busque aumentar su presencia en l\u00ednea o una organizaci\u00f3n sin fines de lucro con el objetivo de llegar a m\u00e1s personas, el tema de la caridad de WordPress, es una elecci\u00f3n perfecta.<\/p>\n<ul>\n<li>Alone Charity WordPress Tema es un tema poderoso y vers\u00e1til dise\u00f1ado espec\u00edficamente para sitios web de caridad y sin fines de lucro en la plataforma WordPress.<\/li>\n<li>F\u00e1cil de instalar, personalizar y administrar, ofreciendo una interfaz f\u00e1cil de usar tanto para principiantes como para gerentes de sitios web experimentados.<\/li>\n<li>Viene con una variedad de caracter\u00edsticas, como herramientas de donaci\u00f3n, calendarios de eventos y sistemas de gesti\u00f3n de voluntarios para administrar efectivamente las operaciones de caridad.<\/li>\n<li>Proporciona m\u00faltiples opciones de dise\u00f1o y p\u00e1ginas preconstruidas para mostrar su causa, programas y proyectos de una manera atractiva y visualmente atractiva.<\/li>\n<li>Integrado con plataformas populares de recaudaci\u00f3n de fondos, que proporciona una funcionalidad perfecta para donaciones en l\u00ednea y campa\u00f1as de recaudaci\u00f3n de fondos.<\/li>\n<li>Optimizado para SEO y sensibles a los dispositivos m\u00f3viles, asegurando una experiencia de navegaci\u00f3n suave y atractiva en todos los dispositivos.<\/li>\n<li>Viene con atenci\u00f3n al cliente profesional y premium, resolviendo cualquier problema para una experiencia de gesti\u00f3n de sitios web sin problemas.<\/li>\n<li>Incluye actualizaciones peri\u00f3dicas para un rendimiento sin problemas y para incluir nuevas caracter\u00edsticas y funcionalidades.<\/li>\n<li>Ofrece una amplia documentaci\u00f3n y videos tutoriales para guiarlo a trav\u00e9s del proceso de configuraci\u00f3n y ayudarlo a aprovechar al m\u00e1ximo su sitio web.<\/li>\n<li>Admite complementos avanzados para una funcionalidad adicional, incluido WooCommerce para una tienda en l\u00ednea y WPML para soporte de varios idiomas.<\/li>\n<\/ul>\n","protected":false},"excerpt":{"rendered":"<p>El tema de WordPress que est\u00e1 dise\u00f1ado y dise\u00f1ado espec\u00edficamente para organizaciones caritativas y entidades sin fines de lucro, que se conoce como el tema de \u00abcaridad solo\u00bb, encarna una combinaci\u00f3n \u00fanica de est\u00e9tica y funcionalidad. Este tema en particular es una herramienta excepcional que permite a estas organizaciones establecer una poderosa presencia en l\u00ednea.<\/p>\n","protected":false},"featured_media":168959,"comment_status":"open","ping_status":"open","template":"","meta":[],"product_brand":[2337],"product_cat":[1267,1237,1238],"product_tag":[1391],"class_list":{"0":"post-146936","1":"product","2":"type-product","3":"status-publish","4":"has-post-thumbnail","6":"product_brand-themeforest","7":"product_cat-creativo","8":"product_cat-temas","9":"product_cat-wordpress-temas","10":"product_tag-themeforest","11":"member-discount","12":"discount-restricted","14":"first","15":"instock","16":"sale","17":"downloadable","18":"virtual","19":"sold-individually","20":"purchasable","21":"product-type-simple"},"_links":{"self":[{"href":"https:\/\/gpl-love.com\/es\/wp-json\/wp\/v2\/product\/146936","targetHints":{"allow":["GET"]}}],"collection":[{"href":"https:\/\/gpl-love.com\/es\/wp-json\/wp\/v2\/product"}],"about":[{"href":"https:\/\/gpl-love.com\/es\/wp-json\/wp\/v2\/types\/product"}],"replies":[{"embeddable":true,"href":"https:\/\/gpl-love.com\/es\/wp-json\/wp\/v2\/comments?post=146936"}],"wp:featuredmedia":[{"embeddable":true,"href":"https:\/\/gpl-love.com\/es\/wp-json\/wp\/v2\/media\/168959"}],"wp:attachment":[{"href":"https:\/\/gpl-love.com\/es\/wp-json\/wp\/v2\/media?parent=146936"}],"wp:term":[{"taxonomy":"product_brand","embeddable":true,"href":"https:\/\/gpl-love.com\/es\/wp-json\/wp\/v2\/product_brand?post=146936"},{"taxonomy":"product_cat","embeddable":true,"href":"https:\/\/gpl-love.com\/es\/wp-json\/wp\/v2\/product_cat?post=146936"},{"taxonomy":"product_tag","embeddable":true,"href":"https:\/\/gpl-love.com\/es\/wp-json\/wp\/v2\/product_tag?post=146936"}],"curies":[{"name":"wp","href":"https:\/\/api.w.org\/{rel}","templated":true}]}}