{"id":146934,"date":"2026-03-20T00:00:00","date_gmt":"2026-03-20T05:00:00","guid":{"rendered":"https:\/\/gpl-love.com\/es\/producto\/jet-form-builder\/"},"modified":"2026-03-20T17:16:48","modified_gmt":"2026-03-20T22:16:48","slug":"jet-form-builder","status":"publish","type":"product","link":"https:\/\/gpl-love.com\/es\/producto\/jet-form-builder\/","title":{"rendered":"Jet Form Builder 3.5.6.3"},"content":{"rendered":"<h3>Jet Form Builder Caracteristicas<\/h3>\n<p>Jet Form Builder es una herramienta poderosa y vers\u00e1til dise\u00f1ada para crear formularios din\u00e1micos para su sitio web. Este producto innovador le permite construir f\u00e1cilmente formas complejas con una interfaz f\u00e1cil de usar, eliminando la necesidad de cualquier codificaci\u00f3n. Ya sea que est\u00e9 buscando crear formularios de contacto, formularios de registro o formularios de solicitud, Jet Form Builder lo tiene cubierto. Ofrece una variedad de tipos de campo y plantillas de formularios, junto con caracter\u00edsticas avanzadas como l\u00f3gica condicional, formularios de varios pasos y env\u00edo de publicaciones frontales. Con sus robustas opciones de personalizaci\u00f3n, puede dise\u00f1ar formularios que se adapten perfectamente a su marca y est\u00e9tica del sitio web. Ideal para principiantes y profesionales, Jet Form Builder asegura que tenga el control total sobre sus dise\u00f1os de forma y sus funcionalidades.<\/p>\n<ul>\n<li>Jet Form Builder es un complemento de WordPress potente y flexible dise\u00f1ado para crear y dise\u00f1ar formularios con una interfaz de arrastrar y soltar f\u00e1cil de usar.<\/li>\n<li>Le permite personalizar los formularios de su sitio web con varias opciones de campo y funcionalidad, incluidos cuadros de texto, casillas, men\u00fas desplegables, botones de radio y m\u00e1s.<\/li>\n<li>Proporciona caracter\u00edsticas avanzadas como l\u00f3gica condicional, formularios de m\u00faltiples pasos, campos de c\u00e1lculo y formularios de registro de usuarios.<\/li>\n<li>Permite la integraci\u00f3n con herramientas populares de marketing y CRM para optimizar sus procesos comerciales.<\/li>\n<li>Viene con una interfaz f\u00e1cil de usar que no requiere conocimientos de codificaci\u00f3n, lo que lo hace adecuado tanto para principiantes como para usuarios avanzados.<\/li>\n<li>Tiene capacidades para la validaci\u00f3n avanzada y la prevenci\u00f3n de entradas de spam para la recopilaci\u00f3n de datos seguros.<\/li>\n<li>Ofrece un dise\u00f1o receptivo que garantiza que sus formularios se vean muy bien en cualquier dispositivo, ya sea un escritorio, una tableta o un tel\u00e9fono m\u00f3vil.<\/li>\n<li>Incluye plantillas de formulario predise\u00f1adas para ayudarlo a comenzar de manera r\u00e1pida y sin esfuerzo.<\/li>\n<li>Caracter\u00edsticas Env\u00edo del formulario AJAX, lo que significa que sus visitantes pueden enviar formularios sin recargar la p\u00e1gina.<\/li>\n<li>Admite m\u00faltiples idiomas y proporciona una excelente atenci\u00f3n al cliente.<\/li>\n<\/ul>\n","protected":false},"excerpt":{"rendered":"<p>Jet Form Builder, una herramienta altamente sofisticada dise\u00f1ada para optimizar el proceso de creaci\u00f3n de formas complejas, es una aplicaci\u00f3n de software personalizable, f\u00e1cil de usar y flexible. Esta herramienta notable es utilizada por una variedad de usuarios, desde aquellos que son novatos en el \u00e1mbito de la creaci\u00f3n de formularios hasta profesionales experimentados. El Jet Form Builder, que es reconocido por su interfaz din\u00e1mica e interactiva, contin\u00faa revolucionando la forma en que se dise\u00f1an e implementan los formularios. Se destaca como un ep\u00edtome de avance en el campo de la construcci\u00f3n de formularios, proporcionando a los usuarios un nivel de control y opciones de personalizaci\u00f3n incomparables.<\/p>\n","protected":false},"featured_media":168957,"comment_status":"open","ping_status":"open","template":"","meta":[],"product_brand":[2480],"product_cat":[1216,1206,1211],"product_tag":[2276],"class_list":{"0":"post-146934","1":"product","2":"type-product","3":"status-publish","4":"has-post-thumbnail","6":"product_brand-crocoblock","7":"product_cat-formas","8":"product_cat-plugins","9":"product_cat-wordpress-plugins","10":"product_tag-crocoblock","11":"member-discount","12":"discount-restricted","14":"first","15":"instock","16":"sale","17":"downloadable","18":"virtual","19":"sold-individually","20":"purchasable","21":"product-type-simple"},"_links":{"self":[{"href":"https:\/\/gpl-love.com\/es\/wp-json\/wp\/v2\/product\/146934","targetHints":{"allow":["GET"]}}],"collection":[{"href":"https:\/\/gpl-love.com\/es\/wp-json\/wp\/v2\/product"}],"about":[{"href":"https:\/\/gpl-love.com\/es\/wp-json\/wp\/v2\/types\/product"}],"replies":[{"embeddable":true,"href":"https:\/\/gpl-love.com\/es\/wp-json\/wp\/v2\/comments?post=146934"}],"wp:featuredmedia":[{"embeddable":true,"href":"https:\/\/gpl-love.com\/es\/wp-json\/wp\/v2\/media\/168957"}],"wp:attachment":[{"href":"https:\/\/gpl-love.com\/es\/wp-json\/wp\/v2\/media?parent=146934"}],"wp:term":[{"taxonomy":"product_brand","embeddable":true,"href":"https:\/\/gpl-love.com\/es\/wp-json\/wp\/v2\/product_brand?post=146934"},{"taxonomy":"product_cat","embeddable":true,"href":"https:\/\/gpl-love.com\/es\/wp-json\/wp\/v2\/product_cat?post=146934"},{"taxonomy":"product_tag","embeddable":true,"href":"https:\/\/gpl-love.com\/es\/wp-json\/wp\/v2\/product_tag?post=146934"}],"curies":[{"name":"wp","href":"https:\/\/api.w.org\/{rel}","templated":true}]}}