{"id":146933,"date":"2025-12-18T00:00:00","date_gmt":"2025-12-18T05:00:00","guid":{"rendered":"https:\/\/gpl-love.com\/es\/producto\/modern-events-calendar-elementor-single-builder\/"},"modified":"2026-03-09T08:41:04","modified_gmt":"2026-03-09T13:41:04","slug":"modern-events-calendar-elementor-single-builder","status":"publish","type":"product","link":"https:\/\/gpl-love.com\/es\/producto\/modern-events-calendar-elementor-single-builder\/","title":{"rendered":"Modern Events Calendar Elementor Single Builder 1.13.0"},"content":{"rendered":"<h3>Modern Events Calendar Elementor Single Builder Caracteristicas<\/h3>\n<p>Modern Events Calendar Elementor Single Builder es una herramienta poderosa y altamente personalizable dise\u00f1ada para mejorar la funcionalidad de su sitio web. Este producto le permite crear, administrar y mostrar eventos en su sitio web de una manera moderna y elegante. Ya sea que desee crear eventos simples o m\u00faltiples, esta herramienta ofrece una amplia gama de caracter\u00edsticas y opciones. Est\u00e1 completamente integrado con Elementor, un popular constructor de p\u00e1ginas, que le permite dise\u00f1ar sus eventos con una interfaz simple de arrastrar y soltar. The Modern Events Calendar Elementor Single Builder admite eventos recurrentes, m\u00faltiples ubicaciones, varios tipos de boletos e incluso eventos en l\u00ednea. Es receptivo, lo que significa que se ver\u00e1 genial en cualquier dispositivo. Actualice la administraci\u00f3n de sus eventos con esta herramienta vers\u00e1til y f\u00e1cil de usar.<\/p>\n<ul>\n<li>Modern Events Calendar Elementor Single Builder es una herramienta poderosa para crear y administrar eventos en su sitio web.<\/li>\n<li>Se integra a la perfecci\u00f3n con el popular Elementor Page Builder, lo que le permite dise\u00f1ar p\u00e1ginas de eventos con facilidad.<\/li>\n<li>Este producto ofrece una caracter\u00edstica de constructor \u00fanica que le permite personalizar eventos individuales, asegurando que cada uno se destaque.<\/li>\n<li>Viene con una variedad de elementos de dise\u00f1o y widgets para ayudarlo a crear p\u00e1ginas de eventos atractivas y atractivas.<\/li>\n<li>El constructor incluye una interfaz intuitiva, facilitando que cualquier persona use, incluso sin experiencia en codificaci\u00f3n.<\/li>\n<li>Tambi\u00e9n presenta un dise\u00f1o receptivo, asegurando que sus p\u00e1ginas de eventos se vean muy bien en todos los dispositivos.<\/li>\n<li>Esta herramienta ofrece amplias opciones de personalizaci\u00f3n, lo que le permite ajustar los colores, las fuentes, los dise\u00f1os y m\u00e1s para que coincida con su marca.<\/li>\n<li>The Modern Events Calendar Elementor Single Builder tambi\u00e9n admite varios tipos de eventos, incluidos eventos recurrentes, eventos de m\u00faltiples d\u00edas y eventos en l\u00ednea.<\/li>\n<li>Adem\u00e1s, viene con opciones avanzadas como integraci\u00f3n de ventas de boletos, integraci\u00f3n de Google Maps y opciones de intercambio de redes sociales.<\/li>\n<\/ul>\n","protected":false},"excerpt":{"rendered":"<p>El Elementor Single Builder, aparecido en la plataforma sofisticada y contempor\u00e1nea conocida como el calendario de eventos modernos, es una herramienta \u00fanica que est\u00e1 espec\u00edficamente dise\u00f1ada para crear y administrar eventos. La funcionalidad avanzada y la versatilidad de esta herramienta le permiten destacar en el mundo en constante evoluci\u00f3n de la planificaci\u00f3n y gesti\u00f3n de eventos digitales. Este componente innovador de la suite de software de calendario de eventos modernos ofrece un nivel de control incomparable a los usuarios, lo que les permite crear y personalizar sin esfuerzo sus listados de eventos a sus especificaciones exactas.<\/p>\n","protected":false},"featured_media":168956,"comment_status":"open","ping_status":"open","template":"","meta":[],"product_brand":[2408],"product_cat":[1214,1206,1211],"product_tag":[1419],"class_list":{"0":"post-146933","1":"product","2":"type-product","3":"status-publish","4":"has-post-thumbnail","6":"product_brand-webnus","7":"product_cat-personalizacion","8":"product_cat-plugins","9":"product_cat-wordpress-plugins","10":"product_tag-webnus","11":"member-discount","12":"discount-restricted","14":"first","15":"instock","16":"sale","17":"downloadable","18":"virtual","19":"sold-individually","20":"purchasable","21":"product-type-simple"},"_links":{"self":[{"href":"https:\/\/gpl-love.com\/es\/wp-json\/wp\/v2\/product\/146933","targetHints":{"allow":["GET"]}}],"collection":[{"href":"https:\/\/gpl-love.com\/es\/wp-json\/wp\/v2\/product"}],"about":[{"href":"https:\/\/gpl-love.com\/es\/wp-json\/wp\/v2\/types\/product"}],"replies":[{"embeddable":true,"href":"https:\/\/gpl-love.com\/es\/wp-json\/wp\/v2\/comments?post=146933"}],"wp:featuredmedia":[{"embeddable":true,"href":"https:\/\/gpl-love.com\/es\/wp-json\/wp\/v2\/media\/168956"}],"wp:attachment":[{"href":"https:\/\/gpl-love.com\/es\/wp-json\/wp\/v2\/media?parent=146933"}],"wp:term":[{"taxonomy":"product_brand","embeddable":true,"href":"https:\/\/gpl-love.com\/es\/wp-json\/wp\/v2\/product_brand?post=146933"},{"taxonomy":"product_cat","embeddable":true,"href":"https:\/\/gpl-love.com\/es\/wp-json\/wp\/v2\/product_cat?post=146933"},{"taxonomy":"product_tag","embeddable":true,"href":"https:\/\/gpl-love.com\/es\/wp-json\/wp\/v2\/product_tag?post=146933"}],"curies":[{"name":"wp","href":"https:\/\/api.w.org\/{rel}","templated":true}]}}