{"id":146932,"date":"2025-12-23T00:00:00","date_gmt":"2025-12-23T05:00:00","guid":{"rendered":"https:\/\/gpl-love.com\/es\/producto\/memberpress-courses\/"},"modified":"2026-03-09T08:41:03","modified_gmt":"2026-03-09T13:41:03","slug":"memberpress-courses","status":"publish","type":"product","link":"https:\/\/gpl-love.com\/es\/producto\/memberpress-courses\/","title":{"rendered":"MemberPress Courses 1.4.9"},"content":{"rendered":"<h3>MemberPress Courses Caracteristicas<\/h3>\n<p>MemberPress Courses es una herramienta de creaci\u00f3n de cursos en l\u00ednea intuitiva e integral dise\u00f1ada para integrarse perfectamente con su sitio de membres\u00eda de MemberPress. Esta plataforma le permite crear, administrar y vender cursos en l\u00ednea de manera efectiva, proporcionando una experiencia de aprendizaje simplificada para sus miembros. MemberPress Courses presenta una interfaz f\u00e1cil de usar, lo que le permite dise\u00f1ar y personalizar cursos para que coincida con su marca y satisfacer las necesidades de sus alumnos. Adem\u00e1s, ofrece un control total sobre su contenido, lo que le permite decidir qui\u00e9n puede acceder a sus cursos, establecer precios y administrar las inscripciones. Con su an\u00e1lisis robusto, puede rastrear el progreso, el rendimiento y el compromiso, proporcionando as\u00ed ideas para mejorar sus ofertas. Mejore su sitio de membres\u00eda y aumente el compromiso con los cursos de MemberPress.<\/p>\n<ul>\n<li>MemberPress Courses es una herramienta integral de creaci\u00f3n de cursos en l\u00ednea.<\/li>\n<li>Est\u00e1 dise\u00f1ado para integrarse perfectamente con el complemento de membres\u00eda de MemberPress.<\/li>\n<li>Permite a los usuarios crear, administrar y vender cursos en l\u00ednea directamente desde su sitio web de WordPress.<\/li>\n<li>Ofrece una interfaz f\u00e1cil de usar para la creaci\u00f3n de cursos con funcionalidad de arrastrar y soltar.<\/li>\n<li>Incluye opciones para crear cuestionarios, tareas y seguimiento de progresos para estudiantes.<\/li>\n<li>Proporciona un excelente servicio al cliente y soporte t\u00e9cnico.<\/li>\n<li>Viene con reglas de acceso de cursos personalizables, lo que le permite establecer qui\u00e9n puede acceder a sus cursos en funci\u00f3n del nivel de membres\u00eda.<\/li>\n<li>Admite varias pasarelas de pago para configurar suscripciones o pagos \u00fanicos para cursos.<\/li>\n<li>Permite la integraci\u00f3n con otros complementos y herramientas para la creaci\u00f3n y administraci\u00f3n de cursos mejorados.<\/li>\n<li>Ofrece an\u00e1lisis integrales para medir la participaci\u00f3n de los estudiantes y la popularidad del curso.<\/li>\n<li>Es una plataforma confiable y segura, asegurando la seguridad de los creadores de cursos y los estudiantes.<\/li>\n<li>Proporciona caracter\u00edsticas para marketing y promoci\u00f3n de sus cursos, como cupones de descuento y notificaciones por correo electr\u00f3nico.<\/li>\n<li>Adecuado para educadores, peque\u00f1as empresas y empresarios que buscan monetizar sus conocimientos ofreciendo cursos en l\u00ednea.<\/li>\n<\/ul>\n","protected":false},"excerpt":{"rendered":"<p>La plataforma que est\u00e1 bien considerada para su amplia gama de caracter\u00edsticas, particularmente en el \u00e1mbito de las ofertas educativas, no es otro que los cursos de MemberPress. Esta plataforma es reconocida por su capacidad para simplificar el proceso de creaci\u00f3n, gesti\u00f3n y venta de cursos en l\u00ednea, lo que lo convierte en un recurso atesorado para acad\u00e9micos y educadores. Adem\u00e1s, su integraci\u00f3n perfecta con otro software y herramientas amplifica a\u00fan m\u00e1s su atractiva funcionalidad, por lo que es una selecci\u00f3n deseada para cualquier persona que se aventura en el mundo de la educaci\u00f3n en l\u00ednea.<\/p>\n","protected":false},"featured_media":168955,"comment_status":"open","ping_status":"open","template":"","meta":[],"product_brand":[2496],"product_cat":[1325,1206,1211],"product_tag":[1327],"class_list":{"0":"post-146932","1":"product","2":"type-product","3":"status-publish","4":"has-post-thumbnail","6":"product_brand-memberpress","7":"product_cat-afiliacion","8":"product_cat-plugins","9":"product_cat-wordpress-plugins","10":"product_tag-memberpress","11":"member-discount","12":"discount-restricted","14":"first","15":"instock","16":"sale","17":"downloadable","18":"virtual","19":"sold-individually","20":"purchasable","21":"product-type-simple"},"_links":{"self":[{"href":"https:\/\/gpl-love.com\/es\/wp-json\/wp\/v2\/product\/146932","targetHints":{"allow":["GET"]}}],"collection":[{"href":"https:\/\/gpl-love.com\/es\/wp-json\/wp\/v2\/product"}],"about":[{"href":"https:\/\/gpl-love.com\/es\/wp-json\/wp\/v2\/types\/product"}],"replies":[{"embeddable":true,"href":"https:\/\/gpl-love.com\/es\/wp-json\/wp\/v2\/comments?post=146932"}],"wp:featuredmedia":[{"embeddable":true,"href":"https:\/\/gpl-love.com\/es\/wp-json\/wp\/v2\/media\/168955"}],"wp:attachment":[{"href":"https:\/\/gpl-love.com\/es\/wp-json\/wp\/v2\/media?parent=146932"}],"wp:term":[{"taxonomy":"product_brand","embeddable":true,"href":"https:\/\/gpl-love.com\/es\/wp-json\/wp\/v2\/product_brand?post=146932"},{"taxonomy":"product_cat","embeddable":true,"href":"https:\/\/gpl-love.com\/es\/wp-json\/wp\/v2\/product_cat?post=146932"},{"taxonomy":"product_tag","embeddable":true,"href":"https:\/\/gpl-love.com\/es\/wp-json\/wp\/v2\/product_tag?post=146932"}],"curies":[{"name":"wp","href":"https:\/\/api.w.org\/{rel}","templated":true}]}}