{"id":146790,"date":"2026-03-03T00:00:00","date_gmt":"2026-03-03T05:00:00","guid":{"rendered":"https:\/\/gpl-love.com\/es\/producto\/formidable-forms-api-webhooks-addon\/"},"modified":"2026-03-09T08:40:56","modified_gmt":"2026-03-09T13:40:56","slug":"formidable-forms-api-webhooks","status":"publish","type":"product","link":"https:\/\/gpl-love.com\/es\/producto\/formidable-forms-api-webhooks\/","title":{"rendered":"Formidable Forms API Webhooks Addon 1.1.9"},"content":{"rendered":"<h3>Formidable Forms API Webhooks Addon Caracteristicas<\/h3>\n<p>El complemento API Formidable Forms API es una herramienta poderosa dise\u00f1ada para mejorar la funcionalidad y la experiencia del usuario de su sitio web. Este complemento permite que su sitio web env\u00ede solicitudes HTTP de sus formularios a API externos, creando webhooks que activan acciones espec\u00edficas basadas en las entradas del usuario. El complemento API Formidable Forms API admite solicitudes de Get y Post, proporcion\u00e1ndole una inmensa flexibilidad en la gesti\u00f3n del intercambio de datos entre su sitio web y plataformas externas. Este complemento es perfecto para integrar sus formularios con sistemas CRM, servicios de marketing por correo electr\u00f3nico y otros servicios de terceros, automatizando as\u00ed su flujo de trabajo y aumentando su productividad. Es f\u00e1cil de usar y no requiere habilidades de codificaci\u00f3n, lo que lo convierte en una soluci\u00f3n ideal para principiantes y usuarios avanzados.<\/p>\n<ul>\n<li>Un poderoso complemento que integra formas formidables con los webhooks API para mejorar las funcionalidades de formulario.<\/li>\n<li>Permite a los usuarios enviar datos de formularios formidables a servidores o aplicaciones externas a trav\u00e9s de Webhooks.<\/li>\n<li>Facilita la automatizaci\u00f3n de tareas activando acciones espec\u00edficas basadas en env\u00edos de formulario.<\/li>\n<li>Admite API REST, que permite a los desarrolladores interactuar directamente con formularios, campos, entradas y vistas.<\/li>\n<li>La interfaz f\u00e1cil de usar garantiza una configuraci\u00f3n f\u00e1cil sin requerir conocimientos de codificaci\u00f3n avanzados.<\/li>\n<li>Construido para la confiabilidad y eficiencia, asegurando la transferencia de datos sin interrupciones e ininterrumpidas.<\/li>\n<li>Compatible con todas las versiones de formas formidables, que ofrecen una flexibilidad mejorada.<\/li>\n<li>Ideal para empresas que buscan optimizar sus actividades de recopilaci\u00f3n y procesamiento de datos.<\/li>\n<\/ul>\n","protected":false},"excerpt":{"rendered":"<p>El complemento que estamos discutiendo actualmente se denomina Formidable Forms API Webhooks Addon. Sirve como un componente o complemento clave que juega un papel crucial en la mejora de la funcionalidad de la API de formularios formidables, proporcion\u00e1ndole capacidades avanzadas. Esto, en esencia, permite a la API establecer un canal de comunicaci\u00f3n m\u00e1s eficiente y efectivo a trav\u00e9s de Webhooks, asegurando as\u00ed que los datos se transmitan sin problemas y sin problemas.<\/p>\n","protected":false},"featured_media":168953,"comment_status":"open","ping_status":"closed","template":"","meta":[],"product_brand":[2459],"product_cat":[1216,1206,1211],"product_tag":[1509],"class_list":{"0":"post-146790","1":"product","2":"type-product","3":"status-publish","4":"has-post-thumbnail","6":"product_brand-formidable","7":"product_cat-formas","8":"product_cat-plugins","9":"product_cat-wordpress-plugins","10":"product_tag-formidable","11":"member-discount","12":"discount-restricted","14":"first","15":"instock","16":"sale","17":"downloadable","18":"virtual","19":"sold-individually","20":"purchasable","21":"product-type-simple"},"_links":{"self":[{"href":"https:\/\/gpl-love.com\/es\/wp-json\/wp\/v2\/product\/146790","targetHints":{"allow":["GET"]}}],"collection":[{"href":"https:\/\/gpl-love.com\/es\/wp-json\/wp\/v2\/product"}],"about":[{"href":"https:\/\/gpl-love.com\/es\/wp-json\/wp\/v2\/types\/product"}],"replies":[{"embeddable":true,"href":"https:\/\/gpl-love.com\/es\/wp-json\/wp\/v2\/comments?post=146790"}],"wp:featuredmedia":[{"embeddable":true,"href":"https:\/\/gpl-love.com\/es\/wp-json\/wp\/v2\/media\/168953"}],"wp:attachment":[{"href":"https:\/\/gpl-love.com\/es\/wp-json\/wp\/v2\/media?parent=146790"}],"wp:term":[{"taxonomy":"product_brand","embeddable":true,"href":"https:\/\/gpl-love.com\/es\/wp-json\/wp\/v2\/product_brand?post=146790"},{"taxonomy":"product_cat","embeddable":true,"href":"https:\/\/gpl-love.com\/es\/wp-json\/wp\/v2\/product_cat?post=146790"},{"taxonomy":"product_tag","embeddable":true,"href":"https:\/\/gpl-love.com\/es\/wp-json\/wp\/v2\/product_tag?post=146790"}],"curies":[{"name":"wp","href":"https:\/\/api.w.org\/{rel}","templated":true}]}}