{"id":146789,"date":"2025-10-17T00:00:00","date_gmt":"2025-10-17T05:00:00","guid":{"rendered":"https:\/\/gpl-love.com\/es\/producto\/woocommerce-eu-vat-and-b2b\/"},"modified":"2026-03-09T08:40:55","modified_gmt":"2026-03-09T13:40:55","slug":"woocommerce-eu-vat-and-b2b","status":"publish","type":"product","link":"https:\/\/gpl-love.com\/es\/producto\/woocommerce-eu-vat-and-b2b\/","title":{"rendered":"WooCommerce EU Vat y B2B 13.2"},"content":{"rendered":"<h3>WooCommerce EU Vat y B2B Caracteristicas<\/h3>\n<p>El IVA y B2B de la UE de WooCommerce es un complemento indispensable dise\u00f1ado para empresas en l\u00ednea que operan en la Uni\u00f3n Europea. Esta herramienta ayuda a administrar el cumplimiento del IVA de la UE y simplificar las transacciones B2B. Calcula autom\u00e1ticamente el IVA seg\u00fan la ubicaci\u00f3n de los clientes y aplica la tasa de IVA correcta al finalizar la compra, asegurando que las empresas cumplan con las regulaciones fiscales de la UE. Para las transacciones B2B, el complemento permite compras exentas de IVA para negocios registrados de IVA v\u00e1lidos. F\u00e1cil de instalar e integrar, el IVA y B2B de la UE de WooCommerce proporcionan una soluci\u00f3n eficiente para que las tiendas de comercio electr\u00f3nico racionalicen su manejo de IVA y transacciones B2B, ahorrando un tiempo considerable y reduciendo errores.<\/p>\n<ul>\n<li>WooCommerce EU IVA y B2B es un complemento dise\u00f1ado para las tiendas en l\u00ednea de WooCommerce que operan en la UE (Uni\u00f3n Europea).<\/li>\n<li>Ayuda a calcular y aplicar autom\u00e1ticamente las tarifas del IVA correctas seg\u00fan la ubicaci\u00f3n del cliente.<\/li>\n<li>Permite a las empresas validar el n\u00famero de IVA de otras empresas basadas en la UE para transacciones B2B (negocio a negocio).<\/li>\n<li>Proporciona una opci\u00f3n para que los clientes B2B sean exenci\u00f3n de IVA.<\/li>\n<li>Ofrece un proceso simplificado y simplificado para manejar las regulaciones de IVA de la UE, reduciendo el riesgo de incumplimiento.<\/li>\n<li>Se integra a la perfecci\u00f3n con WooCommerce, por lo que es una soluci\u00f3n f\u00e1cil de usar para los propietarios de tiendas.<\/li>\n<li>Elimina efectivamente la complejidad de la venta de productos en diferentes pa\u00edses europeos con diferentes tasas de IVA.<\/li>\n<li>Mejora la experiencia de pago actualizando autom\u00e1ticamente el IVA en funci\u00f3n de la direcci\u00f3n de facturaci\u00f3n o env\u00edo del cliente.<\/li>\n<li>Equipado con una caracter\u00edstica para mostrar precios inclusivos o exclusivos de impuestos, dependiendo de los requisitos comerciales.<\/li>\n<li>Facilita los informes de IVA f\u00e1cil a trav\u00e9s de informes de ventas detallados e integrales.<\/li>\n<\/ul>\n","protected":false},"excerpt":{"rendered":"<p>La plataforma WooCommerce incorpora un componente cr\u00edtico que se centra principalmente en atender las necesidades de los clientes de la Uni\u00f3n Europea, espec\u00edficamente en relaci\u00f3n con las regulaciones de impuestos de valor agregado (IVA). Adem\u00e1s, tambi\u00e9n est\u00e1 dise\u00f1ado para apoyar y optimizar espec\u00edficamente las transacciones B2B (empresas a negocios). Esta funcionalidad tiene una inmensa importancia en no solo adherirse a las estrictas leyes del IVA dentro de la jurisdicci\u00f3n de la UE, sino tambi\u00e9n en facilitar eficientemente las interacciones B2B, lo que lo convierte en una herramienta indispensable en la suite de WooCommerce.<\/p>\n","protected":false},"featured_media":168952,"comment_status":"open","ping_status":"open","template":"","meta":[],"product_brand":[2339],"product_cat":[1207,1248,1206],"product_tag":[1256],"class_list":{"0":"post-146789","1":"product","2":"type-product","3":"status-publish","4":"has-post-thumbnail","6":"product_brand-codecanyon","7":"product_cat-comercio-electronico-plugins","8":"product_cat-personalizacion-comercio-electronico-plugins","9":"product_cat-plugins","10":"product_tag-codecanyon","11":"member-discount","12":"discount-restricted","14":"first","15":"instock","16":"sale","17":"downloadable","18":"virtual","19":"sold-individually","20":"purchasable","21":"product-type-simple"},"_links":{"self":[{"href":"https:\/\/gpl-love.com\/es\/wp-json\/wp\/v2\/product\/146789","targetHints":{"allow":["GET"]}}],"collection":[{"href":"https:\/\/gpl-love.com\/es\/wp-json\/wp\/v2\/product"}],"about":[{"href":"https:\/\/gpl-love.com\/es\/wp-json\/wp\/v2\/types\/product"}],"replies":[{"embeddable":true,"href":"https:\/\/gpl-love.com\/es\/wp-json\/wp\/v2\/comments?post=146789"}],"wp:featuredmedia":[{"embeddable":true,"href":"https:\/\/gpl-love.com\/es\/wp-json\/wp\/v2\/media\/168952"}],"wp:attachment":[{"href":"https:\/\/gpl-love.com\/es\/wp-json\/wp\/v2\/media?parent=146789"}],"wp:term":[{"taxonomy":"product_brand","embeddable":true,"href":"https:\/\/gpl-love.com\/es\/wp-json\/wp\/v2\/product_brand?post=146789"},{"taxonomy":"product_cat","embeddable":true,"href":"https:\/\/gpl-love.com\/es\/wp-json\/wp\/v2\/product_cat?post=146789"},{"taxonomy":"product_tag","embeddable":true,"href":"https:\/\/gpl-love.com\/es\/wp-json\/wp\/v2\/product_tag?post=146789"}],"curies":[{"name":"wp","href":"https:\/\/api.w.org\/{rel}","templated":true}]}}