{"id":146786,"date":"2024-11-28T00:00:00","date_gmt":"2024-11-28T05:00:00","guid":{"rendered":"https:\/\/gpl-love.com\/es\/producto\/ultimate-member-profile-completeness\/"},"modified":"2026-03-09T08:40:51","modified_gmt":"2026-03-09T13:40:51","slug":"ultimate-member-profile-completeness","status":"publish","type":"product","link":"https:\/\/gpl-love.com\/es\/producto\/ultimate-member-profile-completeness\/","title":{"rendered":"Ultimate Member Profile Completeness 2.3.2"},"content":{"rendered":"<h3>Ultimate Member Profile Completeness Caracteristicas<\/h3>\n<p>La integridad del perfil de miembro final es una herramienta de \u00faltima generaci\u00f3n dise\u00f1ada para mejorar la experiencia del usuario en su plataforma. Este complemento alienta a los usuarios a completar sus perfiles, aumentando su compromiso y actividad en su sitio web. Viene equipado con una barra de progreso din\u00e1mica, que ofrece una representaci\u00f3n visual de la integridad del perfil. Adem\u00e1s, le otorga la autoridad para establecer campos obligatorios y restringir el contenido de los perfiles incompletos, asegurando que los usuarios proporcionen toda la informaci\u00f3n necesaria. Es altamente personalizable y compatible con cualquier tema de WordPress, lo que permite una integraci\u00f3n suave en su sitio web. La completa integridad del perfil de miembro es el complemento perfecto para sitios web de la comunidad, redes sociales y cualquier otra plataforma que valore la interactividad del usuario y el perfil detallado.<\/p>\n<ul>\n<li>La integridad del perfil de miembro de Ultimate es un poderoso complemento dise\u00f1ado para mejorar la experiencia del usuario en los sitios web de membres\u00eda.<\/li>\n<li>Est\u00e1 dise\u00f1ado para alentar a los miembros a completar sus perfiles mostrando una barra de progreso y campos espec\u00edficos que deben llenarse.<\/li>\n<li>Este complemento se integra a la perfecci\u00f3n con Ultimate Miembro, un perfil de usuario popular y un complemento de membres\u00eda para WordPress.<\/li>\n<li>Ofrece un sistema de finalizaci\u00f3n de perfil personalizable donde puede definir qu\u00e9 campos son necesarios para un perfil completo.<\/li>\n<li>Le permite configurar la l\u00f3gica condicional para mostrar contenido en funci\u00f3n de la integridad del perfil.<\/li>\n<li>Le da a los administradores la capacidad de rastrear y administrar la integridad del perfil en todos los perfiles de usuario.<\/li>\n<li>Con este complemento, puede restringir el acceso de los usuarios a ciertas partes de su sitio hasta que su perfil est\u00e9 completamente completado.<\/li>\n<li>El complemento es totalmente receptivo y funciona perfectamente en todos los dispositivos y tama\u00f1os de pantalla.<\/li>\n<li>Es f\u00e1cil de usar y f\u00e1cil de configurar, no requiere habilidades de codificaci\u00f3n.<\/li>\n<li>El complemento de integridad del perfil de Ultimate para miembros asegura que su comunidad est\u00e9 m\u00e1s comprometida y activa, lo que lleva a un sitio web m\u00e1s vibrante e interactivo.<\/li>\n<\/ul>\n","protected":false},"excerpt":{"rendered":"<p>La funci\u00f3n de integridad del perfil del miembro Ultimate es una herramienta incre\u00edblemente \u00fatil. Este componente particular permite una experiencia de usuario m\u00e1s optimizada al garantizar que cada perfil se complete en la mayor medida. Esto no solo mejora la calidad general de los perfiles de usuario, sino que tambi\u00e9n contribuye a la eficiencia y efectividad del sistema miembro final en su conjunto. Esto se logra facilitando el proceso de recuperaci\u00f3n de informaci\u00f3n y clasificaci\u00f3n. En esencia, la caracter\u00edstica de integridad del perfil de miembro final es un testimonio de la dedicaci\u00f3n del sistema a una experiencia optimizada y f\u00e1cil de usar.<\/p>\n","protected":false},"featured_media":168949,"comment_status":"open","ping_status":"open","template":"","meta":[],"product_brand":[2583],"product_cat":[1325,1206,1211],"product_tag":[2245],"class_list":{"0":"post-146786","1":"product","2":"type-product","3":"status-publish","4":"has-post-thumbnail","6":"product_brand-ultimate-member","7":"product_cat-afiliacion","8":"product_cat-plugins","9":"product_cat-wordpress-plugins","10":"product_tag-ultimate-member","11":"member-discount","12":"discount-restricted","14":"first","15":"instock","16":"sale","17":"downloadable","18":"virtual","19":"sold-individually","20":"purchasable","21":"product-type-simple"},"_links":{"self":[{"href":"https:\/\/gpl-love.com\/es\/wp-json\/wp\/v2\/product\/146786","targetHints":{"allow":["GET"]}}],"collection":[{"href":"https:\/\/gpl-love.com\/es\/wp-json\/wp\/v2\/product"}],"about":[{"href":"https:\/\/gpl-love.com\/es\/wp-json\/wp\/v2\/types\/product"}],"replies":[{"embeddable":true,"href":"https:\/\/gpl-love.com\/es\/wp-json\/wp\/v2\/comments?post=146786"}],"wp:featuredmedia":[{"embeddable":true,"href":"https:\/\/gpl-love.com\/es\/wp-json\/wp\/v2\/media\/168949"}],"wp:attachment":[{"href":"https:\/\/gpl-love.com\/es\/wp-json\/wp\/v2\/media?parent=146786"}],"wp:term":[{"taxonomy":"product_brand","embeddable":true,"href":"https:\/\/gpl-love.com\/es\/wp-json\/wp\/v2\/product_brand?post=146786"},{"taxonomy":"product_cat","embeddable":true,"href":"https:\/\/gpl-love.com\/es\/wp-json\/wp\/v2\/product_cat?post=146786"},{"taxonomy":"product_tag","embeddable":true,"href":"https:\/\/gpl-love.com\/es\/wp-json\/wp\/v2\/product_tag?post=146786"}],"curies":[{"name":"wp","href":"https:\/\/api.w.org\/{rel}","templated":true}]}}