{"id":146785,"date":"2026-03-28T00:00:00","date_gmt":"2026-03-28T05:00:00","guid":{"rendered":"https:\/\/gpl-love.com\/es\/producto\/ultimate-member-bbpress\/"},"modified":"2026-03-28T05:16:15","modified_gmt":"2026-03-28T10:16:15","slug":"ultimate-member-bbpress","status":"publish","type":"product","link":"https:\/\/gpl-love.com\/es\/producto\/ultimate-member-bbpress\/","title":{"rendered":"Ultimate Member bbPress 2.11.3"},"content":{"rendered":"<h3>Ultimate Member bbPress Caracteristicas<\/h3>\n<p>El miembro Ultimate BBPress es un complemento excepcional dise\u00f1ado para mejorar las caracter\u00edsticas y la funcionalidad de su sitio web de WordPress. Esta poderosa herramienta se integra perfectamente con el complemento del foro BBPress, lo que permite a sus usuarios participar en discusiones animadas y construir una comunidad robusta en su sitio. Ofrece caracter\u00edsticas avanzadas, como sincronizaci\u00f3n de perfil de usuario, mensajes privados y suscripciones de temas. El miembro Ultimate BBPress tambi\u00e9n admite los permisos basados \u200b\u200ben roles, lo que le permite controlar qui\u00e9n puede acceder y contribuir a su foro. Con su interfaz f\u00e1cil de usar y su configuraci\u00f3n personalizable, puede crear un foro que se adapte a sus necesidades y preferencias. Disfrute de un sitio web m\u00e1s interactivo y atractivo con el mejor complemento BBPress miembro.<\/p>\n<ul>\n<li>Ultimate Member BBPress es un complemento de foro avanzado que mejora las capacidades de administraci\u00f3n de usuarios en los sitios web de WordPress.<\/li>\n<li>Se integra sin problemas con BBPress, lo que permite a los usuarios crear y participar en foros en l\u00ednea directamente desde sus perfiles.<\/li>\n<li>El complemento proporciona m\u00faltiples caracter\u00edsticas que incluyen mensajes privados, menciones de usuario y etiquetado de temas.<\/li>\n<li>Le permite administrar y restringir el acceso al contenido en funci\u00f3n de los roles de usuario o los niveles de membres\u00eda.<\/li>\n<li>Ultimate Miembro BBPress tambi\u00e9n incluye una opci\u00f3n para notificaciones por correo electr\u00f3nico sobre nuevas publicaciones o respuestas del foro.<\/li>\n<li>Perfecto para comunidades, cursos en l\u00ednea o cualquier sitio web donde la interacci\u00f3n y el compromiso del usuario son clave.<\/li>\n<li>El complemento es totalmente receptivo y est\u00e1 dise\u00f1ado para un rendimiento \u00f3ptimo en todos los dispositivos.<\/li>\n<li>Es f\u00e1cilmente personalizable, lo que le permite cambiar la apariencia de sus foros para que coincida con el tema de su sitio web.<\/li>\n<li>El miembro de Ultimate BBPress admite m\u00faltiples idiomas, lo que lo hace adecuado para sitios web internacionales.<\/li>\n<li>Ofrece una amplia documentaci\u00f3n y soporte para una f\u00e1cil configuraci\u00f3n y uso.<\/li>\n<\/ul>\n","protected":false},"excerpt":{"rendered":"<p>La caracter\u00edstica de miembro final en BBPress es un componente significativo en la utilizaci\u00f3n y la funcionalidad general de la plataforma. Este componente permite una mayor interacci\u00f3n y una mayor participaci\u00f3n entre los miembros de la comunidad, enriqueciendo as\u00ed la experiencia del usuario. Como una herramienta poderosa, la caracter\u00edstica final de miembro eleva el potencial de la plataforma BBPress, por lo que es una opci\u00f3n ideal para las personas que buscan una soluci\u00f3n de foro integral e interactiva.<\/p>\n","protected":false},"featured_media":168948,"comment_status":"open","ping_status":"open","template":"","meta":[],"product_brand":[2583],"product_cat":[1325,1206,1211],"product_tag":[2245],"class_list":{"0":"post-146785","1":"product","2":"type-product","3":"status-publish","4":"has-post-thumbnail","6":"product_brand-ultimate-member","7":"product_cat-afiliacion","8":"product_cat-plugins","9":"product_cat-wordpress-plugins","10":"product_tag-ultimate-member","11":"member-discount","12":"discount-restricted","14":"first","15":"instock","16":"sale","17":"downloadable","18":"virtual","19":"sold-individually","20":"purchasable","21":"product-type-simple"},"_links":{"self":[{"href":"https:\/\/gpl-love.com\/es\/wp-json\/wp\/v2\/product\/146785","targetHints":{"allow":["GET"]}}],"collection":[{"href":"https:\/\/gpl-love.com\/es\/wp-json\/wp\/v2\/product"}],"about":[{"href":"https:\/\/gpl-love.com\/es\/wp-json\/wp\/v2\/types\/product"}],"replies":[{"embeddable":true,"href":"https:\/\/gpl-love.com\/es\/wp-json\/wp\/v2\/comments?post=146785"}],"wp:featuredmedia":[{"embeddable":true,"href":"https:\/\/gpl-love.com\/es\/wp-json\/wp\/v2\/media\/168948"}],"wp:attachment":[{"href":"https:\/\/gpl-love.com\/es\/wp-json\/wp\/v2\/media?parent=146785"}],"wp:term":[{"taxonomy":"product_brand","embeddable":true,"href":"https:\/\/gpl-love.com\/es\/wp-json\/wp\/v2\/product_brand?post=146785"},{"taxonomy":"product_cat","embeddable":true,"href":"https:\/\/gpl-love.com\/es\/wp-json\/wp\/v2\/product_cat?post=146785"},{"taxonomy":"product_tag","embeddable":true,"href":"https:\/\/gpl-love.com\/es\/wp-json\/wp\/v2\/product_tag?post=146785"}],"curies":[{"name":"wp","href":"https:\/\/api.w.org\/{rel}","templated":true}]}}