{"id":146784,"date":"2024-08-31T00:00:00","date_gmt":"2024-08-31T05:00:00","guid":{"rendered":"https:\/\/gpl-love.com\/es\/producto\/learnpress-course-wishlist\/"},"modified":"2026-03-09T08:40:49","modified_gmt":"2026-03-09T13:40:49","slug":"learnpress-course-wishlist","status":"publish","type":"product","link":"https:\/\/gpl-love.com\/es\/producto\/learnpress-course-wishlist\/","title":{"rendered":"LearnPress Course Wishlist 4.0.8"},"content":{"rendered":"<h3>LearnPress Course Wishlist Caracteristicas<\/h3>\n<p>LearnPress Course Wishlist es un complemento esencial para cualquier sitio web basado en la educaci\u00f3n. Este complemento permite a los usuarios agregar cursos que les interesa a una lista de deseos para referencia futura. Al usar esta herramienta, los estudiantes pueden administrar y rastrear f\u00e1cilmente los cursos en los que pretenden inscribirse. La lista de deseos del curso LearnPress tambi\u00e9n es incre\u00edblemente f\u00e1cil de usar con su interfaz f\u00e1cil de usar. Se integra a la perfecci\u00f3n con el sistema LearnPress, lo que lo convierte en una herramienta indispensable para plataformas educativas. Sus caracter\u00edsticas permiten a los usuarios guardar sus cursos preferidos sin esfuerzo y verlos m\u00e1s tarde, mejorando efectivamente la experiencia del usuario. Ya sea que sea un estudiante que planee su viaje de aprendizaje o un administrador del sitio web que busque una forma eficiente de administrar las ofertas de cursos, la lista de deseos del curso LearnPress es una excelente soluci\u00f3n.<\/p>\n<ul>\n<li>LearnPress Course Wishlist es un complemento eficiente y f\u00e1cil de usar para la plataforma educativa LearnPress.<\/li>\n<li>Permite a los usuarios agregar cursos deseados a una lista de deseos personal para referencia o compra futura.<\/li>\n<li>Mejora la plataforma Learpress al proporcionar un conveniente sistema de almacenamiento y gesti\u00f3n para los cursos.<\/li>\n<li>Ideal tanto para educadores como para alumnos, ayudando en la organizaci\u00f3n del curso y la priorizaci\u00f3n.<\/li>\n<li>Interfaz simple e intuitiva, perfecta para usuarios de todas las habilidades t\u00e9cnicas.<\/li>\n<li>Aumenta el compromiso y alienta el aprendizaje continuo al permitir a los usuarios guardar cursos interesantes.<\/li>\n<li>Ayuda a los usuarios a realizar un seguimiento de su progreso de aprendizaje y planificar su viaje educativo.<\/li>\n<li>Se integra perfectamente con la plataforma LearnPress, que ofrece una experiencia confiable y sin problemas.<\/li>\n<li>Una gran herramienta para mejorar la experiencia del usuario y la satisfacci\u00f3n en cualquier sitio web educativo.<\/li>\n<li>Permite a los educadores comprender las preferencias del curso de los estudiantes, mejorando as\u00ed las ofertas de cursos.<\/li>\n<li>Disponible para f\u00e1cil descarga e instalaci\u00f3n; Requiere la plataforma LearnPress para funcionar.<\/li>\n<\/ul>\n","protected":false},"excerpt":{"rendered":"<p>La \u00abLista de deseos del curso LearnPress\u00bb es una caracter\u00edstica espec\u00edfica que est\u00e1 dise\u00f1ada con el prop\u00f3sito de mejorar la experiencia general de aprendizaje para los usuarios. Esta caracter\u00edstica act\u00faa como un repositorio personal donde los alumnos pueden agregar los cursos en los que tienen inter\u00e9s pero que a\u00fan no est\u00e1n listos para inscribirse. Los usuarios pueden acceder f\u00e1cilmente a estos cursos guardados en una fecha posterior cuando est\u00e1n listos para comenzar a aprender. Esta caracter\u00edstica de &#8216;lista de deseos&#8217; de LearnPress es especialmente beneficiosa para aquellos que constantemente est\u00e1n en el proceso de expansi\u00f3n de sus conocimientos y habilidades, ya que permite un proceso de aprendizaje m\u00e1s organizado y eficiente.<\/p>\n","protected":false},"featured_media":168947,"comment_status":"open","ping_status":"open","template":"","meta":[],"product_brand":[2486],"product_cat":[1214,1206,1211],"product_tag":[2137],"class_list":{"0":"post-146784","1":"product","2":"type-product","3":"status-publish","4":"has-post-thumbnail","6":"product_brand-learnpress","7":"product_cat-personalizacion","8":"product_cat-plugins","9":"product_cat-wordpress-plugins","10":"product_tag-learnpress","11":"member-discount","12":"discount-restricted","14":"first","15":"instock","16":"sale","17":"downloadable","18":"virtual","19":"sold-individually","20":"purchasable","21":"product-type-simple"},"_links":{"self":[{"href":"https:\/\/gpl-love.com\/es\/wp-json\/wp\/v2\/product\/146784","targetHints":{"allow":["GET"]}}],"collection":[{"href":"https:\/\/gpl-love.com\/es\/wp-json\/wp\/v2\/product"}],"about":[{"href":"https:\/\/gpl-love.com\/es\/wp-json\/wp\/v2\/types\/product"}],"replies":[{"embeddable":true,"href":"https:\/\/gpl-love.com\/es\/wp-json\/wp\/v2\/comments?post=146784"}],"wp:featuredmedia":[{"embeddable":true,"href":"https:\/\/gpl-love.com\/es\/wp-json\/wp\/v2\/media\/168947"}],"wp:attachment":[{"href":"https:\/\/gpl-love.com\/es\/wp-json\/wp\/v2\/media?parent=146784"}],"wp:term":[{"taxonomy":"product_brand","embeddable":true,"href":"https:\/\/gpl-love.com\/es\/wp-json\/wp\/v2\/product_brand?post=146784"},{"taxonomy":"product_cat","embeddable":true,"href":"https:\/\/gpl-love.com\/es\/wp-json\/wp\/v2\/product_cat?post=146784"},{"taxonomy":"product_tag","embeddable":true,"href":"https:\/\/gpl-love.com\/es\/wp-json\/wp\/v2\/product_tag?post=146784"}],"curies":[{"name":"wp","href":"https:\/\/api.w.org\/{rel}","templated":true}]}}