{"id":143810,"date":"2026-03-08T00:00:00","date_gmt":"2026-03-08T05:00:00","guid":{"rendered":"https:\/\/gpl-love.com\/es\/producto\/breakdance-website-builder-for-wordpress\/"},"modified":"2026-03-09T08:40:48","modified_gmt":"2026-03-09T13:40:48","slug":"breakdance-website-builder-for-wordpress","status":"publish","type":"product","link":"https:\/\/gpl-love.com\/es\/producto\/breakdance-website-builder-for-wordpress\/","title":{"rendered":"Breakdance Website Builder para WordPress 2.7.0"},"content":{"rendered":"<h3>Breakdance Website Builder para WordPress Caracteristicas<\/h3>\n<p>Presentamos el Breakdance Witsits Builder para WordPress, una herramienta innovadora y de vanguardia que garantiza la creaci\u00f3n y desarrollo del sitio web sin problemas y sin esfuerzo para entusiastas y profesionales de Breakdance. Con sus caracter\u00edsticas incomparables y su interfaz f\u00e1cil de usar, este notable constructor de sitios web permite a los usuarios mostrar su pasi\u00f3n por el breakdance a trav\u00e9s de sitios web cautivadores y visualmente impresionantes, todos impulsados \u200b\u200bpor la robusta y vers\u00e1til plataforma de WordPress. Desde dise\u00f1os fluidos y receptivos hasta plantillas meticulosamente elaboradas, esta herramienta excepcional ofrece una amplia gama de opciones de personalizaci\u00f3n, lo que permite a los usuarios personalizar sus sitios web para reflejar su estilo \u00fanico e identidad de marca. Con una integraci\u00f3n perfecta del contenido multimedia, incluidos videos, fotos y m\u00fasica, el Breakdance Witsits Builder para WordPress proporciona una experiencia de usuario din\u00e1mica e inmersiva que captura la esencia y la energ\u00eda del breakdance. Adem\u00e1s, su funcionalidad intuitiva de arrastrar y soltar, junto con una variedad de poderosos complementos y widgets, permite a los usuarios agregar elementos interactivos sin esfuerzo, calendarios de eventos, sistemas de reserva e integraci\u00f3n de redes sociales, garantizar el m\u00e1ximo compromiso y conectividad con su audiencia. Ya sea que sea un propietario de un estudio de Breakdance, un breakdancer profesional o un fan\u00e1tico devoto que busque compartir su pasi\u00f3n con el mundo, el Breakdance Witsite Builder para WordPress es la soluci\u00f3n definitiva para crear un sitio web visualmente impresionante y funcional que encarna perfectamente el esp\u00edritu y Arte del breakdancing.<\/p>\n<ul>\n<li>Interfaz de arrastrar y soltar f\u00e1cil de usar para construir un sitio web de breakdance de grado profesional.<\/li>\n<li>Opciones de dise\u00f1o personalizables que le permiten adaptar su sitio a su estilo y marca.<\/li>\n<li>Contiene plantillas y bloques preconstruidos espec\u00edficos para el breakdance para ayudarlo a comenzar r\u00e1pidamente.<\/li>\n<li>La integraci\u00f3n con WordPress permite una f\u00e1cil carga y administraci\u00f3n de contenido.<\/li>\n<li>El dise\u00f1o m\u00f3vil sensible a los dispositivos m\u00f3viles asegura que su sitio se vea genial en cualquier dispositivo.<\/li>\n<li>Incluye caracter\u00edsticas para agregar videos, fotos y enlaces de redes sociales para mostrar sus talentos de breakdance.<\/li>\n<li>C\u00f3digo de SEO incorporado para ayudar a su sitio a clasificar m\u00e1s alto en los resultados de los motores de b\u00fasqueda.<\/li>\n<li>Viene con una variedad de complementos para mejorar la funcionalidad y la experiencia del usuario de su sitio.<\/li>\n<li>Actualizaciones regulares y atenci\u00f3n al cliente para garantizar que su sitio funcione sin problemas y se mantenga actualizado con las \u00faltimas tendencias en dise\u00f1o web y breakdance.<\/li>\n<\/ul>\n","protected":false},"excerpt":{"rendered":"<p>Presentando el Breakdance Witsits Builder, una plataforma excepcional dise\u00f1ada espec\u00edficamente para WordPress, que satisface las necesidades de aquellos que son apasionados por el breakdance y aspiran a crear una presencia extraordinaria en l\u00ednea. Este constructor de vanguardia faculta a los usuarios con una variedad de caracter\u00edsticas y funcionalidades avanzadas, lo que les permite crear sitios web visualmente cautivadores y altamente interactivos que capturan sin esfuerzo la esencia y el dinamismo de la ruptura. Ya sea que sea un breakdancer profesional, un equipo de baile o un entusiasta que desee promover esta forma de arte vibrante, el Breakdance Witsite Builder ofrece una oportunidad incomparable para mostrar su talento y conectarse con una audiencia global. Con su interfaz f\u00e1cil de usar y plantillas personalizables, esta herramienta formidable le permite integrar sin problemas contenido multimedia, mostrar sus actuaciones a trav\u00e9s de galer\u00edas de fotos y videos cautivadores e incluso establecer una pr\u00f3spera comunidad de entusiastas de las breakdance a trav\u00e9s de sus capacidades de redes sociales incorporadas. Adem\u00e1s, el Breakdance Witsising Builder proporciona una integraci\u00f3n perfecta con varios complementos y extensiones de terceros, lo que lo permite con la capacidad de expandir y mejorar la funcionalidad de su sitio web para satisfacer sus necesidades espec\u00edficas. Entonces, \u00bfpor qu\u00e9 esperar? Desatear su creatividad, expresar su pasi\u00f3n y embarcarse en un extraordinario viaje en l\u00ednea con el Breakdance Witsite Builder para WordPress.<\/p>\n","protected":false},"featured_media":168946,"comment_status":"open","ping_status":"open","template":"","meta":[],"product_brand":[2666],"product_cat":[1214,1206,1211],"product_tag":[2288],"class_list":{"0":"post-143810","1":"product","2":"type-product","3":"status-publish","4":"has-post-thumbnail","6":"product_brand-breakdance","7":"product_cat-personalizacion","8":"product_cat-plugins","9":"product_cat-wordpress-plugins","10":"product_tag-breakdance","11":"member-discount","12":"discount-restricted","14":"first","15":"instock","16":"sale","17":"downloadable","18":"virtual","19":"sold-individually","20":"purchasable","21":"product-type-simple"},"_links":{"self":[{"href":"https:\/\/gpl-love.com\/es\/wp-json\/wp\/v2\/product\/143810","targetHints":{"allow":["GET"]}}],"collection":[{"href":"https:\/\/gpl-love.com\/es\/wp-json\/wp\/v2\/product"}],"about":[{"href":"https:\/\/gpl-love.com\/es\/wp-json\/wp\/v2\/types\/product"}],"replies":[{"embeddable":true,"href":"https:\/\/gpl-love.com\/es\/wp-json\/wp\/v2\/comments?post=143810"}],"wp:featuredmedia":[{"embeddable":true,"href":"https:\/\/gpl-love.com\/es\/wp-json\/wp\/v2\/media\/168946"}],"wp:attachment":[{"href":"https:\/\/gpl-love.com\/es\/wp-json\/wp\/v2\/media?parent=143810"}],"wp:term":[{"taxonomy":"product_brand","embeddable":true,"href":"https:\/\/gpl-love.com\/es\/wp-json\/wp\/v2\/product_brand?post=143810"},{"taxonomy":"product_cat","embeddable":true,"href":"https:\/\/gpl-love.com\/es\/wp-json\/wp\/v2\/product_cat?post=143810"},{"taxonomy":"product_tag","embeddable":true,"href":"https:\/\/gpl-love.com\/es\/wp-json\/wp\/v2\/product_tag?post=143810"}],"curies":[{"name":"wp","href":"https:\/\/api.w.org\/{rel}","templated":true}]}}