{"id":143744,"date":"2026-03-02T00:00:00","date_gmt":"2026-03-02T05:00:00","guid":{"rendered":"https:\/\/gpl-love.com\/es\/producto\/givewp-peer-to-peer\/"},"modified":"2026-03-09T08:40:47","modified_gmt":"2026-03-09T13:40:47","slug":"givewp-peer-to-peer","status":"publish","type":"product","link":"https:\/\/gpl-love.com\/es\/producto\/givewp-peer-to-peer\/","title":{"rendered":"GiveWP Peer to Peer 2.9.0"},"content":{"rendered":"<h3>GiveWP Peer to Peer Caracteristicas<\/h3>\n<p>Presentando el notable par de GiveWP para pares, una plataforma innovadora que permite a las personas y organizaciones a participar en esfuerzos de recaudaci\u00f3n de fondos de pares sin problemas y seguros de pares. Con sus caracter\u00edsticas de vanguardia y su interfaz f\u00e1cil de usar, esta herramienta excepcional revoluciona la forma en que se ejecutan campa\u00f1as de recaudaci\u00f3n de fondos, lo que permite a los usuarios conectarse sin esfuerzo con sus seguidores y reunirlas hacia una misi\u00f3n filantr\u00f3pica compartida.<\/p>\n<p>Aprovechando el poder de la tecnolog\u00eda avanzada, GiveWp Peer to Peer permite a los usuarios crear p\u00e1ginas de recaudaci\u00f3n de fondos personalizadas, a medida que resuenen con su causa \u00fanica y cautiven a los donantes potenciales con narraciones convincentes e im\u00e1genes visualmente impresionantes. A trav\u00e9s de sus sofisticadas opciones de personalizaci\u00f3n, esta plataforma permite a los usuarios elaborar una experiencia inmersiva e inmersiva que obliga a los seguidores a abrir sus corazones y billeteras.<\/p>\n<p>Adem\u00e1s, GiveWp Peer to Peer asegura que todo el proceso permanezca seguro y transparente, salvaguardando la santidad de la campa\u00f1a de recaudaci\u00f3n de fondos. Con sus robustos protocolos de seguridad y medidas de cifrado, esta herramienta garantiza que la informaci\u00f3n confidencial de los donantes est\u00e9 protegida, fomentando un entorno de confianza y confiabilidad.<\/p>\n<p>Adem\u00e1s, GiveWp Peer to Peer cuenta con un conjunto integral de herramientas anal\u00edticas, lo que permite a los usuarios obtener informaci\u00f3n valiosa sobre el rendimiento y la efectividad de sus esfuerzos de recaudaci\u00f3n de fondos. Con datos en tiempo real y informes en profundidad, los usuarios pueden tomar decisiones informadas, optimizar sus estrategias y maximizar su impacto, impulsando as\u00ed su causa hacia un mayor \u00e9xito.<\/p>\n<p>En esencia, GiveWp Peer para igual es la soluci\u00f3n final para aquellos que buscan racionalizar el proceso de recaudaci\u00f3n de fondos, amplificar su alcance y generar contribuciones significativas para sus nobles esfuerzos. Con sus caracter\u00edsticas incomparables, esta plataforma permite a los usuarios trascender los l\u00edmites tradicionales, conectarse directamente con sus seguidores y hacer una diferencia duradera en el mundo.<\/p>\n<ul>\n<li>GiveWp Peer to Peer es un complemento poderoso para sitios web de WordPress que permite la recaudaci\u00f3n de fondos de pares.<\/li>\n<li>Con este complemento, los donantes pueden crear f\u00e1cilmente p\u00e1ginas de recaudaci\u00f3n de fondos personalizadas y compartirlas con su red para impulsar los esfuerzos de recaudaci\u00f3n de fondos de su organizaci\u00f3n.<\/li>\n<li>Personalice la apariencia y los mensajes de su campa\u00f1a para que coincida con su marca y la personalidad \u00fanica del donante.<\/li>\n<li>Las caracter\u00edsticas de informes y an\u00e1lisis le permiten rastrear donaciones y ver c\u00f3mo funcionan los donantes.<\/li>\n<li>Este complemento f\u00e1cil de usar est\u00e1 integrado con procesadores de pago populares como PayPal y Stripe.<\/li>\n<li>GiveWP Peer to Peer es una excelente adici\u00f3n a cualquier organizaci\u00f3n sin fines de lucro o organizaci\u00f3n ben\u00e9fica que busque diversificar sus estrategias de recaudaci\u00f3n de fondos y llegar a un p\u00fablico m\u00e1s amplio.<\/li>\n<\/ul>\n","protected":false},"excerpt":{"rendered":"<p>GiveWP Peer to Peer es un complemento excepcional que ha sido dise\u00f1ado espec\u00edficamente para facilitar la implementaci\u00f3n de campa\u00f1as de recaudaci\u00f3n de fondos entre pares en su estimado sitio web. A trav\u00e9s de la utilizaci\u00f3n de este notable complemento, sus partidarios dedicados tendr\u00e1n la notable capacidad de crear sin esfuerzo sus propias p\u00e1ginas de recaudaci\u00f3n de fondos personalizadas, lo que finalmente les permite invitar cordialmente a sus amigos m\u00e1s cercanos y familiares queridos a hacer donaciones directas y significativas a su causa. Esta funcionalidad impecable fomenta indudablemente un enfoque significativamente m\u00e1s personalizado y estimulante para el \u00e1mbito de la recaudaci\u00f3n de fondos, en consecuencia que culmin\u00f3 en cantidades de donaci\u00f3n notablemente m\u00e1s altas y un nivel de apoyo inquebrantable por su noble causa. Adem\u00e1s, vale la pena mencionar que el proceso de instalaci\u00f3n y configuraci\u00f3n para este complemento es asombrosamente sencillo y sin complicaciones, asegurando que se integre perfectamente con su plataforma de donaci\u00f3n GiveWP preexistente. No pierda m\u00e1s tiempo y comience a empoderar a sus estimados partidarios para que se transforme ardientemente en recaudadores de fondos dedicados adoptando las capacidades incomparables de GiveWp Peer para mirar hoy.<\/p>\n","protected":false},"featured_media":168945,"comment_status":"open","ping_status":"open","template":"","meta":[],"product_brand":[2465],"product_cat":[1214,1206,1211],"product_tag":[2232],"class_list":{"0":"post-143744","1":"product","2":"type-product","3":"status-publish","4":"has-post-thumbnail","6":"product_brand-givewp","7":"product_cat-personalizacion","8":"product_cat-plugins","9":"product_cat-wordpress-plugins","10":"product_tag-givewp","11":"member-discount","12":"discount-restricted","14":"first","15":"instock","16":"sale","17":"downloadable","18":"virtual","19":"sold-individually","20":"purchasable","21":"product-type-simple"},"_links":{"self":[{"href":"https:\/\/gpl-love.com\/es\/wp-json\/wp\/v2\/product\/143744","targetHints":{"allow":["GET"]}}],"collection":[{"href":"https:\/\/gpl-love.com\/es\/wp-json\/wp\/v2\/product"}],"about":[{"href":"https:\/\/gpl-love.com\/es\/wp-json\/wp\/v2\/types\/product"}],"replies":[{"embeddable":true,"href":"https:\/\/gpl-love.com\/es\/wp-json\/wp\/v2\/comments?post=143744"}],"wp:featuredmedia":[{"embeddable":true,"href":"https:\/\/gpl-love.com\/es\/wp-json\/wp\/v2\/media\/168945"}],"wp:attachment":[{"href":"https:\/\/gpl-love.com\/es\/wp-json\/wp\/v2\/media?parent=143744"}],"wp:term":[{"taxonomy":"product_brand","embeddable":true,"href":"https:\/\/gpl-love.com\/es\/wp-json\/wp\/v2\/product_brand?post=143744"},{"taxonomy":"product_cat","embeddable":true,"href":"https:\/\/gpl-love.com\/es\/wp-json\/wp\/v2\/product_cat?post=143744"},{"taxonomy":"product_tag","embeddable":true,"href":"https:\/\/gpl-love.com\/es\/wp-json\/wp\/v2\/product_tag?post=143744"}],"curies":[{"name":"wp","href":"https:\/\/api.w.org\/{rel}","templated":true}]}}