{"id":143740,"date":"2025-10-16T00:00:00","date_gmt":"2025-10-16T05:00:00","guid":{"rendered":"https:\/\/gpl-love.com\/es\/producto\/newsletter-gravity-forms\/"},"modified":"2026-03-09T08:40:45","modified_gmt":"2026-03-09T13:40:45","slug":"newsletter-gravity-forms","status":"publish","type":"product","link":"https:\/\/gpl-love.com\/es\/producto\/newsletter-gravity-forms\/","title":{"rendered":"Newsletter Gravity Forms 1.2.2"},"content":{"rendered":"<h3>Newsletter Gravity Forms Caracteristicas<\/h3>\n<p>Presentando nuestra \u00faltima innovaci\u00f3n en el \u00e1mbito de la comunicaci\u00f3n digital, los formularios de gravedad del bolet\u00edn. Esta herramienta de vanguardia revoluciona la forma en que recopila y administra suscripciones de boletines, ofreciendo una experiencia perfecta y f\u00e1cil de usar que elevar\u00e1 sus esfuerzos de marketing a nuevas alturas. Hecho a mano con precisi\u00f3n e imbuida de caracter\u00edsticas potentes, esta notable soluci\u00f3n le permite crear formas cautivadoras de opci\u00f3n cautivadora, integrarlos sin problemas en su sitio web y recopilar informaci\u00f3n valiosa sin esfuerzo de los suscriptores interesados. Con una interfaz intuitiva y personalizable, los formularios de gravedad del bolet\u00edn le permiten adaptar sus formularios para que coincida con la est\u00e9tica \u00fanica de su marca, asegurando un aspecto cohesivo y profesional que resuene con su p\u00fablico objetivo. Atr\u00e1s quedaron los d\u00edas de entrada de datos manuales y gesti\u00f3n tediosa de la hoja de c\u00e1lculo, ya que esta ingeniosa herramienta captura y organiza los detalles de suscriptores, simplificando su flujo de trabajo y le ahorra un valioso tiempo y esfuerzo. Adem\u00e1s, nuestro an\u00e1lisis avanzado le proporciona informaci\u00f3n valiosa sobre las preferencias y el comportamiento de sus suscriptores, lo que le permite refinar y optimizar el contenido de su bolet\u00edn para el m\u00e1ximo impacto. No permita que su bolet\u00edn pase desapercibido en el vasto panorama digital; Aproveche el poder transformador de los formularios de gravedad del bolet\u00edn y lleve su estrategia de marketing por correo electr\u00f3nico a alturas de \u00e9xito sin precedentes.<\/p>\n<ul>\n<li>Haga crecer sin esfuerzo su lista de correo con los formularios de gravedad del bolet\u00edn<\/li>\n<li>Cree formularios personalizados que se mezclen sin problemas con su sitio web<\/li>\n<li>El dise\u00f1o visualmente atractivo y f\u00e1cil de usar alienta los registros<\/li>\n<li>Captura la informaci\u00f3n de contacto del visitante y se suma autom\u00e1ticamente a su lista de correo<\/li>\n<li>Mantente conectado con tu audiencia con facilidad<\/li>\n<li>Adecuado para peque\u00f1as empresas y grandes corporaciones por igual<\/li>\n<li>Herramienta esencial para el \u00e9xito de marketing por correo electr\u00f3nico<\/li>\n<li>\u00a1Pru\u00e9belo hoy y vea los resultados en poco tiempo!<\/li>\n<\/ul>\n","protected":false},"excerpt":{"rendered":"<p>El complemento de formularios de gravedad del bolet\u00edn, reconocido por su funcionalidad robusta, sirve como una soluci\u00f3n excepcional destinada a incorporar r\u00e1pida y sin esfuerzo los formularios de suscripci\u00f3n al bolet\u00edn en su sitio web. Con una interfaz notablemente f\u00e1cil de usar que facilite la personalizaci\u00f3n de formulario sin esfuerzo, este complemento se integra perfectamente con su plataforma de marketing por correo electr\u00f3nico. Se despiden de la naturaleza ardua de la entrada de datos manuales y los laboriosos procedimientos de integraci\u00f3n a medida que racionaliza el proceso de registro de su bolet\u00edn, reforzando en \u00faltima instancia el compromiso y maximizando la retenci\u00f3n de suscriptores. Abrace las capacidades transformadoras del complemento de formularios de gravedad del bolet\u00edn hoy, revolucionando la manera en que re\u00fane y supervisa sus listas de suscriptores de correo electr\u00f3nico.<\/p>\n","protected":false},"featured_media":168943,"comment_status":"open","ping_status":"open","template":"","meta":[],"product_brand":[2506],"product_cat":[1216,1206,1211],"product_tag":[2211],"class_list":{"0":"post-143740","1":"product","2":"type-product","3":"status-publish","4":"has-post-thumbnail","6":"product_brand-newsletter","7":"product_cat-formas","8":"product_cat-plugins","9":"product_cat-wordpress-plugins","10":"product_tag-newsletter","11":"member-discount","12":"discount-restricted","14":"first","15":"instock","16":"sale","17":"downloadable","18":"virtual","19":"sold-individually","20":"purchasable","21":"product-type-simple"},"_links":{"self":[{"href":"https:\/\/gpl-love.com\/es\/wp-json\/wp\/v2\/product\/143740","targetHints":{"allow":["GET"]}}],"collection":[{"href":"https:\/\/gpl-love.com\/es\/wp-json\/wp\/v2\/product"}],"about":[{"href":"https:\/\/gpl-love.com\/es\/wp-json\/wp\/v2\/types\/product"}],"replies":[{"embeddable":true,"href":"https:\/\/gpl-love.com\/es\/wp-json\/wp\/v2\/comments?post=143740"}],"wp:featuredmedia":[{"embeddable":true,"href":"https:\/\/gpl-love.com\/es\/wp-json\/wp\/v2\/media\/168943"}],"wp:attachment":[{"href":"https:\/\/gpl-love.com\/es\/wp-json\/wp\/v2\/media?parent=143740"}],"wp:term":[{"taxonomy":"product_brand","embeddable":true,"href":"https:\/\/gpl-love.com\/es\/wp-json\/wp\/v2\/product_brand?post=143740"},{"taxonomy":"product_cat","embeddable":true,"href":"https:\/\/gpl-love.com\/es\/wp-json\/wp\/v2\/product_cat?post=143740"},{"taxonomy":"product_tag","embeddable":true,"href":"https:\/\/gpl-love.com\/es\/wp-json\/wp\/v2\/product_tag?post=143740"}],"curies":[{"name":"wp","href":"https:\/\/api.w.org\/{rel}","templated":true}]}}