{"id":143621,"date":"2026-03-27T00:00:00","date_gmt":"2026-03-27T05:00:00","guid":{"rendered":"https:\/\/gpl-love.com\/es\/producto\/woocommerce-purchase-order-gateway-1-4-2\/"},"modified":"2026-03-27T11:16:41","modified_gmt":"2026-03-27T16:16:41","slug":"woocommerce-purchase-order-gateway-1-4-2","status":"publish","type":"product","link":"https:\/\/gpl-love.com\/es\/producto\/woocommerce-purchase-order-gateway-1-4-2\/","title":{"rendered":"WooCommerce Purchase Order Gateway 1.5.9"},"content":{"rendered":"<h3>WooCommerce Purchase Order Gateway Caracteristicas<\/h3>\n<p>La puerta de enlace de la orden de compra de WooCommerce es una herramienta indispensable que demuestra ser muy beneficiosa para las empresas que buscan racionalizar y simplificar su proceso de compra. Al aprovechar la potencia de este complemento robusto, ahora tiene la capacidad de aceptar a la perfecci\u00f3n las \u00f3rdenes de compra directamente en su tienda a motor de WooCommerce, proporcionando as\u00ed a sus clientes estimados una experiencia de compra que es impecable.<\/p>\n<p>El complemento de puerta de enlace de orden de compra cuenta con una integraci\u00f3n perfecta con WooCommerce, lo que hace que el proceso de configuraci\u00f3n y utilizarlo sea una brisa absoluta. Tras la instalaci\u00f3n, sus valiosos clientes pueden optar sin esfuerzo por realizar pagos a trav\u00e9s de \u00f3rdenes de compra durante el proceso de pago, ingresando posteriormente los detalles de su cuenta para una transacci\u00f3n sin problemas. Adem\u00e1s, como propietario, conserva la autoridad para dar a la orden de compra su sello de aprobaci\u00f3n o rechazarlo, y el cliente recibe notificaciones de su decisi\u00f3n a trav\u00e9s de un correo electr\u00f3nico bien elaborado.<\/p>\n<p>Independientemente de si usted es una empresa B2B considerable o un negocio a peque\u00f1a escala que busca ampliar sus horizontes en t\u00e9rminos de opciones de pago, la puerta de enlace de la orden de compra de WooCommerce se erige como la herramienta por excelencia que necesita. Este complemento notable simplifica con \u00e9xito la ardua tarea de administrar las \u00f3rdenes de compra al tiempo que mejora la experiencia general del cliente, fomentando as\u00ed la lealtad inquebrantable del cliente e impulsar las cifras de ventas a alturas sin precedentes. D\u00e9 a su negocio estimado la ventaja competitiva tan necesaria que anhela adoptando este complemento excepcional sin m\u00e1s pre\u00e1mbulos.<\/p>\n<ul>\n<li>Integra sin problemas la opci\u00f3n de pago de la orden de compra en su tienda WooCommerce<\/li>\n<li>Permite a los clientes realizar pedidos utilizando pedidos de compra en lugar de tarjetas de cr\u00e9dito u otros m\u00e9todos de pago<\/li>\n<li>Simplifica el proceso de gesti\u00f3n de \u00f3rdenes de compra y seguimiento de pagos<\/li>\n<li>Genera autom\u00e1ticamente factura y recibo tanto para clientes como para proveedores<\/li>\n<li>Proporciona actualizaciones de estado de la orden de compra en tiempo real tanto para clientes como para proveedores<\/li>\n<li>Garantiza transacciones seguras y confiables tanto para clientes como para proveedores.<\/li>\n<li>Configuraciones flexibles y personalizables para satisfacer sus necesidades y requisitos comerciales espec\u00edficos<\/li>\n<li>Compatible con varias herramientas y sistemas de gesti\u00f3n de pedidos de compra<\/li>\n<li>Ahorra tiempo, esfuerzo y recursos de gestionar manualmente las \u00f3rdenes y pagos de compra.<\/li>\n<\/ul>\n","protected":false},"excerpt":{"rendered":"<p>La puerta de enlace de la orden de compra de WooCommerce sirve como una herramienta incre\u00edblemente influyente que tiene como objetivo mejorar y acelerar el proceso de compra para su tienda en l\u00ednea. Al implementar esta puerta de enlace, los clientes tienen la conveniencia de resolver sus compras a trav\u00e9s de \u00f3rdenes de compra, lo que hace innecesario la utilizaci\u00f3n de tarjetas de cr\u00e9dito o m\u00e9todos de pago alternativos. A trav\u00e9s de la facilitaci\u00f3n de un procedimiento de pago simplificado, las conversiones y las ventas se refuerzan, aumentando simult\u00e1neamente los niveles de satisfacci\u00f3n del cliente. La puerta de enlace de la orden de compra se ha dise\u00f1ado meticulosamente para integrarse sin problemas con WooCommerce, asegurando as\u00ed la configuraci\u00f3n y la operaci\u00f3n sin esfuerzo, lo que lo convierte en la soluci\u00f3n por excelencia para cualquier empresa de comercio electr\u00f3nico. \u00bfPor qu\u00e9 prolongar la espera? Inicie la aceptaci\u00f3n de las \u00f3rdenes de compra hoy con la puerta de enlace de la orden de compra de WooCommerce.<\/p>\n","protected":false},"featured_media":168939,"comment_status":"open","ping_status":"open","template":"","meta":[],"product_brand":[2344],"product_cat":[1208,1207,1206],"product_tag":[1423],"class_list":{"0":"post-143621","1":"product","2":"type-product","3":"status-publish","4":"has-post-thumbnail","6":"product_brand-woocommerce","7":"product_cat-administracion","8":"product_cat-comercio-electronico-plugins","9":"product_cat-plugins","10":"product_tag-woocommerce","11":"member-discount","12":"discount-restricted","14":"first","15":"instock","16":"sale","17":"downloadable","18":"virtual","19":"sold-individually","20":"purchasable","21":"product-type-simple"},"_links":{"self":[{"href":"https:\/\/gpl-love.com\/es\/wp-json\/wp\/v2\/product\/143621","targetHints":{"allow":["GET"]}}],"collection":[{"href":"https:\/\/gpl-love.com\/es\/wp-json\/wp\/v2\/product"}],"about":[{"href":"https:\/\/gpl-love.com\/es\/wp-json\/wp\/v2\/types\/product"}],"replies":[{"embeddable":true,"href":"https:\/\/gpl-love.com\/es\/wp-json\/wp\/v2\/comments?post=143621"}],"wp:featuredmedia":[{"embeddable":true,"href":"https:\/\/gpl-love.com\/es\/wp-json\/wp\/v2\/media\/168939"}],"wp:attachment":[{"href":"https:\/\/gpl-love.com\/es\/wp-json\/wp\/v2\/media?parent=143621"}],"wp:term":[{"taxonomy":"product_brand","embeddable":true,"href":"https:\/\/gpl-love.com\/es\/wp-json\/wp\/v2\/product_brand?post=143621"},{"taxonomy":"product_cat","embeddable":true,"href":"https:\/\/gpl-love.com\/es\/wp-json\/wp\/v2\/product_cat?post=143621"},{"taxonomy":"product_tag","embeddable":true,"href":"https:\/\/gpl-love.com\/es\/wp-json\/wp\/v2\/product_tag?post=143621"}],"curies":[{"name":"wp","href":"https:\/\/api.w.org\/{rel}","templated":true}]}}