{"id":143606,"date":"2026-03-08T00:00:00","date_gmt":"2026-03-08T05:00:00","guid":{"rendered":"https:\/\/gpl-love.com\/es\/producto\/newsletter-automated-newsletters\/"},"modified":"2026-03-09T08:40:39","modified_gmt":"2026-03-09T13:40:39","slug":"newsletter-automated-newsletters","status":"publish","type":"product","link":"https:\/\/gpl-love.com\/es\/producto\/newsletter-automated-newsletters\/","title":{"rendered":"Newsletter Automated Newsletters 4.9.2"},"content":{"rendered":"<h3>Newsletter Automated Newsletters Caracteristicas<\/h3>\n<p>Si est\u00e1 en busca de un m\u00e9todo que est\u00e9 libre de dificultades para crear y enviar boletines a sus suscriptores, su b\u00fasqueda termina aqu\u00ed con la entrada: boletines automatizados del bolet\u00edn. Nuestra plataforma tiene como objetivo simplificar el proceso de creaci\u00f3n de boletines mediante la automatizaci\u00f3n de varios aspectos, como la curaci\u00f3n de contenido, la programaci\u00f3n y la entrega. Proporciona una interfaz f\u00e1cil de usar y plantillas personalizables, lo que hace que sea incre\u00edblemente f\u00e1cil crear un bolet\u00edn con una apariencia profesional. Adem\u00e1s, nuestras herramientas de an\u00e1lisis le permiten realizar un seguimiento de las aperturas, los clics y el compromiso, lo que le permite tomar decisiones informadas basadas en datos para mejorar los futuros boletines. Independientemente de si usted es propietario de una peque\u00f1a empresa, vendedor o blogger, Input: los boletines automatizados del bolet\u00edn ofrecen la soluci\u00f3n ideal para todos los requisitos de su bolet\u00edn.<\/p>\n<ul>\n<li>Boletines automatizados profesionales entregados directamente a las bandejas de entrada de sus suscriptores<\/li>\n<li>Plantillas de dise\u00f1o personalizables para adaptarse a su marca y mensaje<\/li>\n<li>Integraci\u00f3n con plataformas populares de marketing por correo electr\u00f3nico para una f\u00e1cil distribuci\u00f3n<\/li>\n<li>Opciones de personalizaci\u00f3n para que cada bolet\u00edn se sienta individualizado para cada destinatario<\/li>\n<li>Env\u00eda programados para asegurarse de que sus boletines lleguen constantemente a su audiencia en el momento adecuado<\/li>\n<\/ul>\n","protected":false},"excerpt":{"rendered":"<p>Para mantener una fuerte conexi\u00f3n con sus suscriptores y proporcionarles sin esfuerzo contenido pertinente, ofrecemos la utilizaci\u00f3n de nuestros boletines automatizados. Gracias a nuestras plantillas personalizables y programaci\u00f3n automatizada, no solo podr\u00e1 administrar eficientemente su tiempo, sino que tambi\u00e9n podr\u00e1 cautivar de manera efectiva a su audiencia. Todo lo que necesita hacer es ingresar su contenido, y nuestro sistema avanzado se encargar\u00e1 del resto. Comience a mejorar sus esfuerzos de marketing por correo electr\u00f3nico y presencie el impacto positivo de nuestros boletines automatizados hoy.<\/p>\n","protected":false},"featured_media":168938,"comment_status":"open","ping_status":"open","template":"","meta":[],"product_brand":[2506],"product_cat":[1216,1206,1211],"product_tag":[2211],"class_list":{"0":"post-143606","1":"product","2":"type-product","3":"status-publish","4":"has-post-thumbnail","6":"product_brand-newsletter","7":"product_cat-formas","8":"product_cat-plugins","9":"product_cat-wordpress-plugins","10":"product_tag-newsletter","11":"member-discount","12":"discount-restricted","14":"first","15":"instock","16":"sale","17":"downloadable","18":"virtual","19":"sold-individually","20":"purchasable","21":"product-type-simple"},"_links":{"self":[{"href":"https:\/\/gpl-love.com\/es\/wp-json\/wp\/v2\/product\/143606","targetHints":{"allow":["GET"]}}],"collection":[{"href":"https:\/\/gpl-love.com\/es\/wp-json\/wp\/v2\/product"}],"about":[{"href":"https:\/\/gpl-love.com\/es\/wp-json\/wp\/v2\/types\/product"}],"replies":[{"embeddable":true,"href":"https:\/\/gpl-love.com\/es\/wp-json\/wp\/v2\/comments?post=143606"}],"wp:featuredmedia":[{"embeddable":true,"href":"https:\/\/gpl-love.com\/es\/wp-json\/wp\/v2\/media\/168938"}],"wp:attachment":[{"href":"https:\/\/gpl-love.com\/es\/wp-json\/wp\/v2\/media?parent=143606"}],"wp:term":[{"taxonomy":"product_brand","embeddable":true,"href":"https:\/\/gpl-love.com\/es\/wp-json\/wp\/v2\/product_brand?post=143606"},{"taxonomy":"product_cat","embeddable":true,"href":"https:\/\/gpl-love.com\/es\/wp-json\/wp\/v2\/product_cat?post=143606"},{"taxonomy":"product_tag","embeddable":true,"href":"https:\/\/gpl-love.com\/es\/wp-json\/wp\/v2\/product_tag?post=143606"}],"curies":[{"name":"wp","href":"https:\/\/api.w.org\/{rel}","templated":true}]}}