{"id":143558,"date":"2023-10-04T00:00:00","date_gmt":"2023-10-04T05:00:00","guid":{"rendered":"https:\/\/gpl-love.com\/es\/producto\/geodirectory-get-paid-advertising\/"},"modified":"2026-03-09T08:40:37","modified_gmt":"2026-03-09T13:40:37","slug":"geodirectory-get-paid-advertising","status":"publish","type":"product","link":"https:\/\/gpl-love.com\/es\/producto\/geodirectory-get-paid-advertising\/","title":{"rendered":"GeoDirectory Get Paid Advertising 1.1.1"},"content":{"rendered":"<h3>GeoDirectory Get Paid Advertising Caracteristicas<\/h3>\n<p>La publicidad geodirectoria de pago es una herramienta de marketing incre\u00edblemente poderosa que brinda a las empresas la oportunidad de promocionar y mostrar de manera efectiva sus productos y servicios a trav\u00e9s de una amplia gama de diversos canales de publicidad. Esta soluci\u00f3n excepcional funciona bajo un modelo de costo por clic (CPC) altamente eficiente, asegurando as\u00ed que las empresas solo deben incurrir en costos cuando los usuarios hacen clic activamente en sus anuncios.<\/p>\n<p>Uno de los aspectos m\u00e1s impresionantes de la publicidad geodirectoria pagada es su extensa red de sitios asociados, lo que permite a las empresas alcanzar efectivamente e interactuar con una audiencia significativamente grande y diversa de clientes potenciales. Al aprovechar esta extensa red, las empresas pueden mejorar significativamente la visibilidad de su marca y establecer una fuerte presencia dentro de su mercado objetivo.<\/p>\n<p>Adem\u00e1s de sus capacidades publicitarias integrales, la publicidad geodirectoria recibida tambi\u00e9n ofrece un conjunto de herramientas de an\u00e1lisis excepcionalmente robustas. Estas herramientas proporcionan a las empresas ideas y datos valiosos sobre el rendimiento y la efectividad de sus anuncios. Armadas con esta invaluable informaci\u00f3n, las empresas pueden hacer ajustes en tiempo real y optimizar sus campa\u00f1as publicitarias para garantizar el m\u00e1ximo impacto y \u00e9xito.<\/p>\n<p>Adem\u00e1s, la publicidad geodirectoria recibe la publicidad permite a las empresas apuntar con precisi\u00f3n y espec\u00edficamente a su audiencia deseada en funci\u00f3n de factores clave como la ubicaci\u00f3n, el comportamiento y la demograf\u00eda. Este alto nivel de orientaci\u00f3n asegura que las empresas puedan maximizar la efectividad de sus inversiones publicitarias y, en \u00faltima instancia, generar tasas de conversi\u00f3n m\u00e1s altas.<\/p>\n<p>Independientemente de si es una peque\u00f1a empresa que busca aumentar el tr\u00e1fico peatonal dentro de su \u00e1rea local o una gran empresa que busca expandir su base de clientes en una escala m\u00e1s amplia, la publicidad geodirectoria recibe una soluci\u00f3n altamente completa y extraordinariamente efectiva para todas sus necesidades publicitarias en l\u00ednea .<\/p>\n<ul>\n<li>Aumentar el tr\u00e1fico y los ingresos del sitio web a trav\u00e9s de la publicidad dirigida<\/li>\n<li>Aumentar la visibilidad de los listados de negocios en geodirectorio<\/li>\n<li>Anuncie en p\u00e1ginas y categor\u00edas relevantes para el m\u00e1ximo impacto<\/li>\n<li>Llegar a una audiencia altamente comprometida interesada en empresas y servicios locales<\/li>\n<li>Opciones de presupuesto flexibles para adaptarse a los objetivos de la campa\u00f1a publicitaria<\/li>\n<li>An\u00e1lisis detallado e informes para rastrear el rendimiento de los anuncios y optimizar los resultados<\/li>\n<\/ul>\n","protected":false},"excerpt":{"rendered":"<p>La publicidad geodirectoria de pago es una herramienta incre\u00edblemente robusta y efectiva que las empresas pueden aprovechar para mejorar significativamente su visibilidad en l\u00ednea y atraer una base de clientes m\u00e1s grande. Al utilizar este producto excepcional, las empresas pueden promover y anunciar de manera efectiva su amplia gama de servicios y productos en la plataforma geodirectoria inmensamente popular, lo que les permite involucrar y cautivar a un vasto grupo demogr\u00e1fico de clientes potenciales. Esta herramienta fenomenal tambi\u00e9n ofrece a las empresas acceso a mecanismos de orientaci\u00f3n de vanguardia y altamente sofisticados, lo que les permite garantizar que sus anuncios sean vistos exclusivamente por su audiencia m\u00e1s ideal y relevante. En consecuencia, este nivel incomparable de precisi\u00f3n y precisi\u00f3n aumenta dr\u00e1sticamente la probabilidad de que las empresas conviertan con \u00e9xito meros clics en ventas reales. Adem\u00e1s, este producto incomparable tambi\u00e9n ofrece a las empresas una variedad de caracter\u00edsticas anal\u00edticas y de informes f\u00e1ciles de usar, otorg\u00e1ndoles la capacidad de monitorear de manera diligente y asiduamente el rendimiento y el progreso de sus campa\u00f1as publicitarias, lo que posteriormente les impide modificar de manera flexible y adaptativa seg\u00fan sea necesario. Para optimizar sus resultados. Ya sea que su negocio sea una empresa a peque\u00f1a escala intenci\u00f3n de expandirse o una corporaci\u00f3n colosal ansiosa por extender su alcance, la publicidad pagada geodirectorio constituye la soluci\u00f3n por excelencia.<\/p>\n","protected":false},"featured_media":168937,"comment_status":"open","ping_status":"open","template":"","meta":[],"product_brand":[2464],"product_cat":[1214,1206,1211],"product_tag":[1791],"class_list":{"0":"post-143558","1":"product","2":"type-product","3":"status-publish","4":"has-post-thumbnail","6":"product_brand-ayecode","7":"product_cat-personalizacion","8":"product_cat-plugins","9":"product_cat-wordpress-plugins","10":"product_tag-ayecode","11":"member-discount","12":"discount-restricted","14":"first","15":"instock","16":"sale","17":"downloadable","18":"virtual","19":"sold-individually","20":"purchasable","21":"product-type-simple"},"_links":{"self":[{"href":"https:\/\/gpl-love.com\/es\/wp-json\/wp\/v2\/product\/143558","targetHints":{"allow":["GET"]}}],"collection":[{"href":"https:\/\/gpl-love.com\/es\/wp-json\/wp\/v2\/product"}],"about":[{"href":"https:\/\/gpl-love.com\/es\/wp-json\/wp\/v2\/types\/product"}],"replies":[{"embeddable":true,"href":"https:\/\/gpl-love.com\/es\/wp-json\/wp\/v2\/comments?post=143558"}],"wp:featuredmedia":[{"embeddable":true,"href":"https:\/\/gpl-love.com\/es\/wp-json\/wp\/v2\/media\/168937"}],"wp:attachment":[{"href":"https:\/\/gpl-love.com\/es\/wp-json\/wp\/v2\/media?parent=143558"}],"wp:term":[{"taxonomy":"product_brand","embeddable":true,"href":"https:\/\/gpl-love.com\/es\/wp-json\/wp\/v2\/product_brand?post=143558"},{"taxonomy":"product_cat","embeddable":true,"href":"https:\/\/gpl-love.com\/es\/wp-json\/wp\/v2\/product_cat?post=143558"},{"taxonomy":"product_tag","embeddable":true,"href":"https:\/\/gpl-love.com\/es\/wp-json\/wp\/v2\/product_tag?post=143558"}],"curies":[{"name":"wp","href":"https:\/\/api.w.org\/{rel}","templated":true}]}}