{"id":143556,"date":"2025-09-12T00:00:00","date_gmt":"2025-09-12T05:00:00","guid":{"rendered":"https:\/\/gpl-love.com\/es\/producto\/mainwp-lighthouse\/"},"modified":"2026-03-09T08:40:36","modified_gmt":"2026-03-09T13:40:36","slug":"mainwp-lighthouse","status":"publish","type":"product","link":"https:\/\/gpl-love.com\/es\/producto\/mainwp-lighthouse\/","title":{"rendered":"MainWP Lighthouse 5.1.2"},"content":{"rendered":"<h3>MainWP Lighthouse Caracteristicas<\/h3>\n<p>El complemento MainWP Lighthouse, con sus caracter\u00edsticas robustas y confiables, sirve como una herramienta eficiente para administrar y monitorear los sitios web de WordPress. Ofrece a los propietarios de sitios web una vista integral y en tiempo real del rendimiento, seguridad y par\u00e1metros de SEO de su sitio web.<\/p>\n<p>Al utilizar el complemento MainWP Lighthouse, los usuarios pueden realizar un seguimiento sin esfuerzo de varias m\u00e9tricas, como el rendimiento del sitio web, la capacidad de respuesta, la salud de la p\u00e1gina, el SEO y otros indicadores importantes. Adem\u00e1s, este complemento proporciona a los usuarios informes detallados sobre la seguridad del sitio web, incluidos los posibles intentos de malware y pirater\u00eda, lo que permite tomar medidas inmediatas para salvaguardar el sitio web.<\/p>\n<p>El complemento MainWP Lighthouse est\u00e1 dise\u00f1ado con la usabilidad en mente, asegurando que los usuarios puedan instalarlo y configurarlo f\u00e1cilmente en cuesti\u00f3n de minutos. Adem\u00e1s, es altamente compatible con una amplia gama de temas y complementos de WordPress, y se actualiza constantemente para garantizar una funcionalidad perfecta con la \u00faltima versi\u00f3n de WordPress.<\/p>\n<p>En conclusi\u00f3n, el complemento MainWP Lighthouse es un activo esencial para los propietarios de sitios web que buscan optimizar las tareas de administraci\u00f3n y monitoreo de sus sitios web. Al utilizar esta herramienta, pueden dedicar su atenci\u00f3n al crecimiento del negocio sin distracciones innecesarias.<\/p>\n<ul>\n<li>Monitorea y mejora el rendimiento y la accesibilidad del sitio web<\/li>\n<li>Proporciona informes y recomendaciones detalladas para la optimizaci\u00f3n del sitio web<\/li>\n<li>F\u00e1cil integraci\u00f3n con el panel de Mainwp para la gesti\u00f3n de sitios web simplificada<\/li>\n<li>Escaneos automatizados para eficiencia y conveniencia de ahorro de tiempo<\/li>\n<li>Actualiza y se adapta continuamente a los cambios en los est\u00e1ndares y las mejores pr\u00e1cticas del sitio web<\/li>\n<li>Ayuda a garantizar el cumplimiento del sitio web con las pautas de accesibilidad de ADA y WCAG<\/li>\n<li>Ayuda a aumentar la velocidad del sitio web y la experiencia del usuario para mejorar la satisfacci\u00f3n del SEO y el cliente.<\/li>\n<\/ul>\n","protected":false},"excerpt":{"rendered":"<p>Mainwp Lighthouse, una herramienta de software incre\u00edblemente robusta, posee capacidades incomparables en la optimizaci\u00f3n y mantenimiento del sitio web, lo que permite a los usuarios mantener constantemente el rendimiento m\u00e1ximo de sus sitios web. A trav\u00e9s de los escaneos regulares del sitio web, este software discierna diligentemente cualquier problema potencial y, posteriormente, proporciona un informe exhaustivo, describiendo las correcciones necesarias y prescribiendo pasos procesables para optimizar su sitio web. En may\u00fascula en MainWP Lighthouse, puede dirigir su atenci\u00f3n a las facetas m\u00e1s fundamentales de la optimizaci\u00f3n del sitio web, como aumentar la velocidad y fortalecer la seguridad, amplificar en \u00faltima instancia la experiencia del usuario y reforzar las tasas de conversi\u00f3n. En general, MainWP Lighthouse representa una soluci\u00f3n excepcional para los propietarios de sitios web que buscan optimizar el mantenimiento del sitio web y elevar la experiencia general del usuario.<\/p>\n","protected":false},"featured_media":168936,"comment_status":"open","ping_status":"open","template":"","meta":[],"product_brand":[2491],"product_cat":[1212,1206,1211],"product_tag":[1324],"class_list":{"0":"post-143556","1":"product","2":"type-product","3":"status-publish","4":"has-post-thumbnail","6":"product_brand-main-wp","7":"product_cat-administracion-wordpress-plugins","8":"product_cat-plugins","9":"product_cat-wordpress-plugins","10":"product_tag-main-wp","11":"member-discount","12":"discount-restricted","14":"first","15":"instock","16":"sale","17":"downloadable","18":"virtual","19":"sold-individually","20":"purchasable","21":"product-type-simple"},"_links":{"self":[{"href":"https:\/\/gpl-love.com\/es\/wp-json\/wp\/v2\/product\/143556","targetHints":{"allow":["GET"]}}],"collection":[{"href":"https:\/\/gpl-love.com\/es\/wp-json\/wp\/v2\/product"}],"about":[{"href":"https:\/\/gpl-love.com\/es\/wp-json\/wp\/v2\/types\/product"}],"replies":[{"embeddable":true,"href":"https:\/\/gpl-love.com\/es\/wp-json\/wp\/v2\/comments?post=143556"}],"wp:featuredmedia":[{"embeddable":true,"href":"https:\/\/gpl-love.com\/es\/wp-json\/wp\/v2\/media\/168936"}],"wp:attachment":[{"href":"https:\/\/gpl-love.com\/es\/wp-json\/wp\/v2\/media?parent=143556"}],"wp:term":[{"taxonomy":"product_brand","embeddable":true,"href":"https:\/\/gpl-love.com\/es\/wp-json\/wp\/v2\/product_brand?post=143556"},{"taxonomy":"product_cat","embeddable":true,"href":"https:\/\/gpl-love.com\/es\/wp-json\/wp\/v2\/product_cat?post=143556"},{"taxonomy":"product_tag","embeddable":true,"href":"https:\/\/gpl-love.com\/es\/wp-json\/wp\/v2\/product_tag?post=143556"}],"curies":[{"name":"wp","href":"https:\/\/api.w.org\/{rel}","templated":true}]}}